{"id":12963,"date":"2024-05-14T10:54:36","date_gmt":"2024-05-14T08:54:36","guid":{"rendered":"https:\/\/grupposerafin.it\/die-gruppe\/"},"modified":"2025-11-03T15:46:16","modified_gmt":"2025-11-03T14:46:16","slug":"die-gruppe","status":"publish","type":"page","link":"https:\/\/grupposerafin.it\/de\/die-gruppe\/","title":{"rendered":"Die Gruppe"},"content":{"rendered":"\t\t<div data-elementor-type=\"wp-page\" data-elementor-id=\"12963\" class=\"elementor elementor-12963 elementor-8772\" data-elementor-post-type=\"page\">\n\t\t\t\t<div class=\"elementor-element elementor-element-35944b4 e-con-full e-flex e-con e-parent\" data-id=\"35944b4\" data-element_type=\"container\" data-e-type=\"container\" data-settings=\"{&quot;background_background&quot;:&quot;classic&quot;}\">\n\t\t<div class=\"elementor-element elementor-element-45887e3 e-flex e-con-boxed e-con e-child\" data-id=\"45887e3\" data-element_type=\"container\" data-e-type=\"container\">\n\t\t\t\t\t<div class=\"e-con-inner\">\n\t\t\t\t<div class=\"elementor-element elementor-element-6b52163 elementor-widget__width-initial elementor-widget elementor-widget-heading\" data-id=\"6b52163\" data-element_type=\"widget\" data-e-type=\"widget\" data-widget_type=\"heading.default\">\n\t\t\t\t\t<div class=\"elementor-heading-title elementor-size-default\">Seit 1981 sch\u00fctzen wir Ihre Produkte<\/div>\t\t\t\t<\/div>\n\t\t\t\t\t<\/div>\n\t\t\t\t<\/div>\n\t\t\t\t<\/div>\n\t\t<div class=\"elementor-element elementor-element-fc0ede7 e-flex e-con-boxed e-con e-child\" data-id=\"fc0ede7\" data-element_type=\"container\" data-e-type=\"container\" data-settings=\"{&quot;background_background&quot;:&quot;classic&quot;}\">\n\t\t\t\t\t<div class=\"e-con-inner\">\n\t\t<div class=\"elementor-element elementor-element-51ee79a e-con-full e-flex e-con e-child\" data-id=\"51ee79a\" data-element_type=\"container\" data-e-type=\"container\">\n\t\t\t\t<div class=\"elementor-element elementor-element-66fb6de elementor-widget-mobile__width-inherit elementor-widget elementor-widget-heading\" data-id=\"66fb6de\" data-element_type=\"widget\" data-e-type=\"widget\" data-widget_type=\"heading.default\">\n\t\t\t\t\t<p class=\"elementor-heading-title elementor-size-default\"><b style=\"color: var(--e-global-color-00682cf)\">Die Gruppe<\/b> \/ Seit 1981 finden wir die besten L\u00f6sungen, um Ihre Produkte zu verpacken und zu sch\u00fctzen. Ob M\u00f6bel, Automotive, Haushaltsger\u00e4te, Industriekomponenten oder Designprodukte: Wir bieten umfassende und effektive Antworten auf die Verpackungs- und Konfektionierungsanforderungen der unterschiedlichsten Branchen, sowohl f\u00fcr kleine und mittlere Unternehmen als auch f\u00fcr gro\u00dfe Industrieunternehmen. <\/p>\t\t\t\t<\/div>\n\t\t\t\t<\/div>\n\t\t<div class=\"elementor-element elementor-element-4c02873 e-con-full e-flex e-con e-child\" data-id=\"4c02873\" data-element_type=\"container\" data-e-type=\"container\">\n\t\t\t\t<div class=\"elementor-element elementor-element-7932a76 elementor-widget elementor-widget-button\" data-id=\"7932a76\" data-element_type=\"widget\" data-e-type=\"widget\" data-widget_type=\"button.default\">\n\t\t\t\t\t\t\t\t\t\t<a class=\"elementor-button elementor-button-link elementor-size-sm\" href=\"#anchor-content\">\n\t\t\t\t\t\t<span class=\"elementor-button-content-wrapper\">\n\t\t\t\t\t\t\t\t\t<span class=\"elementor-button-text\">Erfahren Sie mehr<\/span>\n\t\t\t\t\t<\/span>\n\t\t\t\t\t<\/a>\n\t\t\t\t\t\t\t\t<\/div>\n\t\t\t\t<\/div>\n\t\t\t\t\t<\/div>\n\t\t\t\t<\/div>\n\t\t<div class=\"elementor-element elementor-element-7a118d3 e-flex e-con-boxed e-con e-parent\" data-id=\"7a118d3\" data-element_type=\"container\" data-e-type=\"container\" data-settings=\"{&quot;background_background&quot;:&quot;video&quot;,&quot;background_video_link&quot;:&quot;https:\\\/\\\/grupposerafin.it\\\/wp-content\\\/uploads\\\/2024\\\/02\\\/serafin.mp4&quot;,&quot;background_play_on_mobile&quot;:&quot;yes&quot;}\">\n\t\t\t\t\t<div class=\"e-con-inner\">\n\t\t<div class=\"elementor-background-video-container\">\n\t\t\t\t\t\t\t<video class=\"elementor-background-video-hosted\" role=\"presentation\" autoplay muted playsinline loop><\/video>\n\t\t\t\t\t<\/div>\t\t<div class=\"elementor-element elementor-element-0e5b16f elementor-widget elementor-widget-button\" data-id=\"0e5b16f\" data-element_type=\"widget\" data-e-type=\"widget\" data-widget_type=\"button.default\">\n\t\t\t\t\t\t\t\t\t\t<a class=\"elementor-button elementor-button-link elementor-size-md\" href=\"#elementor-action%3Aaction%3Dlightbox%26settings%3DeyJ0eXBlIjoidmlkZW8iLCJ2aWRlb1R5cGUiOiJ5b3V0dWJlIiwidXJsIjoiaHR0cHM6XC9cL3d3dy55b3V0dWJlLmNvbVwvZW1iZWRcL0NMUzFnTTNWNWNZP2ZlYXR1cmU9b2VtYmVkIn0%3D\">\n\t\t\t\t\t\t<span class=\"elementor-button-content-wrapper\">\n\t\t\t\t\t\t\t\t\t<span class=\"elementor-button-text\">Video ansehen<\/span>\n\t\t\t\t\t<\/span>\n\t\t\t\t\t<\/a>\n\t\t\t\t\t\t\t\t<\/div>\n\t\t\t\t\t<\/div>\n\t\t\t\t<\/div>\n\t\t<div class=\"elementor-element elementor-element-3520200 e-flex e-con-boxed e-con e-child\" data-id=\"3520200\" data-element_type=\"container\" data-e-type=\"container\" id=\"anchor-content\" data-settings=\"{&quot;background_background&quot;:&quot;classic&quot;}\">\n\t\t\t\t\t<div class=\"e-con-inner\">\n\t\t<div class=\"elementor-element elementor-element-68eec6a e-con-full e-flex e-con e-child\" data-id=\"68eec6a\" data-element_type=\"container\" data-e-type=\"container\">\n\t\t\t\t<div class=\"elementor-element elementor-element-5a473a0 elementor-widget elementor-widget-uael-advanced-heading\" data-id=\"5a473a0\" data-element_type=\"widget\" data-e-type=\"widget\" data-widget_type=\"uael-advanced-heading.default\">\n\t\t\t\t<div class=\"elementor-widget-container\">\n\t\t\t\t\t\n\t\t<div class=\"uael-module-content uael-heading-wrapper\">\n\t\t\t\t\t\t\t\t\t\t<div class=\"uael-sub-heading elementor-inline-editing\" data-elementor-setting-key=\"sub_heading\" data-elementor-inline-editing-toolbar=\"advanced\" >UNSER ANSATZ<\/div>\n\t\t\t\n\t\t\t<h2 class=\"uael-heading\">\n\t\t\t\t\t\t\t\t\t\t<span class=\"uael-heading-text elementor-inline-editing uael-size--default\" data-elementor-setting-key=\"heading_title\" data-elementor-inline-editing-toolbar=\"basic\">More than packaging<\/span>\n\t\t\t\t\t\t\t<\/h2>\n\n\t\t\t\n\t\t\t\n\t\t\t\n\t\t\t\t\t\t<\/div>\n\t\t\t\t\t\t<\/div>\n\t\t\t\t<\/div>\n\t\t\t\t<\/div>\n\t\t<div class=\"elementor-element elementor-element-c92865f e-con-full e-flex e-con e-child\" data-id=\"c92865f\" data-element_type=\"container\" data-e-type=\"container\">\n\t\t\t\t<div class=\"elementor-element elementor-element-6d5d77f elementor-widget elementor-widget-text-editor\" data-id=\"6d5d77f\" data-element_type=\"widget\" data-e-type=\"widget\" data-widget_type=\"text-editor.default\">\n\t\t\t\t\t\t\t\t\t<p>\u201eMore than packaging\u201c bedeutet f\u00fcr uns Ideen, ma\u00dfgeschneiderte Projekte, Wissen, Innovation. Denn eine effektive Verpackung ist unserer Meinung nach nicht nur diejenige, die das Produkt perfekt intakt h\u00e4lt, sondern auch diejenige, die uns hilft, die Verpackungsvorg\u00e4nge zu vereinfachen und die Lieferzeiten zu verk\u00fcrzen, ohne negative Auswirkungen auf die Umwelt zu haben. <\/p>\t\t\t\t\t\t\t\t<\/div>\n\t\t\t\t<\/div>\n\t\t\t\t\t<\/div>\n\t\t\t\t<\/div>\n\t\t<div class=\"elementor-element elementor-element-c7ee522 e-flex e-con-boxed e-con e-child\" data-id=\"c7ee522\" data-element_type=\"container\" data-e-type=\"container\">\n\t\t\t\t\t<div class=\"e-con-inner\">\n\t\t<div class=\"elementor-element elementor-element-27d1f1c e-con-full e-flex e-con e-child\" data-id=\"27d1f1c\" data-element_type=\"container\" data-e-type=\"container\">\n\t\t\t\t<div class=\"elementor-element elementor-element-90d55ee elementor-widget elementor-widget-uael-advanced-heading\" data-id=\"90d55ee\" data-element_type=\"widget\" data-e-type=\"widget\" data-widget_type=\"uael-advanced-heading.default\">\n\t\t\t\t<div class=\"elementor-widget-container\">\n\t\t\t\t\t\n\t\t<div class=\"uael-module-content uael-heading-wrapper\">\n\t\t\t\t\t\t\t\t\t\t<div class=\"uael-sub-heading elementor-inline-editing\" data-elementor-setting-key=\"sub_heading\" data-elementor-inline-editing-toolbar=\"advanced\" >DIE GRUPPE<\/div>\n\t\t\t\n\t\t\t<h2 class=\"uael-heading\">\n\t\t\t\t\t\t\t\t\t\t<span class=\"uael-heading-text elementor-inline-editing uael-size--default\" data-elementor-setting-key=\"heading_title\" data-elementor-inline-editing-toolbar=\"basic\">Divisionen<\/span>\n\t\t\t\t\t\t\t<\/h2>\n\n\t\t\t\n\t\t\t\n\t\t\t\n\t\t\t\t\t\t<\/div>\n\t\t\t\t\t\t<\/div>\n\t\t\t\t<\/div>\n\t\t\t\t<\/div>\n\t\t\t\t<div class=\"elementor-element elementor-element-9090e84 elementor-pagination-type-bullets elementor-pagination-position-outside elementor-widget elementor-widget-n-carousel\" data-id=\"9090e84\" data-element_type=\"widget\" data-e-type=\"widget\" data-settings=\"{&quot;carousel_items&quot;:[{&quot;slide_title&quot;:&quot;Slide #1&quot;,&quot;_id&quot;:&quot;981b5b2&quot;},{&quot;slide_title&quot;:&quot;Slide #2&quot;,&quot;_id&quot;:&quot;5a7d4af&quot;},{&quot;slide_title&quot;:&quot;Slide #3&quot;,&quot;_id&quot;:&quot;f6ea2c6&quot;},{&quot;slide_title&quot;:&quot;Slide #3&quot;,&quot;_id&quot;:&quot;24ebed3&quot;}],&quot;slides_to_show&quot;:&quot;3&quot;,&quot;image_spacing_custom&quot;:{&quot;unit&quot;:&quot;px&quot;,&quot;size&quot;:40,&quot;sizes&quot;:[]},&quot;image_spacing_custom_laptop&quot;:{&quot;unit&quot;:&quot;rem&quot;,&quot;size&quot;:&quot;&quot;,&quot;sizes&quot;:[]},&quot;image_spacing_custom_tablet&quot;:{&quot;unit&quot;:&quot;px&quot;,&quot;size&quot;:30,&quot;sizes&quot;:[]},&quot;image_spacing_custom_mobile&quot;:{&quot;unit&quot;:&quot;rem&quot;,&quot;size&quot;:&quot;&quot;,&quot;sizes&quot;:[]},&quot;slides_to_show_laptop&quot;:&quot;2&quot;,&quot;slides_to_scroll&quot;:&quot;1&quot;,&quot;slides_to_show_tablet&quot;:&quot;2&quot;,&quot;slides_to_show_mobile&quot;:&quot;1&quot;,&quot;autoplay&quot;:&quot;yes&quot;,&quot;autoplay_speed&quot;:5000,&quot;pause_on_hover&quot;:&quot;yes&quot;,&quot;pause_on_interaction&quot;:&quot;yes&quot;,&quot;speed&quot;:500,&quot;pagination&quot;:&quot;bullets&quot;}\" data-widget_type=\"nested-carousel.default\">\n\t\t\t\t\t\t\t<div class=\"e-n-carousel swiper\" role=\"region\" aria-roledescription=\"carousel\" aria-label=\"Carosello\" dir=\"ltr\">\n\t\t\t<div class=\"swiper-wrapper\" aria-live=\"off\">\n\t\t\t\t\t\t\t\t\t\t<div class=\"swiper-slide\" data-slide=\"1\" role=\"group\" aria-roledescription=\"slide\" aria-label=\"1 von 4\">\n\t\t\t\t\t\t\t<a class=\"elementor-element elementor-element-3bd2907 e-flex e-con-boxed e-con e-child\" data-id=\"3bd2907\" data-element_type=\"container\" data-e-type=\"container\" href=\"https:\/\/grupposerafin.it\/sf-packaging\/\">\n\t\t\t\t\t<div class=\"e-con-inner\">\n\t\t\t\t<div class=\"elementor-element elementor-element-96ee607 elementor-widget elementor-widget-image\" data-id=\"96ee607\" data-element_type=\"widget\" data-e-type=\"widget\" data-widget_type=\"image.default\">\n\t\t\t\t\t\t\t\t\t\t\t\t\t\t\t<img fetchpriority=\"high\" decoding=\"async\" width=\"768\" height=\"768\" src=\"https:\/\/grupposerafin.it\/wp-content\/uploads\/2024\/06\/square-sfpakaging-768x768.jpg\" class=\"attachment-medium_large size-medium_large wp-image-9644\" alt=\"\" srcset=\"https:\/\/grupposerafin.it\/wp-content\/uploads\/2024\/06\/square-sfpakaging-768x768.jpg 768w, https:\/\/grupposerafin.it\/wp-content\/uploads\/2024\/06\/square-sfpakaging-300x300.jpg 300w, https:\/\/grupposerafin.it\/wp-content\/uploads\/2024\/06\/square-sfpakaging-1024x1024.jpg 1024w, https:\/\/grupposerafin.it\/wp-content\/uploads\/2024\/06\/square-sfpakaging-150x150.jpg 150w, https:\/\/grupposerafin.it\/wp-content\/uploads\/2024\/06\/square-sfpakaging.jpg 1080w\" sizes=\"(max-width: 768px) 100vw, 768px\" title=\"\">\t\t\t\t\t\t\t\t\t\t\t\t\t\t\t<\/div>\n\t\t<div class=\"elementor-element elementor-element-9b4cec6 e-con-full e-flex e-con e-child\" data-id=\"9b4cec6\" data-element_type=\"container\" data-e-type=\"container\">\n\t\t\t\t<div class=\"elementor-element elementor-element-2552285 elementor-widget elementor-widget-heading\" data-id=\"2552285\" data-element_type=\"widget\" data-e-type=\"widget\" data-widget_type=\"heading.default\">\n\t\t\t\t\t<p class=\"elementor-heading-title elementor-size-default\"><b style=\"color: var(--e-global-color-00682cf)\">SF Packaging<\/b> \/ einfache und effektive L\u00f6sungen zum Schutz Ihrer Produkte.<\/p>\t\t\t\t<\/div>\n\t\t\t\t<\/div>\n\t\t\t\t\t<\/div>\n\t\t\t\t<\/a>\n\t\t\t\t\t\t\t\t<\/div>\n\t\t\t\t\t\t\t\t\t\t\t<div class=\"swiper-slide\" data-slide=\"2\" role=\"group\" aria-roledescription=\"slide\" aria-label=\"2 von 4\">\n\t\t\t\t\t\t\t<a class=\"elementor-element elementor-element-f0ccf89 e-flex e-con-boxed e-con e-child\" data-id=\"f0ccf89\" data-element_type=\"container\" data-e-type=\"container\" href=\"https:\/\/grupposerafin.it\/green-pack\/\">\n\t\t\t\t\t<div class=\"e-con-inner\">\n\t\t\t\t<div class=\"elementor-element elementor-element-2d1cebf elementor-widget elementor-widget-image\" data-id=\"2d1cebf\" data-element_type=\"widget\" data-e-type=\"widget\" data-widget_type=\"image.default\">\n\t\t\t\t\t\t\t\t\t\t\t\t\t\t\t<img decoding=\"async\" width=\"768\" height=\"768\" src=\"https:\/\/grupposerafin.it\/wp-content\/uploads\/2024\/06\/square-greenpack-768x768.jpg\" class=\"attachment-medium_large size-medium_large wp-image-9641\" alt=\"\" srcset=\"https:\/\/grupposerafin.it\/wp-content\/uploads\/2024\/06\/square-greenpack-768x768.jpg 768w, https:\/\/grupposerafin.it\/wp-content\/uploads\/2024\/06\/square-greenpack-300x300.jpg 300w, https:\/\/grupposerafin.it\/wp-content\/uploads\/2024\/06\/square-greenpack-1024x1024.jpg 1024w, https:\/\/grupposerafin.it\/wp-content\/uploads\/2024\/06\/square-greenpack-150x150.jpg 150w, https:\/\/grupposerafin.it\/wp-content\/uploads\/2024\/06\/square-greenpack.jpg 1080w\" sizes=\"(max-width: 768px) 100vw, 768px\" title=\"\">\t\t\t\t\t\t\t\t\t\t\t\t\t\t\t<\/div>\n\t\t<div class=\"elementor-element elementor-element-6a56716 e-con-full e-flex e-con e-child\" data-id=\"6a56716\" data-element_type=\"container\" data-e-type=\"container\">\n\t\t\t\t<div class=\"elementor-element elementor-element-e9d8e50 elementor-widget elementor-widget-heading\" data-id=\"e9d8e50\" data-element_type=\"widget\" data-e-type=\"widget\" data-widget_type=\"heading.default\">\n\t\t\t\t\t<p class=\"elementor-heading-title elementor-size-default\"><b style=\"color: var(--e-global-color-00682cf)\">Green Pack<\/b> \/ entwickelt und fertigt Schutzverpackungen und Kartonagen.<\/p>\t\t\t\t<\/div>\n\t\t\t\t<\/div>\n\t\t\t\t\t<\/div>\n\t\t\t\t<\/a>\n\t\t\t\t\t\t\t\t<\/div>\n\t\t\t\t\t\t\t\t\t\t\t<div class=\"swiper-slide\" data-slide=\"3\" role=\"group\" aria-roledescription=\"slide\" aria-label=\"3 von 4\">\n\t\t\t\t\t\t\t<a class=\"elementor-element elementor-element-d88ae3b e-flex e-con-boxed e-con e-child\" data-id=\"d88ae3b\" data-element_type=\"container\" data-e-type=\"container\" href=\"https:\/\/grupposerafin.it\/staticontrol\/\">\n\t\t\t\t\t<div class=\"e-con-inner\">\n\t\t\t\t<div class=\"elementor-element elementor-element-3aaa8b1 elementor-widget elementor-widget-image\" data-id=\"3aaa8b1\" data-element_type=\"widget\" data-e-type=\"widget\" data-widget_type=\"image.default\">\n\t\t\t\t\t\t\t\t\t\t\t\t\t\t\t<img decoding=\"async\" width=\"768\" height=\"768\" src=\"https:\/\/grupposerafin.it\/wp-content\/uploads\/2024\/06\/square-staticontrol-768x768.jpg\" class=\"attachment-medium_large size-medium_large wp-image-9647\" alt=\"\" srcset=\"https:\/\/grupposerafin.it\/wp-content\/uploads\/2024\/06\/square-staticontrol-768x768.jpg 768w, https:\/\/grupposerafin.it\/wp-content\/uploads\/2024\/06\/square-staticontrol-300x300.jpg 300w, https:\/\/grupposerafin.it\/wp-content\/uploads\/2024\/06\/square-staticontrol-1024x1024.jpg 1024w, https:\/\/grupposerafin.it\/wp-content\/uploads\/2024\/06\/square-staticontrol-150x150.jpg 150w, https:\/\/grupposerafin.it\/wp-content\/uploads\/2024\/06\/square-staticontrol.jpg 1080w\" sizes=\"(max-width: 768px) 100vw, 768px\" title=\"\">\t\t\t\t\t\t\t\t\t\t\t\t\t\t\t<\/div>\n\t\t<div class=\"elementor-element elementor-element-fdb8443 e-con-full e-flex e-con e-child\" data-id=\"fdb8443\" data-element_type=\"container\" data-e-type=\"container\">\n\t\t\t\t<div class=\"elementor-element elementor-element-22b6e42 elementor-widget elementor-widget-heading\" data-id=\"22b6e42\" data-element_type=\"widget\" data-e-type=\"widget\" data-widget_type=\"heading.default\">\n\t\t\t\t\t<p class=\"elementor-heading-title elementor-size-default\"><b style=\"color: var(--e-global-color-00682cf)\">Staticontrol<\/b> \/ bietet kundenspezifische Schaumstoffverpackungen und ESD-L\u00f6sungen an.<\/p>\t\t\t\t<\/div>\n\t\t\t\t<\/div>\n\t\t\t\t\t<\/div>\n\t\t\t\t<\/a>\n\t\t\t\t\t\t\t\t<\/div>\n\t\t\t\t\t\t\t\t\t\t\t<div class=\"swiper-slide\" data-slide=\"4\" role=\"group\" aria-roledescription=\"slide\" aria-label=\"4 von 4\">\n\t\t\t\t\t\t\t<a class=\"elementor-element elementor-element-08998a2 e-flex e-con-boxed e-con e-child\" data-id=\"08998a2\" data-element_type=\"container\" data-e-type=\"container\" href=\"https:\/\/grupposerafin.it\/sitema\/\">\n\t\t\t\t\t<div class=\"e-con-inner\">\n\t\t\t\t<div class=\"elementor-element elementor-element-846248d elementor-widget elementor-widget-image\" data-id=\"846248d\" data-element_type=\"widget\" data-e-type=\"widget\" data-widget_type=\"image.default\">\n\t\t\t\t\t\t\t\t\t\t\t\t\t\t\t<img loading=\"lazy\" decoding=\"async\" width=\"768\" height=\"768\" src=\"https:\/\/grupposerafin.it\/wp-content\/uploads\/2024\/06\/square-sitema-768x768.jpg\" class=\"attachment-medium_large size-medium_large wp-image-9638\" alt=\"\" srcset=\"https:\/\/grupposerafin.it\/wp-content\/uploads\/2024\/06\/square-sitema-768x768.jpg 768w, https:\/\/grupposerafin.it\/wp-content\/uploads\/2024\/06\/square-sitema-300x300.jpg 300w, https:\/\/grupposerafin.it\/wp-content\/uploads\/2024\/06\/square-sitema-1024x1024.jpg 1024w, https:\/\/grupposerafin.it\/wp-content\/uploads\/2024\/06\/square-sitema-150x150.jpg 150w, https:\/\/grupposerafin.it\/wp-content\/uploads\/2024\/06\/square-sitema.jpg 1080w\" sizes=\"(max-width: 768px) 100vw, 768px\" title=\"\">\t\t\t\t\t\t\t\t\t\t\t\t\t\t\t<\/div>\n\t\t<div class=\"elementor-element elementor-element-9860d02 e-con-full e-flex e-con e-child\" data-id=\"9860d02\" data-element_type=\"container\" data-e-type=\"container\">\n\t\t\t\t<div class=\"elementor-element elementor-element-e9dd9ff elementor-widget elementor-widget-heading\" data-id=\"e9dd9ff\" data-element_type=\"widget\" data-e-type=\"widget\" data-widget_type=\"heading.default\">\n\t\t\t\t\t<p class=\"elementor-heading-title elementor-size-default\"><b style=\"color: var(--e-global-color-00682cf)\">Sitema<\/b> \/ entwickelt automatisierte Verpackungssysteme und -linien.<\/p>\t\t\t\t<\/div>\n\t\t\t\t<\/div>\n\t\t\t\t\t<\/div>\n\t\t\t\t<\/a>\n\t\t\t\t\t\t\t\t<\/div>\n\t\t\t\t\t\t\t\t<\/div>\n\t\t<\/div>\n\t\t\t\t\t<div class=\"swiper-pagination\"><\/div>\n\t\t\t\t\t\t<\/div>\n\t\t\t\t\t<\/div>\n\t\t\t\t<\/div>\n\t\t<div class=\"elementor-element elementor-element-ea6a459 e-flex e-con-boxed e-con e-parent\" data-id=\"ea6a459\" data-element_type=\"container\" data-e-type=\"container\" data-settings=\"{&quot;background_background&quot;:&quot;video&quot;,&quot;background_video_link&quot;:&quot;https:\\\/\\\/grupposerafin.it\\\/wp-content\\\/uploads\\\/2024\\\/07\\\/greenstyle.mp4&quot;,&quot;background_play_on_mobile&quot;:&quot;yes&quot;}\">\n\t\t\t\t\t<div class=\"e-con-inner\">\n\t\t<div class=\"elementor-background-video-container\">\n\t\t\t\t\t\t\t<video class=\"elementor-background-video-hosted\" role=\"presentation\" autoplay muted playsinline loop><\/video>\n\t\t\t\t\t<\/div><div class=\"elementor-element elementor-element-01d9330 e-flex e-con-boxed e-con e-child\" data-id=\"01d9330\" data-element_type=\"container\" data-e-type=\"container\">\n\t\t\t\t\t<div class=\"e-con-inner\">\n\t\t<div class=\"elementor-element elementor-element-4bccd54 e-con-full e-flex e-con e-child\" data-id=\"4bccd54\" data-element_type=\"container\" data-e-type=\"container\">\n\t\t\t\t<div class=\"elementor-element elementor-element-d95b192 elementor-widget elementor-widget-uael-advanced-heading\" data-id=\"d95b192\" data-element_type=\"widget\" data-e-type=\"widget\" data-widget_type=\"uael-advanced-heading.default\">\n\t\t\t\t<div class=\"elementor-widget-container\">\n\t\t\t\t\t\n\t\t<div class=\"uael-module-content uael-heading-wrapper\">\n\t\t\t\t\t\t\t\t\t\t<div class=\"uael-sub-heading elementor-inline-editing\" data-elementor-setting-key=\"sub_heading\" data-elementor-inline-editing-toolbar=\"advanced\" >UNSERE PHILOSOPHIE<\/div>\n\t\t\t\n\t\t\t<h2 class=\"uael-heading\">\n\t\t\t\t\t\t\t\t\t\t<span class=\"uael-heading-text elementor-inline-editing uael-size--default\" data-elementor-setting-key=\"heading_title\" data-elementor-inline-editing-toolbar=\"basic\">Green Style<\/span>\n\t\t\t\t\t\t\t<\/h2>\n\n\t\t\t\n\t\t\t\n\t\t\t\n\t\t\t\t\t\t<\/div>\n\t\t\t\t\t\t<\/div>\n\t\t\t\t<\/div>\n\t\t\t\t<\/div>\n\t\t<div class=\"elementor-element elementor-element-cb376cb e-con-full e-flex e-con e-child\" data-id=\"cb376cb\" data-element_type=\"container\" data-e-type=\"container\">\n\t\t\t\t<div class=\"elementor-element elementor-element-5f57c69 elementor-widget elementor-widget-text-editor\" data-id=\"5f57c69\" data-element_type=\"widget\" data-e-type=\"widget\" data-widget_type=\"text-editor.default\">\n\t\t\t\t\t\t\t\t\t<p>Wir glauben an Nachhaltigkeit und arbeiten daran, die wirtschaftliche Entwicklung mit dem \u00d6kosystem unseres Planeten vereinbar zu machen. Wir w\u00e4hlen ausschlie\u00dflich zu 100 % recycelbare Materialien. So sind die Entsorgungs- und Verwaltungskosten f\u00fcr den Kunden geringer, w\u00e4hrend die Lebensdauer unserer Verpackungen zum Zeitpunkt der Produktion erst beginnt.  <\/p>\t\t\t\t\t\t\t\t<\/div>\n\t\t\t\t<\/div>\n\t\t\t\t\t<\/div>\n\t\t\t\t<\/div>\n\t\t<div class=\"elementor-element elementor-element-f91388d e-flex e-con-boxed e-con e-child\" data-id=\"f91388d\" data-element_type=\"container\" data-e-type=\"container\">\n\t\t\t\t\t<div class=\"e-con-inner\">\n\t\t<div class=\"elementor-element elementor-element-716c29a e-con-full e-flex e-con e-child\" data-id=\"716c29a\" data-element_type=\"container\" data-e-type=\"container\">\n\t\t\t\t<div class=\"elementor-element elementor-element-4989698 elementor-widget elementor-widget-image\" data-id=\"4989698\" data-element_type=\"widget\" data-e-type=\"widget\" data-widget_type=\"image.default\">\n\t\t\t\t\t\t\t\t\t\t\t\t\t\t\t<img loading=\"lazy\" decoding=\"async\" width=\"150\" height=\"33\" src=\"https:\/\/grupposerafin.it\/wp-content\/uploads\/2024\/02\/logo-greenstyle-white.svg\" class=\"attachment-thumbnail size-thumbnail wp-image-792\" alt=\"\" title=\"\">\t\t\t\t\t\t\t\t\t\t\t\t\t\t\t<\/div>\n\t\t\t\t<\/div>\n\t\t<div class=\"elementor-element elementor-element-3b7e5a0 e-con-full e-flex e-con e-child\" data-id=\"3b7e5a0\" data-element_type=\"container\" data-e-type=\"container\">\n\t\t\t\t<div class=\"elementor-element elementor-element-d521774 elementor-widget elementor-widget-button\" data-id=\"d521774\" data-element_type=\"widget\" data-e-type=\"widget\" data-widget_type=\"button.default\">\n\t\t\t\t\t\t\t\t\t\t<a class=\"elementor-button elementor-button-link elementor-size-sm\" href=\"https:\/\/grupposerafin.it\/de\/green-style\/\">\n\t\t\t\t\t\t<span class=\"elementor-button-content-wrapper\">\n\t\t\t\t\t\t\t\t\t<span class=\"elementor-button-text\">Erfahren Sie mehr<\/span>\n\t\t\t\t\t<\/span>\n\t\t\t\t\t<\/a>\n\t\t\t\t\t\t\t\t<\/div>\n\t\t\t\t<\/div>\n\t\t\t\t\t<\/div>\n\t\t\t\t<\/div>\n\t\t\t\t\t<\/div>\n\t\t\t\t<\/div>\n\t\t\t\t<\/div>\n\t\t","protected":false},"excerpt":{"rendered":"<p>Seit 1981 sch\u00fctzen wir Ihre Produkte Die Gruppe \/ Seit 1981 finden wir die besten L\u00f6sungen, um Ihre Produkte zu verpacken und zu sch\u00fctzen. Ob M\u00f6bel, Automotive, Haushaltsger\u00e4te, Industriekomponenten oder Designprodukte: Wir bieten umfassende und effektive Antworten auf die Verpackungs- und Konfektionierungsanforderungen der unterschiedlichsten Branchen, sowohl f\u00fcr kleine und mittlere Unternehmen als auch f\u00fcr gro\u00dfe [&hellip;]<\/p>\n","protected":false},"author":1,"featured_media":9620,"parent":0,"menu_order":0,"comment_status":"closed","ping_status":"closed","template":"","meta":{"_acf_changed":false,"footnotes":""},"class_list":["post-12963","page","type-page","status-publish","has-post-thumbnail","hentry"],"acf":[],"_links":{"self":[{"href":"https:\/\/grupposerafin.it\/de\/wp-json\/wp\/v2\/pages\/12963","targetHints":{"allow":["GET"]}}],"collection":[{"href":"https:\/\/grupposerafin.it\/de\/wp-json\/wp\/v2\/pages"}],"about":[{"href":"https:\/\/grupposerafin.it\/de\/wp-json\/wp\/v2\/types\/page"}],"author":[{"embeddable":true,"href":"https:\/\/grupposerafin.it\/de\/wp-json\/wp\/v2\/users\/1"}],"replies":[{"embeddable":true,"href":"https:\/\/grupposerafin.it\/de\/wp-json\/wp\/v2\/comments?post=12963"}],"version-history":[{"count":1,"href":"https:\/\/grupposerafin.it\/de\/wp-json\/wp\/v2\/pages\/12963\/revisions"}],"predecessor-version":[{"id":12965,"href":"https:\/\/grupposerafin.it\/de\/wp-json\/wp\/v2\/pages\/12963\/revisions\/12965"}],"wp:featuredmedia":[{"embeddable":true,"href":"https:\/\/grupposerafin.it\/de\/wp-json\/wp\/v2\/media\/9620"}],"wp:attachment":[{"href":"https:\/\/grupposerafin.it\/de\/wp-json\/wp\/v2\/media?parent=12963"}],"curies":[{"name":"wp","href":"https:\/\/api.w.org\/{rel}","templated":true}]}}