{"id":10373,"date":"2024-07-09T15:40:37","date_gmt":"2024-07-09T13:40:37","guid":{"rendered":"https:\/\/grupposerafin.it\/?post_type=product&#038;p=10373"},"modified":"2025-11-03T15:53:12","modified_gmt":"2025-11-03T14:53:12","slug":"manuell-anwendbare-stretchfolie-2","status":"publish","type":"product","link":"https:\/\/grupposerafin.it\/de\/sf-packaging-de\/stretchfolie\/manuell-anwendbare-stretchfolie-2\/","title":{"rendered":"Mini-Stretchfolie"},"content":{"rendered":"\n<div class=\"wp-block-columns is-layout-flex wp-container-core-columns-is-layout-28f84493 wp-block-columns-is-layout-flex\">\n<div class=\"wp-block-column is-layout-flow wp-block-column-is-layout-flow\">\n<figure class=\"wp-block-image size-large\"><img fetchpriority=\"high\" decoding=\"async\" width=\"819\" height=\"1024\" src=\"https:\/\/grupposerafin.it\/wp-content\/uploads\/2024\/07\/film-estensibile-miniroll-1-819x1024.jpg\" alt=\"\" class=\"wp-image-10399\" title=\"\" srcset=\"https:\/\/grupposerafin.it\/wp-content\/uploads\/2024\/07\/film-estensibile-miniroll-1-819x1024.jpg 819w, https:\/\/grupposerafin.it\/wp-content\/uploads\/2024\/07\/film-estensibile-miniroll-1-240x300.jpg 240w, https:\/\/grupposerafin.it\/wp-content\/uploads\/2024\/07\/film-estensibile-miniroll-1-768x960.jpg 768w, https:\/\/grupposerafin.it\/wp-content\/uploads\/2024\/07\/film-estensibile-miniroll-1.jpg 1080w\" sizes=\"(max-width: 819px) 100vw, 819px\" \/><\/figure>\n\n\n\n<p>Die Mini-Stretchfolie ist die ideale L\u00f6sung f\u00fcr die Verpackung kleiner Gegenst\u00e4nde. Sie ist einfach zu verwenden und erm\u00f6glicht ein schnelles Umwickeln und Sichern der Produkte, wobei diese vor Staub, Feuchtigkeit und Transportsch\u00e4den gesch\u00fctzt werden.  <br\/><br\/><\/p>\n<\/div>\n\n\n\n<div class=\"wp-block-column is-layout-flow wp-block-column-is-layout-flow\">\n<figure class=\"wp-block-image size-large\"><img decoding=\"async\" width=\"819\" height=\"1024\" src=\"https:\/\/grupposerafin.it\/wp-content\/uploads\/2024\/07\/film-estensibile-miniroll-2-819x1024.jpg\" alt=\"\" class=\"wp-image-10402\" title=\"\" srcset=\"https:\/\/grupposerafin.it\/wp-content\/uploads\/2024\/07\/film-estensibile-miniroll-2-819x1024.jpg 819w, https:\/\/grupposerafin.it\/wp-content\/uploads\/2024\/07\/film-estensibile-miniroll-2-240x300.jpg 240w, https:\/\/grupposerafin.it\/wp-content\/uploads\/2024\/07\/film-estensibile-miniroll-2-768x960.jpg 768w, https:\/\/grupposerafin.it\/wp-content\/uploads\/2024\/07\/film-estensibile-miniroll-2.jpg 1080w\" sizes=\"(max-width: 819px) 100vw, 819px\" \/><\/figure>\n\n\n\n<p>Dank ihrer kompakten Gr\u00f6\u00dfe und praktischen Handhabung ist sie eine wirtschaftliche und vielseitige Option, um die Sicherheit der Artikel ohne Verschwendung zu gew\u00e4hrleisten.<\/p>\n<\/div>\n<\/div>\n","protected":false},"excerpt":{"rendered":"<p>Praktisch, wirtschaftlich und ideal f\u00fcr kleine Verpackungen.<\/p>\n","protected":false},"author":1,"featured_media":10407,"parent":0,"template":"","product_cat":[267],"class_list":["post-10373","product","type-product","status-publish","has-post-thumbnail","hentry","product_cat-stretchfolie"],"acf":[],"_links":{"self":[{"href":"https:\/\/grupposerafin.it\/de\/wp-json\/wp\/v2\/product\/10373","targetHints":{"allow":["GET"]}}],"collection":[{"href":"https:\/\/grupposerafin.it\/de\/wp-json\/wp\/v2\/product"}],"about":[{"href":"https:\/\/grupposerafin.it\/de\/wp-json\/wp\/v2\/types\/product"}],"author":[{"embeddable":true,"href":"https:\/\/grupposerafin.it\/de\/wp-json\/wp\/v2\/users\/1"}],"version-history":[{"count":3,"href":"https:\/\/grupposerafin.it\/de\/wp-json\/wp\/v2\/product\/10373\/revisions"}],"predecessor-version":[{"id":13277,"href":"https:\/\/grupposerafin.it\/de\/wp-json\/wp\/v2\/product\/10373\/revisions\/13277"}],"wp:featuredmedia":[{"embeddable":true,"href":"https:\/\/grupposerafin.it\/de\/wp-json\/wp\/v2\/media\/10407"}],"wp:attachment":[{"href":"https:\/\/grupposerafin.it\/de\/wp-json\/wp\/v2\/media?parent=10373"}],"wp:term":[{"taxonomy":"product_cat","embeddable":true,"href":"https:\/\/grupposerafin.it\/de\/wp-json\/wp\/v2\/product_cat?post=10373"}],"curies":[{"name":"wp","href":"https:\/\/api.w.org\/{rel}","templated":true}]}}