{"id":10459,"date":"2024-07-09T15:49:34","date_gmt":"2024-07-09T13:49:34","guid":{"rendered":"https:\/\/grupposerafin.it\/?post_type=product&#038;p=10459"},"modified":"2025-11-03T15:53:12","modified_gmt":"2025-11-03T14:53:12","slug":"vorgedehnte-stretchfolie-2","status":"publish","type":"product","link":"https:\/\/grupposerafin.it\/de\/selbstklebefolie\/vorgedehnte-stretchfolie-2\/","title":{"rendered":"Selbstklebefolien in Rollen"},"content":{"rendered":"\n<div class=\"wp-block-columns is-layout-flex wp-container-core-columns-is-layout-28f84493 wp-block-columns-is-layout-flex\">\n<div class=\"wp-block-column is-layout-flow wp-block-column-is-layout-flow\">\n<figure class=\"wp-block-image size-large\"><img fetchpriority=\"high\" decoding=\"async\" width=\"819\" height=\"1024\" src=\"https:\/\/grupposerafin.it\/wp-content\/uploads\/2024\/07\/bobina-adesivizzato-1-819x1024.jpg\" alt=\"\" class=\"wp-image-10465\" title=\"\" srcset=\"https:\/\/grupposerafin.it\/wp-content\/uploads\/2024\/07\/bobina-adesivizzato-1-819x1024.jpg 819w, https:\/\/grupposerafin.it\/wp-content\/uploads\/2024\/07\/bobina-adesivizzato-1-240x300.jpg 240w, https:\/\/grupposerafin.it\/wp-content\/uploads\/2024\/07\/bobina-adesivizzato-1-768x960.jpg 768w, https:\/\/grupposerafin.it\/wp-content\/uploads\/2024\/07\/bobina-adesivizzato-1.jpg 1080w\" sizes=\"(max-width: 819px) 100vw, 819px\" \/><\/figure>\n\n\n\n<p>Schutzfolie f\u00fcr den tempor\u00e4ren Schutz verschiedener Oberfl\u00e4chen vor Staub und Kratzern w\u00e4hrend Lagerung, Verarbeitung und Transport. Die Selbstklebefolie gew\u00e4hrleistet eine sichere und pr\u00e4zise Haftung und bietet zus\u00e4tzlichen Schutz gegen Staub und Feuchtigkeit. <\/p>\n<\/div>\n\n\n\n<div class=\"wp-block-column is-layout-flow wp-block-column-is-layout-flow\">\n<figure class=\"wp-block-image size-large\"><img decoding=\"async\" width=\"819\" height=\"1024\" src=\"https:\/\/grupposerafin.it\/wp-content\/uploads\/2024\/07\/bobina-adesivizzato-2-819x1024.jpg\" alt=\"\" class=\"wp-image-10468\" title=\"\" srcset=\"https:\/\/grupposerafin.it\/wp-content\/uploads\/2024\/07\/bobina-adesivizzato-2-819x1024.jpg 819w, https:\/\/grupposerafin.it\/wp-content\/uploads\/2024\/07\/bobina-adesivizzato-2-240x300.jpg 240w, https:\/\/grupposerafin.it\/wp-content\/uploads\/2024\/07\/bobina-adesivizzato-2-768x960.jpg 768w, https:\/\/grupposerafin.it\/wp-content\/uploads\/2024\/07\/bobina-adesivizzato-2.jpg 1080w\" sizes=\"(max-width: 819px) 100vw, 819px\" \/><\/figure>\n\n\n\n<p>Einfach anzuwenden und vielseitig einsetzbar, ideal zum Versiegeln von Paketen und zum Schutz von Artikeln, gew\u00e4hrleistet dauerhafte Haftung.<\/p>\n<\/div>\n<\/div>\n\n<p><\/p>\n","protected":false},"excerpt":{"rendered":"<p>Sanfter und sicherer Schutz f\u00fcr jede Oberfl\u00e4che.<\/p>\n","protected":false},"author":1,"featured_media":10473,"parent":0,"template":"","product_cat":[330],"class_list":["post-10459","product","type-product","status-publish","has-post-thumbnail","hentry","product_cat-selbstklebefolie"],"acf":[],"_links":{"self":[{"href":"https:\/\/grupposerafin.it\/de\/wp-json\/wp\/v2\/product\/10459","targetHints":{"allow":["GET"]}}],"collection":[{"href":"https:\/\/grupposerafin.it\/de\/wp-json\/wp\/v2\/product"}],"about":[{"href":"https:\/\/grupposerafin.it\/de\/wp-json\/wp\/v2\/types\/product"}],"author":[{"embeddable":true,"href":"https:\/\/grupposerafin.it\/de\/wp-json\/wp\/v2\/users\/1"}],"version-history":[{"count":3,"href":"https:\/\/grupposerafin.it\/de\/wp-json\/wp\/v2\/product\/10459\/revisions"}],"predecessor-version":[{"id":13280,"href":"https:\/\/grupposerafin.it\/de\/wp-json\/wp\/v2\/product\/10459\/revisions\/13280"}],"wp:featuredmedia":[{"embeddable":true,"href":"https:\/\/grupposerafin.it\/de\/wp-json\/wp\/v2\/media\/10473"}],"wp:attachment":[{"href":"https:\/\/grupposerafin.it\/de\/wp-json\/wp\/v2\/media?parent=10459"}],"wp:term":[{"taxonomy":"product_cat","embeddable":true,"href":"https:\/\/grupposerafin.it\/de\/wp-json\/wp\/v2\/product_cat?post=10459"}],"curies":[{"name":"wp","href":"https:\/\/api.w.org\/{rel}","templated":true}]}}