{"id":12669,"date":"2023-02-06T13:36:57","date_gmt":"2023-02-06T12:36:57","guid":{"rendered":"https:\/\/grupposerafin.it\/prodotti\/umreifungsband\/"},"modified":"2025-11-03T15:38:23","modified_gmt":"2025-11-03T14:38:23","slug":"umreifungsband","status":"publish","type":"product","link":"https:\/\/grupposerafin.it\/de\/prodotti\/umreifungsband\/","title":{"rendered":"Umreifungsband"},"content":{"rendered":"\n<div class=\"wp-block-columns is-layout-flex wp-container-core-columns-is-layout-28f84493 wp-block-columns-is-layout-flex\">\n<div class=\"wp-block-column is-layout-flow wp-block-column-is-layout-flow\">\n<figure class=\"wp-block-image size-large\"><img fetchpriority=\"high\" decoding=\"async\" width=\"819\" height=\"1024\" src=\"https:\/\/grupposerafin.it\/wp-content\/uploads\/2024\/07\/nastro-strapping-1-819x1024.jpg\" alt=\"\" class=\"wp-image-10626\" title=\"\" srcset=\"https:\/\/grupposerafin.it\/wp-content\/uploads\/2024\/07\/nastro-strapping-1-819x1024.jpg 819w, https:\/\/grupposerafin.it\/wp-content\/uploads\/2024\/07\/nastro-strapping-1-240x300.jpg 240w, https:\/\/grupposerafin.it\/wp-content\/uploads\/2024\/07\/nastro-strapping-1-768x960.jpg 768w, https:\/\/grupposerafin.it\/wp-content\/uploads\/2024\/07\/nastro-strapping-1.jpg 1080w\" sizes=\"(max-width: 819px) 100vw, 819px\" \/><\/figure>\n\n\n\n<p>Das Umreifungsband ist sehr widerstandsf\u00e4hig, rei\u00dffest und wird zum Fixieren, St\u00fctzen und Immobilisieren schwerer Pakete verwendet. Es ist mit verschiedenen Klebstofftypen erh\u00e4ltlich, darunter L\u00f6sungsmittel, Acryl und Hotmelt, wodurch es f\u00fcr verschiedene Anwendungsanforderungen geeignet ist.  <\/p>\n<\/div>\n\n\n\n<div class=\"wp-block-column is-layout-flow wp-block-column-is-layout-flow\">\n<figure class=\"wp-block-image size-large\"><img decoding=\"async\" width=\"819\" height=\"1024\" src=\"https:\/\/grupposerafin.it\/wp-content\/uploads\/2024\/07\/nastro-strapping-2-819x1024.jpg\" alt=\"\" class=\"wp-image-10629\" title=\"\" srcset=\"https:\/\/grupposerafin.it\/wp-content\/uploads\/2024\/07\/nastro-strapping-2-819x1024.jpg 819w, https:\/\/grupposerafin.it\/wp-content\/uploads\/2024\/07\/nastro-strapping-2-240x300.jpg 240w, https:\/\/grupposerafin.it\/wp-content\/uploads\/2024\/07\/nastro-strapping-2-768x960.jpg 768w, https:\/\/grupposerafin.it\/wp-content\/uploads\/2024\/07\/nastro-strapping-2.jpg 1080w\" sizes=\"(max-width: 819px) 100vw, 819px\" \/><\/figure>\n\n\n\n<p>Dar\u00fcber hinaus ist es in verschiedenen Farben wie Ziegelrot, Schwarz, Wei\u00df und Hellblau erh\u00e4ltlich und bietet neben der Funktionalit\u00e4t auch eine \u00e4sthetische Option.<style>\/*! elementor - v3.11.1 - 15-02-2023 *\/&amp;amp;amp;lt;br \/&gt;&amp;amp;lt;br&gt;.elementor-widget-image{text-align:center}.elementor-widget-image a{display:inline-block}.elementor-widget-image a img[src$=\".svg\"]{width:48px}.elementor-widget-image img{vertical-align:middle;display:inline-block}<\/style><\/p>\n<\/div>\n<\/div>\n","protected":false},"excerpt":{"rendered":"<p>Rei\u00dffestes Band zur Fixierung schwerer Pakete.<\/p>\n","protected":false},"author":3,"featured_media":10625,"parent":0,"template":"","product_cat":[272],"class_list":["post-12669","product","type-product","status-publish","has-post-thumbnail","hentry","product_cat-klebeband"],"acf":[],"_links":{"self":[{"href":"https:\/\/grupposerafin.it\/de\/wp-json\/wp\/v2\/product\/12669","targetHints":{"allow":["GET"]}}],"collection":[{"href":"https:\/\/grupposerafin.it\/de\/wp-json\/wp\/v2\/product"}],"about":[{"href":"https:\/\/grupposerafin.it\/de\/wp-json\/wp\/v2\/types\/product"}],"author":[{"embeddable":true,"href":"https:\/\/grupposerafin.it\/de\/wp-json\/wp\/v2\/users\/3"}],"version-history":[{"count":1,"href":"https:\/\/grupposerafin.it\/de\/wp-json\/wp\/v2\/product\/12669\/revisions"}],"predecessor-version":[{"id":12672,"href":"https:\/\/grupposerafin.it\/de\/wp-json\/wp\/v2\/product\/12669\/revisions\/12672"}],"wp:featuredmedia":[{"embeddable":true,"href":"https:\/\/grupposerafin.it\/de\/wp-json\/wp\/v2\/media\/10625"}],"wp:attachment":[{"href":"https:\/\/grupposerafin.it\/de\/wp-json\/wp\/v2\/media?parent=12669"}],"wp:term":[{"taxonomy":"product_cat","embeddable":true,"href":"https:\/\/grupposerafin.it\/de\/wp-json\/wp\/v2\/product_cat?post=12669"}],"curies":[{"name":"wp","href":"https:\/\/api.w.org\/{rel}","templated":true}]}}