{"id":12673,"date":"2021-02-11T16:48:35","date_gmt":"2021-02-11T15:48:35","guid":{"rendered":"https:\/\/grupposerafin.it\/prodotti\/individuelle-pvc-klebebaender\/"},"modified":"2025-11-03T15:38:45","modified_gmt":"2025-11-03T14:38:45","slug":"individuelle-pvc-klebebaender","status":"publish","type":"product","link":"https:\/\/grupposerafin.it\/de\/sf-packaging-de\/personalisierte-klebebander\/individuelle-pvc-klebebaender\/","title":{"rendered":"Individuelle PVC-Klebeb\u00e4nder"},"content":{"rendered":"\n<div class=\"wp-block-columns is-layout-flex wp-container-core-columns-is-layout-28f84493 wp-block-columns-is-layout-flex\">\n<div class=\"wp-block-column is-layout-flow wp-block-column-is-layout-flow\">\n<figure class=\"wp-block-image size-large\"><img fetchpriority=\"high\" decoding=\"async\" width=\"819\" height=\"1024\" src=\"https:\/\/grupposerafin.it\/wp-content\/uploads\/2024\/07\/nastri-pvc-personallizzati-1-819x1024.jpg\" alt=\"\" class=\"wp-image-10680\" title=\"\" srcset=\"https:\/\/grupposerafin.it\/wp-content\/uploads\/2024\/07\/nastri-pvc-personallizzati-1-819x1024.jpg 819w, https:\/\/grupposerafin.it\/wp-content\/uploads\/2024\/07\/nastri-pvc-personallizzati-1-240x300.jpg 240w, https:\/\/grupposerafin.it\/wp-content\/uploads\/2024\/07\/nastri-pvc-personallizzati-1-768x960.jpg 768w, https:\/\/grupposerafin.it\/wp-content\/uploads\/2024\/07\/nastri-pvc-personallizzati-1.jpg 1080w\" sizes=\"(max-width: 819px) 100vw, 819px\" \/><\/figure>\n\n\n\n<p>Die Personalisierung des PVC-Klebebands ist die ideale L\u00f6sung f\u00fcr den generellen Einsatz in vielf\u00e4ltigen Anwendungen, vor allem dank der F\u00e4higkeit des bedruckten Bandes, keine Kleber\u00fcckst\u00e4nde zu hinterlassen.<\/p>\n<\/div>\n\n\n\n<div class=\"wp-block-column is-layout-flow wp-block-column-is-layout-flow\">\n<figure class=\"wp-block-image size-large\"><img decoding=\"async\" width=\"819\" height=\"1024\" src=\"https:\/\/grupposerafin.it\/wp-content\/uploads\/2024\/07\/nastri-pvc-personallizzati-2-819x1024.jpg\" alt=\"\" class=\"wp-image-10683\" title=\"\" srcset=\"https:\/\/grupposerafin.it\/wp-content\/uploads\/2024\/07\/nastri-pvc-personallizzati-2-819x1024.jpg 819w, https:\/\/grupposerafin.it\/wp-content\/uploads\/2024\/07\/nastri-pvc-personallizzati-2-240x300.jpg 240w, https:\/\/grupposerafin.it\/wp-content\/uploads\/2024\/07\/nastri-pvc-personallizzati-2-768x960.jpg 768w, https:\/\/grupposerafin.it\/wp-content\/uploads\/2024\/07\/nastri-pvc-personallizzati-2.jpg 1080w\" sizes=\"(max-width: 819px) 100vw, 819px\" \/><\/figure>\n\n\n\n<p>Die M\u00f6glichkeit, in verschiedenen Branchen eingesetzt zu werden, garantiert eine hohe Sichtbarkeit Ihrer Marke.<\/p>\n<\/div>\n<\/div>\n","protected":false},"excerpt":{"rendered":"<p>Das bedruckte PVC-Klebeband f\u00fcr alle Anwendungen.<\/p>\n","protected":false},"author":6,"featured_media":10679,"parent":0,"template":"","product_cat":[323],"class_list":["post-12673","product","type-product","status-publish","has-post-thumbnail","hentry","product_cat-personalisierte-klebebander"],"acf":[],"_links":{"self":[{"href":"https:\/\/grupposerafin.it\/de\/wp-json\/wp\/v2\/product\/12673","targetHints":{"allow":["GET"]}}],"collection":[{"href":"https:\/\/grupposerafin.it\/de\/wp-json\/wp\/v2\/product"}],"about":[{"href":"https:\/\/grupposerafin.it\/de\/wp-json\/wp\/v2\/types\/product"}],"author":[{"embeddable":true,"href":"https:\/\/grupposerafin.it\/de\/wp-json\/wp\/v2\/users\/6"}],"version-history":[{"count":1,"href":"https:\/\/grupposerafin.it\/de\/wp-json\/wp\/v2\/product\/12673\/revisions"}],"predecessor-version":[{"id":12675,"href":"https:\/\/grupposerafin.it\/de\/wp-json\/wp\/v2\/product\/12673\/revisions\/12675"}],"wp:featuredmedia":[{"embeddable":true,"href":"https:\/\/grupposerafin.it\/de\/wp-json\/wp\/v2\/media\/10679"}],"wp:attachment":[{"href":"https:\/\/grupposerafin.it\/de\/wp-json\/wp\/v2\/media?parent=12673"}],"wp:term":[{"taxonomy":"product_cat","embeddable":true,"href":"https:\/\/grupposerafin.it\/de\/wp-json\/wp\/v2\/product_cat?post=12673"}],"curies":[{"name":"wp","href":"https:\/\/api.w.org\/{rel}","templated":true}]}}