{"id":12679,"date":"2023-02-06T13:34:32","date_gmt":"2023-02-06T12:34:32","guid":{"rendered":"https:\/\/grupposerafin.it\/prodotti\/gewebeklebeband\/"},"modified":"2025-11-03T15:38:45","modified_gmt":"2025-11-03T14:38:45","slug":"gewebeklebeband","status":"publish","type":"product","link":"https:\/\/grupposerafin.it\/de\/sf-packaging-de\/klebeband\/gewebeklebeband\/","title":{"rendered":"Gewebeklebeband"},"content":{"rendered":"\n<div class=\"wp-block-columns is-layout-flex wp-container-core-columns-is-layout-28f84493 wp-block-columns-is-layout-flex\">\n<div class=\"wp-block-column is-layout-flow wp-block-column-is-layout-flow\">\n<figure class=\"wp-block-image size-large\"><img fetchpriority=\"high\" decoding=\"async\" width=\"819\" height=\"1024\" src=\"https:\/\/grupposerafin.it\/wp-content\/uploads\/2024\/07\/nastro-americano-1-819x1024.jpg\" alt=\"\" class=\"wp-image-10646\" title=\"\" srcset=\"https:\/\/grupposerafin.it\/wp-content\/uploads\/2024\/07\/nastro-americano-1-819x1024.jpg 819w, https:\/\/grupposerafin.it\/wp-content\/uploads\/2024\/07\/nastro-americano-1-240x300.jpg 240w, https:\/\/grupposerafin.it\/wp-content\/uploads\/2024\/07\/nastro-americano-1-768x960.jpg 768w, https:\/\/grupposerafin.it\/wp-content\/uploads\/2024\/07\/nastro-americano-1.jpg 1080w\" sizes=\"(max-width: 819px) 100vw, 819px\" \/><\/figure>\n\n\n\n<p>Das Gewebeklebeband ist ideal zum Befestigen, Isolieren und Reparieren. Das Gewebe im Inneren des Bandes verleiht eine gro\u00dfe Widerstandsf\u00e4higkeit, die zusammen mit der hohen Qualit\u00e4t der verwendeten Klebstoffe ein Material gew\u00e4hrleistet, das erheblichen mechanischen Belastungen standh\u00e4lt. <\/p>\n<\/div>\n\n\n\n<div class=\"wp-block-column is-layout-flow wp-block-column-is-layout-flow\">\n<figure class=\"wp-block-image size-large\"><img decoding=\"async\" width=\"819\" height=\"1024\" src=\"https:\/\/grupposerafin.it\/wp-content\/uploads\/2024\/07\/nastro-americano-2-819x1024.jpg\" alt=\"\" class=\"wp-image-10649\" title=\"\" srcset=\"https:\/\/grupposerafin.it\/wp-content\/uploads\/2024\/07\/nastro-americano-2-819x1024.jpg 819w, https:\/\/grupposerafin.it\/wp-content\/uploads\/2024\/07\/nastro-americano-2-240x300.jpg 240w, https:\/\/grupposerafin.it\/wp-content\/uploads\/2024\/07\/nastro-americano-2-768x960.jpg 768w, https:\/\/grupposerafin.it\/wp-content\/uploads\/2024\/07\/nastro-americano-2.jpg 1080w\" sizes=\"(max-width: 819px) 100vw, 819px\" \/><\/figure>\n\n\n\n<p>Seine Wasserdichtigkeit widersteht Feuchtigkeit, ohne die Haftung zu beeintr\u00e4chtigen. Das Gewebeklebeband ist schnell und einfach zu verwenden und kann mit einer einfachen Handbewegung abgerissen werden. <\/p>\n<\/div>\n<\/div>\n\n<p><style>\/*! elementor - v3.11.1 - 15-02-2023 *\/&amp;amp;amp;amp;amp;amp;amp;amp;amp;lt;br \/> .elementor-widget-image{text-align:center}.elementor-widget-image a{display:inline-block}.elementor-widget-image a img[src$=\".svg\"]{width:48px}.elementor-widget-image img{vertical-align:middle;display:inline-block}<\/style><\/p>\n","protected":false},"excerpt":{"rendered":"<p>Gewebeklebeband, wasserdicht.<\/p>\n","protected":false},"author":3,"featured_media":10645,"parent":0,"template":"","product_cat":[272],"class_list":["post-12679","product","type-product","status-publish","has-post-thumbnail","hentry","product_cat-klebeband"],"acf":[],"_links":{"self":[{"href":"https:\/\/grupposerafin.it\/de\/wp-json\/wp\/v2\/product\/12679","targetHints":{"allow":["GET"]}}],"collection":[{"href":"https:\/\/grupposerafin.it\/de\/wp-json\/wp\/v2\/product"}],"about":[{"href":"https:\/\/grupposerafin.it\/de\/wp-json\/wp\/v2\/types\/product"}],"author":[{"embeddable":true,"href":"https:\/\/grupposerafin.it\/de\/wp-json\/wp\/v2\/users\/3"}],"version-history":[{"count":1,"href":"https:\/\/grupposerafin.it\/de\/wp-json\/wp\/v2\/product\/12679\/revisions"}],"predecessor-version":[{"id":12681,"href":"https:\/\/grupposerafin.it\/de\/wp-json\/wp\/v2\/product\/12679\/revisions\/12681"}],"wp:featuredmedia":[{"embeddable":true,"href":"https:\/\/grupposerafin.it\/de\/wp-json\/wp\/v2\/media\/10645"}],"wp:attachment":[{"href":"https:\/\/grupposerafin.it\/de\/wp-json\/wp\/v2\/media?parent=12679"}],"wp:term":[{"taxonomy":"product_cat","embeddable":true,"href":"https:\/\/grupposerafin.it\/de\/wp-json\/wp\/v2\/product_cat?post=12679"}],"curies":[{"name":"wp","href":"https:\/\/api.w.org\/{rel}","templated":true}]}}