{"id":12785,"date":"2024-05-17T16:31:15","date_gmt":"2024-05-17T14:31:15","guid":{"rendered":"https:\/\/grupposerafin.it\/prodotti\/wabenplatten\/"},"modified":"2025-11-03T15:41:32","modified_gmt":"2025-11-03T14:41:32","slug":"wabenplatten","status":"publish","type":"product","link":"https:\/\/grupposerafin.it\/de\/green-pack-de\/verpackungspressen\/wabenplatten\/","title":{"rendered":"Wabenplatten"},"content":{"rendered":"\n<div class=\"wp-block-columns is-layout-flex wp-container-core-columns-is-layout-28f84493 wp-block-columns-is-layout-flex\">\n<div class=\"wp-block-column is-layout-flow wp-block-column-is-layout-flow\">\n<figure class=\"wp-block-image size-large\"><img fetchpriority=\"high\" decoding=\"async\" width=\"819\" height=\"1024\" src=\"https:\/\/grupposerafin.it\/wp-content\/uploads\/2024\/07\/pannello-nido-dape-1-819x1024.jpg\" alt=\"\" class=\"wp-image-9992\" title=\"\" srcset=\"https:\/\/grupposerafin.it\/wp-content\/uploads\/2024\/07\/pannello-nido-dape-1-819x1024.jpg 819w, https:\/\/grupposerafin.it\/wp-content\/uploads\/2024\/07\/pannello-nido-dape-1-240x300.jpg 240w, https:\/\/grupposerafin.it\/wp-content\/uploads\/2024\/07\/pannello-nido-dape-1-768x960.jpg 768w, https:\/\/grupposerafin.it\/wp-content\/uploads\/2024\/07\/pannello-nido-dape-1.jpg 1080w\" sizes=\"(max-width: 819px) 100vw, 819px\" \/><\/figure>\n\n\n\n<p>Die Platte hat einen Wabenkern, w\u00e4hrend die Au\u00dfenbeschichtung aus Kraftpapier, gestrichenem Papier, farbigem Papier, bedrucktem und personalisiertem Papier bestehen kann.<\/p>\n<\/div>\n\n\n\n<div class=\"wp-block-column is-layout-flow wp-block-column-is-layout-flow\">\n<figure class=\"wp-block-image size-large\"><img decoding=\"async\" width=\"819\" height=\"1024\" src=\"https:\/\/grupposerafin.it\/wp-content\/uploads\/2024\/07\/pannello-nido-dape-2-819x1024.jpg\" alt=\"\" class=\"wp-image-9995\" title=\"\" srcset=\"https:\/\/grupposerafin.it\/wp-content\/uploads\/2024\/07\/pannello-nido-dape-2-819x1024.jpg 819w, https:\/\/grupposerafin.it\/wp-content\/uploads\/2024\/07\/pannello-nido-dape-2-240x300.jpg 240w, https:\/\/grupposerafin.it\/wp-content\/uploads\/2024\/07\/pannello-nido-dape-2-768x960.jpg 768w, https:\/\/grupposerafin.it\/wp-content\/uploads\/2024\/07\/pannello-nido-dape-2.jpg 1080w\" sizes=\"(max-width: 819px) 100vw, 819px\" \/><\/figure>\n\n\n\n<p>Die Karton-Wabenplatte kann mit unterschiedlichen Zellengr\u00f6\u00dfen geliefert werden und die Ma\u00dfe werden nach Bedarf angepasst. <\/p>\n<\/div>\n<\/div>\n","protected":false},"excerpt":{"rendered":"<p>Innovative Wabenplatte.<\/p>\n","protected":false},"author":1,"featured_media":9991,"parent":0,"template":"","product_cat":[280],"class_list":["post-12785","product","type-product","status-publish","has-post-thumbnail","hentry","product_cat-verpackungspressen"],"acf":[],"_links":{"self":[{"href":"https:\/\/grupposerafin.it\/de\/wp-json\/wp\/v2\/product\/12785","targetHints":{"allow":["GET"]}}],"collection":[{"href":"https:\/\/grupposerafin.it\/de\/wp-json\/wp\/v2\/product"}],"about":[{"href":"https:\/\/grupposerafin.it\/de\/wp-json\/wp\/v2\/types\/product"}],"author":[{"embeddable":true,"href":"https:\/\/grupposerafin.it\/de\/wp-json\/wp\/v2\/users\/1"}],"version-history":[{"count":1,"href":"https:\/\/grupposerafin.it\/de\/wp-json\/wp\/v2\/product\/12785\/revisions"}],"predecessor-version":[{"id":12786,"href":"https:\/\/grupposerafin.it\/de\/wp-json\/wp\/v2\/product\/12785\/revisions\/12786"}],"wp:featuredmedia":[{"embeddable":true,"href":"https:\/\/grupposerafin.it\/de\/wp-json\/wp\/v2\/media\/9991"}],"wp:attachment":[{"href":"https:\/\/grupposerafin.it\/de\/wp-json\/wp\/v2\/media?parent=12785"}],"wp:term":[{"taxonomy":"product_cat","embeddable":true,"href":"https:\/\/grupposerafin.it\/de\/wp-json\/wp\/v2\/product_cat?post=12785"}],"curies":[{"name":"wp","href":"https:\/\/api.w.org\/{rel}","templated":true}]}}