{"id":12791,"date":"2024-05-17T16:34:29","date_gmt":"2024-05-17T14:34:29","guid":{"rendered":"https:\/\/grupposerafin.it\/prodotti\/hauben\/"},"modified":"2025-11-03T15:41:32","modified_gmt":"2025-11-03T14:41:32","slug":"hauben","status":"publish","type":"product","link":"https:\/\/grupposerafin.it\/de\/prodotti\/hauben\/","title":{"rendered":"Hauben"},"content":{"rendered":"\n<div class=\"wp-block-columns is-layout-flex wp-container-core-columns-is-layout-28f84493 wp-block-columns-is-layout-flex\">\n<div class=\"wp-block-column is-layout-flow wp-block-column-is-layout-flow\">\n<figure class=\"wp-block-image size-large\"><img fetchpriority=\"high\" decoding=\"async\" width=\"819\" height=\"1024\" src=\"https:\/\/grupposerafin.it\/wp-content\/uploads\/2024\/07\/cuffia-gpt-1-819x1024.jpg\" alt=\"\" class=\"wp-image-10049\" title=\"\" srcset=\"https:\/\/grupposerafin.it\/wp-content\/uploads\/2024\/07\/cuffia-gpt-1-819x1024.jpg 819w, https:\/\/grupposerafin.it\/wp-content\/uploads\/2024\/07\/cuffia-gpt-1-240x300.jpg 240w, https:\/\/grupposerafin.it\/wp-content\/uploads\/2024\/07\/cuffia-gpt-1-768x960.jpg 768w, https:\/\/grupposerafin.it\/wp-content\/uploads\/2024\/07\/cuffia-gpt-1.jpg 1080w\" sizes=\"(max-width: 819px) 100vw, 819px\" \/><\/figure>\n\n\n\n<p>Die Hauben sind aus Wellpappe gefertigt und an der Basis mit einem Wabenprofilmuster verst\u00e4rkt. Sie bieten einen sehr widerstandsf\u00e4higen Schutz, da sie sich der Breite und dem Winkel des verpackten Produkts anpassen und Schutz vor St\u00f6\u00dfen sowie hohe Stabilit\u00e4t innerhalb der Sekund\u00e4rverpackung gew\u00e4hrleisten. <\/p>\n<\/div>\n\n\n\n<div class=\"wp-block-column is-layout-flow wp-block-column-is-layout-flow\">\n<figure class=\"wp-block-image size-large\"><img decoding=\"async\" width=\"819\" height=\"1024\" src=\"https:\/\/grupposerafin.it\/wp-content\/uploads\/2024\/07\/cuffia-gpt-2-819x1024.jpg\" alt=\"\" class=\"wp-image-10052\" title=\"\" srcset=\"https:\/\/grupposerafin.it\/wp-content\/uploads\/2024\/07\/cuffia-gpt-2-819x1024.jpg 819w, https:\/\/grupposerafin.it\/wp-content\/uploads\/2024\/07\/cuffia-gpt-2-240x300.jpg 240w, https:\/\/grupposerafin.it\/wp-content\/uploads\/2024\/07\/cuffia-gpt-2-768x960.jpg 768w, https:\/\/grupposerafin.it\/wp-content\/uploads\/2024\/07\/cuffia-gpt-2.jpg 1080w\" sizes=\"(max-width: 819px) 100vw, 819px\" \/><\/figure>\n\n\n\n<p>Sie enthalten mindestens 70 % Recyclingpapier und stellen eine nachhaltige Wahl dar, die die Umweltbelastung reduziert.<\/p>\n<\/div>\n<\/div>\n","protected":false},"excerpt":{"rendered":"<p>Hoher Schutz und Anpassung an das Produktprofil.<\/p>\n","protected":false},"author":1,"featured_media":10048,"parent":0,"template":"","product_cat":[281],"class_list":["post-12791","product","type-product","status-publish","has-post-thumbnail","hentry","product_cat-umreifungsmaschinen"],"acf":[],"_links":{"self":[{"href":"https:\/\/grupposerafin.it\/de\/wp-json\/wp\/v2\/product\/12791","targetHints":{"allow":["GET"]}}],"collection":[{"href":"https:\/\/grupposerafin.it\/de\/wp-json\/wp\/v2\/product"}],"about":[{"href":"https:\/\/grupposerafin.it\/de\/wp-json\/wp\/v2\/types\/product"}],"author":[{"embeddable":true,"href":"https:\/\/grupposerafin.it\/de\/wp-json\/wp\/v2\/users\/1"}],"version-history":[{"count":1,"href":"https:\/\/grupposerafin.it\/de\/wp-json\/wp\/v2\/product\/12791\/revisions"}],"predecessor-version":[{"id":12793,"href":"https:\/\/grupposerafin.it\/de\/wp-json\/wp\/v2\/product\/12791\/revisions\/12793"}],"wp:featuredmedia":[{"embeddable":true,"href":"https:\/\/grupposerafin.it\/de\/wp-json\/wp\/v2\/media\/10048"}],"wp:attachment":[{"href":"https:\/\/grupposerafin.it\/de\/wp-json\/wp\/v2\/media?parent=12791"}],"wp:term":[{"taxonomy":"product_cat","embeddable":true,"href":"https:\/\/grupposerafin.it\/de\/wp-json\/wp\/v2\/product_cat?post=12791"}],"curies":[{"name":"wp","href":"https:\/\/api.w.org\/{rel}","templated":true}]}}