{"id":12796,"date":"2024-05-17T16:34:08","date_gmt":"2024-05-17T14:34:08","guid":{"rendered":"https:\/\/grupposerafin.it\/prodotti\/l-profil\/"},"modified":"2025-11-03T15:41:32","modified_gmt":"2025-11-03T14:41:32","slug":"l-profil","status":"publish","type":"product","link":"https:\/\/grupposerafin.it\/de\/green-pack-de\/umreifungsmaschinen\/l-profil\/","title":{"rendered":"L-Profil"},"content":{"rendered":"\n<div class=\"wp-block-columns is-layout-flex wp-container-core-columns-is-layout-28f84493 wp-block-columns-is-layout-flex\">\n<div class=\"wp-block-column is-layout-flow wp-block-column-is-layout-flow\">\n<figure class=\"wp-block-image size-large\"><img fetchpriority=\"high\" decoding=\"async\" width=\"819\" height=\"1024\" src=\"https:\/\/grupposerafin.it\/wp-content\/uploads\/2024\/07\/profilo-a-l-1-819x1024.jpg\" alt=\"\" class=\"wp-image-10069\" title=\"\" srcset=\"https:\/\/grupposerafin.it\/wp-content\/uploads\/2024\/07\/profilo-a-l-1-819x1024.jpg 819w, https:\/\/grupposerafin.it\/wp-content\/uploads\/2024\/07\/profilo-a-l-1-240x300.jpg 240w, https:\/\/grupposerafin.it\/wp-content\/uploads\/2024\/07\/profilo-a-l-1-768x960.jpg 768w, https:\/\/grupposerafin.it\/wp-content\/uploads\/2024\/07\/profilo-a-l-1.jpg 1080w\" sizes=\"(max-width: 819px) 100vw, 819px\" \/><\/figure>\n\n\n\n<p>L-f\u00f6rmiger Schutz aus Wellpappe. Passt sich dem Profil des verpackten Produkts an und bietet Schutz gegen St\u00f6\u00dfe sowie Stabilit\u00e4t innerhalb der Sekund\u00e4rverpackung. Mit einem Anteil von mindestens 70 % Recyclingpapier und 100 % recycelbar, stellen sie eine nachhaltige Wahl f\u00fcr eine umweltfreundliche Verpackung dar.  <\/p>\n<\/div>\n\n\n\n<div class=\"wp-block-column is-layout-flow wp-block-column-is-layout-flow\">\n<figure class=\"wp-block-image size-large\"><img decoding=\"async\" width=\"819\" height=\"1024\" src=\"https:\/\/grupposerafin.it\/wp-content\/uploads\/2024\/07\/profilo-a-l-2-819x1024.jpg\" alt=\"\" class=\"wp-image-10072\" title=\"\" srcset=\"https:\/\/grupposerafin.it\/wp-content\/uploads\/2024\/07\/profilo-a-l-2-819x1024.jpg 819w, https:\/\/grupposerafin.it\/wp-content\/uploads\/2024\/07\/profilo-a-l-2-240x300.jpg 240w, https:\/\/grupposerafin.it\/wp-content\/uploads\/2024\/07\/profilo-a-l-2-768x960.jpg 768w, https:\/\/grupposerafin.it\/wp-content\/uploads\/2024\/07\/profilo-a-l-2.jpg 1080w\" sizes=\"(max-width: 819px) 100vw, 819px\" \/><\/figure>\n\n\n\n<p>Ideal zur Reduzierung der Umweltbelastung, bieten sie Widerstandsf\u00e4higkeit und Schutz ohne Kompromisse bei der Qualit\u00e4t. Perfekt f\u00fcr eine gr\u00fcnere Zukunft. <br\/><br\/><\/p>\n<\/div>\n<\/div>\n","protected":false},"excerpt":{"rendered":"<p>Der richtige Schutz und die passende Haftung f\u00fcr das Produkt.<\/p>\n","protected":false},"author":1,"featured_media":10068,"parent":0,"template":"","product_cat":[281],"class_list":["post-12796","product","type-product","status-publish","has-post-thumbnail","hentry","product_cat-umreifungsmaschinen"],"acf":[],"_links":{"self":[{"href":"https:\/\/grupposerafin.it\/de\/wp-json\/wp\/v2\/product\/12796","targetHints":{"allow":["GET"]}}],"collection":[{"href":"https:\/\/grupposerafin.it\/de\/wp-json\/wp\/v2\/product"}],"about":[{"href":"https:\/\/grupposerafin.it\/de\/wp-json\/wp\/v2\/types\/product"}],"author":[{"embeddable":true,"href":"https:\/\/grupposerafin.it\/de\/wp-json\/wp\/v2\/users\/1"}],"version-history":[{"count":1,"href":"https:\/\/grupposerafin.it\/de\/wp-json\/wp\/v2\/product\/12796\/revisions"}],"predecessor-version":[{"id":12798,"href":"https:\/\/grupposerafin.it\/de\/wp-json\/wp\/v2\/product\/12796\/revisions\/12798"}],"wp:featuredmedia":[{"embeddable":true,"href":"https:\/\/grupposerafin.it\/de\/wp-json\/wp\/v2\/media\/10068"}],"wp:attachment":[{"href":"https:\/\/grupposerafin.it\/de\/wp-json\/wp\/v2\/media?parent=12796"}],"wp:term":[{"taxonomy":"product_cat","embeddable":true,"href":"https:\/\/grupposerafin.it\/de\/wp-json\/wp\/v2\/product_cat?post=12796"}],"curies":[{"name":"wp","href":"https:\/\/api.w.org\/{rel}","templated":true}]}}