{"id":12799,"date":"2024-05-17T16:34:37","date_gmt":"2024-05-17T14:34:37","guid":{"rendered":"https:\/\/grupposerafin.it\/prodotti\/veniko-winkel\/"},"modified":"2025-11-03T15:42:01","modified_gmt":"2025-11-03T14:42:01","slug":"veniko-winkel","status":"publish","type":"product","link":"https:\/\/grupposerafin.it\/de\/prodotti\/veniko-winkel\/","title":{"rendered":"Veniko-Winkel"},"content":{"rendered":"\n<div class=\"wp-block-columns is-layout-flex wp-container-core-columns-is-layout-28f84493 wp-block-columns-is-layout-flex\">\n<div class=\"wp-block-column is-layout-flow wp-block-column-is-layout-flow\">\n<figure class=\"wp-block-image size-large\"><img fetchpriority=\"high\" decoding=\"async\" width=\"819\" height=\"1024\" src=\"https:\/\/grupposerafin.it\/wp-content\/uploads\/2024\/07\/angolo-veniko-1-819x1024.jpg\" alt=\"\" class=\"wp-image-10039\" title=\"\" srcset=\"https:\/\/grupposerafin.it\/wp-content\/uploads\/2024\/07\/angolo-veniko-1-819x1024.jpg 819w, https:\/\/grupposerafin.it\/wp-content\/uploads\/2024\/07\/angolo-veniko-1-240x300.jpg 240w, https:\/\/grupposerafin.it\/wp-content\/uploads\/2024\/07\/angolo-veniko-1-768x960.jpg 768w, https:\/\/grupposerafin.it\/wp-content\/uploads\/2024\/07\/angolo-veniko-1.jpg 1080w\" sizes=\"(max-width: 819px) 100vw, 819px\" \/><\/figure>\n\n\n\n<p>Winkelschutz hergestellt aus 100 % recyceltem Papier aus ausgew\u00e4hlten Rohstoffen, am Boden verst\u00e4rkt mit einer Wabenleiste f\u00fcr zus\u00e4tzlichen Schutz.<br\/><\/p>\n<\/div>\n\n\n\n<div class=\"wp-block-column is-layout-flow wp-block-column-is-layout-flow\">\n<figure class=\"wp-block-image size-large\"><img decoding=\"async\" width=\"819\" height=\"1024\" src=\"https:\/\/grupposerafin.it\/wp-content\/uploads\/2024\/07\/angolo-veniko-2-819x1024.jpg\" alt=\"\" class=\"wp-image-10042\" title=\"\" srcset=\"https:\/\/grupposerafin.it\/wp-content\/uploads\/2024\/07\/angolo-veniko-2-819x1024.jpg 819w, https:\/\/grupposerafin.it\/wp-content\/uploads\/2024\/07\/angolo-veniko-2-240x300.jpg 240w, https:\/\/grupposerafin.it\/wp-content\/uploads\/2024\/07\/angolo-veniko-2-768x960.jpg 768w, https:\/\/grupposerafin.it\/wp-content\/uploads\/2024\/07\/angolo-veniko-2.jpg 1080w\" sizes=\"(max-width: 819px) 100vw, 819px\" \/><\/figure>\n\n\n\n<p>Ideal, um Sto\u00dffestigkeit und erh\u00f6hte Stabilit\u00e4t zu gew\u00e4hrleisten. Bietet eine umweltfreundliche, nachhaltige Verpackung ohne Kompromisse bei Sicherheit und Produktqualit\u00e4t.<\/p>\n<\/div>\n<\/div>\n\n<p><\/p>\n","protected":false},"excerpt":{"rendered":"<p>Ein vielseitiger und sicherer Schutz.<\/p>\n","protected":false},"author":1,"featured_media":10038,"parent":0,"template":"","product_cat":[281],"class_list":["post-12799","product","type-product","status-publish","has-post-thumbnail","hentry","product_cat-umreifungsmaschinen"],"acf":[],"_links":{"self":[{"href":"https:\/\/grupposerafin.it\/de\/wp-json\/wp\/v2\/product\/12799","targetHints":{"allow":["GET"]}}],"collection":[{"href":"https:\/\/grupposerafin.it\/de\/wp-json\/wp\/v2\/product"}],"about":[{"href":"https:\/\/grupposerafin.it\/de\/wp-json\/wp\/v2\/types\/product"}],"author":[{"embeddable":true,"href":"https:\/\/grupposerafin.it\/de\/wp-json\/wp\/v2\/users\/1"}],"version-history":[{"count":1,"href":"https:\/\/grupposerafin.it\/de\/wp-json\/wp\/v2\/product\/12799\/revisions"}],"predecessor-version":[{"id":12801,"href":"https:\/\/grupposerafin.it\/de\/wp-json\/wp\/v2\/product\/12799\/revisions\/12801"}],"wp:featuredmedia":[{"embeddable":true,"href":"https:\/\/grupposerafin.it\/de\/wp-json\/wp\/v2\/media\/10038"}],"wp:attachment":[{"href":"https:\/\/grupposerafin.it\/de\/wp-json\/wp\/v2\/media?parent=12799"}],"wp:term":[{"taxonomy":"product_cat","embeddable":true,"href":"https:\/\/grupposerafin.it\/de\/wp-json\/wp\/v2\/product_cat?post=12799"}],"curies":[{"name":"wp","href":"https:\/\/api.w.org\/{rel}","templated":true}]}}