{"id":12800,"date":"2024-05-17T16:36:16","date_gmt":"2024-05-17T14:36:16","guid":{"rendered":"https:\/\/grupposerafin.it\/prodotti\/presskarton-kantenschutz\/"},"modified":"2025-11-03T15:42:03","modified_gmt":"2025-11-03T14:42:03","slug":"presskarton-kantenschutz","status":"publish","type":"product","link":"https:\/\/grupposerafin.it\/de\/green-pack-de\/presskarton-kantenschutz\/","title":{"rendered":"Presskarton-Kantenschutz"},"content":{"rendered":"\n<div class=\"wp-block-columns is-layout-flex wp-container-core-columns-is-layout-28f84493 wp-block-columns-is-layout-flex\">\n<div class=\"wp-block-column is-layout-flow wp-block-column-is-layout-flow\">\n<figure class=\"wp-block-image size-large\"><img fetchpriority=\"high\" decoding=\"async\" width=\"819\" height=\"1024\" src=\"https:\/\/grupposerafin.it\/wp-content\/uploads\/2024\/07\/angolari-cartone-pressato-1-819x1024.jpg\" alt=\"\" class=\"wp-image-9892\" title=\"\" srcset=\"https:\/\/grupposerafin.it\/wp-content\/uploads\/2024\/07\/angolari-cartone-pressato-1-819x1024.jpg 819w, https:\/\/grupposerafin.it\/wp-content\/uploads\/2024\/07\/angolari-cartone-pressato-1-240x300.jpg 240w, https:\/\/grupposerafin.it\/wp-content\/uploads\/2024\/07\/angolari-cartone-pressato-1-768x960.jpg 768w, https:\/\/grupposerafin.it\/wp-content\/uploads\/2024\/07\/angolari-cartone-pressato-1.jpg 1080w\" sizes=\"(max-width: 819px) 100vw, 819px\" \/><\/figure>\n\n\n\n<p>Die Profile und Winkel aus gepresstem Karton erm\u00f6glichen es Ihnen, Ihre Verpackung und Palette zu vervollst\u00e4ndigen und gegen St\u00f6\u00dfe, Druck und Quetschungen zu sichern. Die Winkel aus gepresstem Karton sind in L-Form gefertigt und an die L\u00e4nge der Waren angepasst. Sie sch\u00fctzen nicht nur 90\u00b0-Ecken und Kanten und erleichtern die Palettenherstellung, sondern erleichtern dank ihrer hohen Widerstandsf\u00e4higkeit auch die Stapelung und Lagerung der Waren.  <\/p>\n<\/div>\n\n\n\n<div class=\"wp-block-column is-layout-flow wp-block-column-is-layout-flow\">\n<figure class=\"wp-block-image size-large\"><img decoding=\"async\" width=\"819\" height=\"1024\" src=\"https:\/\/grupposerafin.it\/wp-content\/uploads\/2024\/07\/angolari-cartone-pressato-2-819x1024.jpg\" alt=\"\" class=\"wp-image-9895\" title=\"\" srcset=\"https:\/\/grupposerafin.it\/wp-content\/uploads\/2024\/07\/angolari-cartone-pressato-2-819x1024.jpg 819w, https:\/\/grupposerafin.it\/wp-content\/uploads\/2024\/07\/angolari-cartone-pressato-2-240x300.jpg 240w, https:\/\/grupposerafin.it\/wp-content\/uploads\/2024\/07\/angolari-cartone-pressato-2-768x960.jpg 768w, https:\/\/grupposerafin.it\/wp-content\/uploads\/2024\/07\/angolari-cartone-pressato-2.jpg 1080w\" sizes=\"(max-width: 819px) 100vw, 819px\" \/><\/figure>\n\n\n\n<p>Die Wahl von Profilen und Platten aus gepresstem Karton bedeutet, eine verantwortungsvolle und umweltfreundliche Wahl zu treffen. Sie werden n\u00e4mlich vollst\u00e4ndig aus Recyclingpapier hergestellt und k\u00f6nnen leicht entsorgt werden, da sie zu 100 % recycelbar sind. <\/p>\n<\/div>\n<\/div>\n","protected":false},"excerpt":{"rendered":"<p>Winkel und Profile aus gepresstem Karton f\u00fcr maximale Sicherheit der Verpackung<\/p>\n","protected":false},"author":1,"featured_media":9900,"parent":0,"template":"","product_cat":[313],"class_list":["post-12800","product","type-product","status-publish","has-post-thumbnail","hentry","product_cat-green-pack-de"],"acf":[],"_links":{"self":[{"href":"https:\/\/grupposerafin.it\/de\/wp-json\/wp\/v2\/product\/12800","targetHints":{"allow":["GET"]}}],"collection":[{"href":"https:\/\/grupposerafin.it\/de\/wp-json\/wp\/v2\/product"}],"about":[{"href":"https:\/\/grupposerafin.it\/de\/wp-json\/wp\/v2\/types\/product"}],"author":[{"embeddable":true,"href":"https:\/\/grupposerafin.it\/de\/wp-json\/wp\/v2\/users\/1"}],"version-history":[{"count":1,"href":"https:\/\/grupposerafin.it\/de\/wp-json\/wp\/v2\/product\/12800\/revisions"}],"predecessor-version":[{"id":12802,"href":"https:\/\/grupposerafin.it\/de\/wp-json\/wp\/v2\/product\/12800\/revisions\/12802"}],"wp:featuredmedia":[{"embeddable":true,"href":"https:\/\/grupposerafin.it\/de\/wp-json\/wp\/v2\/media\/9900"}],"wp:attachment":[{"href":"https:\/\/grupposerafin.it\/de\/wp-json\/wp\/v2\/media?parent=12800"}],"wp:term":[{"taxonomy":"product_cat","embeddable":true,"href":"https:\/\/grupposerafin.it\/de\/wp-json\/wp\/v2\/product_cat?post=12800"}],"curies":[{"name":"wp","href":"https:\/\/api.w.org\/{rel}","templated":true}]}}