{"id":12803,"date":"2024-05-17T16:34:44","date_gmt":"2024-05-17T14:34:44","guid":{"rendered":"https:\/\/grupposerafin.it\/prodotti\/venezia-ecke\/"},"modified":"2025-11-03T15:42:01","modified_gmt":"2025-11-03T14:42:01","slug":"venezia-ecke","status":"publish","type":"product","link":"https:\/\/grupposerafin.it\/de\/prodotti\/venezia-ecke\/","title":{"rendered":"Venezia-Ecke"},"content":{"rendered":"\n<div class=\"wp-block-columns is-layout-flex wp-container-core-columns-is-layout-28f84493 wp-block-columns-is-layout-flex\">\n<div class=\"wp-block-column is-layout-flow wp-block-column-is-layout-flow\">\n<figure class=\"wp-block-image size-large\"><img fetchpriority=\"high\" decoding=\"async\" width=\"819\" height=\"1024\" src=\"https:\/\/grupposerafin.it\/wp-content\/uploads\/2024\/07\/angolo-venezia-1-819x1024.jpg\" alt=\"\" class=\"wp-image-10029\" title=\"\" srcset=\"https:\/\/grupposerafin.it\/wp-content\/uploads\/2024\/07\/angolo-venezia-1-819x1024.jpg 819w, https:\/\/grupposerafin.it\/wp-content\/uploads\/2024\/07\/angolo-venezia-1-240x300.jpg 240w, https:\/\/grupposerafin.it\/wp-content\/uploads\/2024\/07\/angolo-venezia-1-768x960.jpg 768w, https:\/\/grupposerafin.it\/wp-content\/uploads\/2024\/07\/angolo-venezia-1.jpg 1080w\" sizes=\"(max-width: 819px) 100vw, 819px\" \/><\/figure>\n\n\n\n<p>Diese auf zwei Seiten geschlossene Ecke ist ideal zum Schutz von Kanten und R\u00e4ndern vor St\u00f6\u00dfen und Kratzern und gew\u00e4hrleistet maximale Festigkeit und Stabilit\u00e4t w\u00e4hrend des Transports und der Lagerung. <\/p>\n<\/div>\n\n\n\n<div class=\"wp-block-column is-layout-flow wp-block-column-is-layout-flow\">\n<figure class=\"wp-block-image size-large\"><img decoding=\"async\" width=\"819\" height=\"1024\" src=\"https:\/\/grupposerafin.it\/wp-content\/uploads\/2024\/07\/angolo-venezia-2-819x1024.jpg\" alt=\"\" class=\"wp-image-10032\" title=\"\" srcset=\"https:\/\/grupposerafin.it\/wp-content\/uploads\/2024\/07\/angolo-venezia-2-819x1024.jpg 819w, https:\/\/grupposerafin.it\/wp-content\/uploads\/2024\/07\/angolo-venezia-2-240x300.jpg 240w, https:\/\/grupposerafin.it\/wp-content\/uploads\/2024\/07\/angolo-venezia-2-768x960.jpg 768w, https:\/\/grupposerafin.it\/wp-content\/uploads\/2024\/07\/angolo-venezia-2.jpg 1080w\" sizes=\"(max-width: 819px) 100vw, 819px\" \/><\/figure>\n\n\n\n<p>Hergestellt aus robuster Pappe bietet sie auch f\u00fcr empfindliche Produkte optimalen Schutz und h\u00e4lt die Ecken intakt. <\/p>\n<\/div>\n<\/div>\n","protected":false},"excerpt":{"rendered":"<p>Ein umfassender Schutz von Kanten und R\u00e4ndern gegen St\u00f6\u00dfe und Kratzer.<\/p>\n","protected":false},"author":1,"featured_media":10028,"parent":0,"template":"","product_cat":[281],"class_list":["post-12803","product","type-product","status-publish","has-post-thumbnail","hentry","product_cat-umreifungsmaschinen"],"acf":[],"_links":{"self":[{"href":"https:\/\/grupposerafin.it\/de\/wp-json\/wp\/v2\/product\/12803","targetHints":{"allow":["GET"]}}],"collection":[{"href":"https:\/\/grupposerafin.it\/de\/wp-json\/wp\/v2\/product"}],"about":[{"href":"https:\/\/grupposerafin.it\/de\/wp-json\/wp\/v2\/types\/product"}],"author":[{"embeddable":true,"href":"https:\/\/grupposerafin.it\/de\/wp-json\/wp\/v2\/users\/1"}],"version-history":[{"count":1,"href":"https:\/\/grupposerafin.it\/de\/wp-json\/wp\/v2\/product\/12803\/revisions"}],"predecessor-version":[{"id":12805,"href":"https:\/\/grupposerafin.it\/de\/wp-json\/wp\/v2\/product\/12803\/revisions\/12805"}],"wp:featuredmedia":[{"embeddable":true,"href":"https:\/\/grupposerafin.it\/de\/wp-json\/wp\/v2\/media\/10028"}],"wp:attachment":[{"href":"https:\/\/grupposerafin.it\/de\/wp-json\/wp\/v2\/media?parent=12803"}],"wp:term":[{"taxonomy":"product_cat","embeddable":true,"href":"https:\/\/grupposerafin.it\/de\/wp-json\/wp\/v2\/product_cat?post=12803"}],"curies":[{"name":"wp","href":"https:\/\/api.w.org\/{rel}","templated":true}]}}