{"id":12811,"date":"2024-05-17T16:34:52","date_gmt":"2024-05-17T14:34:52","guid":{"rendered":"https:\/\/grupposerafin.it\/prodotti\/winkel-treviso\/"},"modified":"2025-11-03T15:42:01","modified_gmt":"2025-11-03T14:42:01","slug":"winkel-treviso","status":"publish","type":"product","link":"https:\/\/grupposerafin.it\/de\/prodotti\/winkel-treviso\/","title":{"rendered":"Winkel Treviso"},"content":{"rendered":"\n<div class=\"wp-block-columns is-layout-flex wp-container-core-columns-is-layout-28f84493 wp-block-columns-is-layout-flex\">\n<div class=\"wp-block-column is-layout-flow wp-block-column-is-layout-flow\">\n<figure class=\"wp-block-image size-large\"><img fetchpriority=\"high\" decoding=\"async\" width=\"819\" height=\"1024\" src=\"https:\/\/grupposerafin.it\/wp-content\/uploads\/2024\/07\/angolo-treviso-1-819x1024.jpg\" alt=\"\" class=\"wp-image-10019\" title=\"\" srcset=\"https:\/\/grupposerafin.it\/wp-content\/uploads\/2024\/07\/angolo-treviso-1-819x1024.jpg 819w, https:\/\/grupposerafin.it\/wp-content\/uploads\/2024\/07\/angolo-treviso-1-240x300.jpg 240w, https:\/\/grupposerafin.it\/wp-content\/uploads\/2024\/07\/angolo-treviso-1-768x960.jpg 768w, https:\/\/grupposerafin.it\/wp-content\/uploads\/2024\/07\/angolo-treviso-1.jpg 1080w\" sizes=\"(max-width: 819px) 100vw, 819px\" \/><\/figure>\n\n\n\n<p>Schutz f\u00fcr 90\u00b0-Ecken, hergestellt aus hochwertigem Karton, ideal zum Schutz von Ecken w\u00e4hrend des Transports und der Lagerung. Dank seiner robusten Struktur bietet er eine ausgezeichnete Sto\u00dffestigkeit und sch\u00fctzt wirksam vor Dellen, Kratzern und versehentlichen Besch\u00e4digungen. <\/p>\n<\/div>\n\n\n\n<div class=\"wp-block-column is-layout-flow wp-block-column-is-layout-flow\">\n<figure class=\"wp-block-image size-large\"><img decoding=\"async\" width=\"819\" height=\"1024\" src=\"https:\/\/grupposerafin.it\/wp-content\/uploads\/2024\/07\/angolo-treviso-2-819x1024.jpg\" alt=\"\" class=\"wp-image-10022\" title=\"\" srcset=\"https:\/\/grupposerafin.it\/wp-content\/uploads\/2024\/07\/angolo-treviso-2-819x1024.jpg 819w, https:\/\/grupposerafin.it\/wp-content\/uploads\/2024\/07\/angolo-treviso-2-240x300.jpg 240w, https:\/\/grupposerafin.it\/wp-content\/uploads\/2024\/07\/angolo-treviso-2-768x960.jpg 768w, https:\/\/grupposerafin.it\/wp-content\/uploads\/2024\/07\/angolo-treviso-2.jpg 1080w\" sizes=\"(max-width: 819px) 100vw, 819px\" \/><\/figure>\n\n\n\n<p>Der Winkel Treviso ist einfach anzubringen, f\u00fcr verschiedene Arten von Oberfl\u00e4chen geeignet und garantiert einen sicheren und dauerhaften Schutz, wodurch die Unversehrtheit des verpackten Produkts erhalten bleibt.<\/p>\n<\/div>\n<\/div>\n","protected":false},"excerpt":{"rendered":"<p>Der beste Schutz f\u00fcr 90\u00b0-Ecken.<\/p>\n","protected":false},"author":1,"featured_media":10018,"parent":0,"template":"","product_cat":[281],"class_list":["post-12811","product","type-product","status-publish","has-post-thumbnail","hentry","product_cat-umreifungsmaschinen"],"acf":[],"_links":{"self":[{"href":"https:\/\/grupposerafin.it\/de\/wp-json\/wp\/v2\/product\/12811","targetHints":{"allow":["GET"]}}],"collection":[{"href":"https:\/\/grupposerafin.it\/de\/wp-json\/wp\/v2\/product"}],"about":[{"href":"https:\/\/grupposerafin.it\/de\/wp-json\/wp\/v2\/types\/product"}],"author":[{"embeddable":true,"href":"https:\/\/grupposerafin.it\/de\/wp-json\/wp\/v2\/users\/1"}],"version-history":[{"count":1,"href":"https:\/\/grupposerafin.it\/de\/wp-json\/wp\/v2\/product\/12811\/revisions"}],"predecessor-version":[{"id":12812,"href":"https:\/\/grupposerafin.it\/de\/wp-json\/wp\/v2\/product\/12811\/revisions\/12812"}],"wp:featuredmedia":[{"embeddable":true,"href":"https:\/\/grupposerafin.it\/de\/wp-json\/wp\/v2\/media\/10018"}],"wp:attachment":[{"href":"https:\/\/grupposerafin.it\/de\/wp-json\/wp\/v2\/media?parent=12811"}],"wp:term":[{"taxonomy":"product_cat","embeddable":true,"href":"https:\/\/grupposerafin.it\/de\/wp-json\/wp\/v2\/product_cat?post=12811"}],"curies":[{"name":"wp","href":"https:\/\/api.w.org\/{rel}","templated":true}]}}