{"id":12813,"date":"2024-05-17T16:37:37","date_gmt":"2024-05-17T14:37:37","guid":{"rendered":"https:\/\/grupposerafin.it\/prodotti\/paneele\/"},"modified":"2025-11-03T15:42:03","modified_gmt":"2025-11-03T14:42:03","slug":"paneele","status":"publish","type":"product","link":"https:\/\/grupposerafin.it\/de\/green-pack-de\/etikettier-und-kennzeichnungssysteme\/paneele\/","title":{"rendered":"Paneele"},"content":{"rendered":"\n<div class=\"wp-block-columns is-layout-flex wp-container-core-columns-is-layout-28f84493 wp-block-columns-is-layout-flex\">\n<div class=\"wp-block-column is-layout-flow wp-block-column-is-layout-flow\">\n<figure class=\"wp-block-image size-large\"><img fetchpriority=\"high\" decoding=\"async\" width=\"819\" height=\"1024\" src=\"https:\/\/grupposerafin.it\/wp-content\/uploads\/2024\/07\/pannello-1-819x1024.jpg\" alt=\"\" class=\"wp-image-10088\" title=\"\" srcset=\"https:\/\/grupposerafin.it\/wp-content\/uploads\/2024\/07\/pannello-1-819x1024.jpg 819w, https:\/\/grupposerafin.it\/wp-content\/uploads\/2024\/07\/pannello-1-240x300.jpg 240w, https:\/\/grupposerafin.it\/wp-content\/uploads\/2024\/07\/pannello-1-768x960.jpg 768w, https:\/\/grupposerafin.it\/wp-content\/uploads\/2024\/07\/pannello-1.jpg 1080w\" sizes=\"(max-width: 819px) 100vw, 819px\" \/><\/figure>\n\n\n\n<p>Ausgezeichnete B\u00f6den f\u00fcr Papierpaletten, die entwickelt wurden, um eine \u00f6kologische und widerstandsf\u00e4hige L\u00f6sung f\u00fcr Transport und Lagerung zu bieten. Sie bestehen aus zwei- oder dreiwelliger Wellpappe und gew\u00e4hrleisten Stabilit\u00e4t und hohe Tragf\u00e4higkeit. <\/p>\n<\/div>\n\n\n\n<div class=\"wp-block-column is-layout-flow wp-block-column-is-layout-flow\">\n<figure class=\"wp-block-image size-large\"><img decoding=\"async\" width=\"819\" height=\"1024\" src=\"https:\/\/grupposerafin.it\/wp-content\/uploads\/2024\/07\/pannello-2-819x1024.jpg\" alt=\"\" class=\"wp-image-10091\" title=\"\" srcset=\"https:\/\/grupposerafin.it\/wp-content\/uploads\/2024\/07\/pannello-2-819x1024.jpg 819w, https:\/\/grupposerafin.it\/wp-content\/uploads\/2024\/07\/pannello-2-240x300.jpg 240w, https:\/\/grupposerafin.it\/wp-content\/uploads\/2024\/07\/pannello-2-768x960.jpg 768w, https:\/\/grupposerafin.it\/wp-content\/uploads\/2024\/07\/pannello-2.jpg 1080w\" sizes=\"(max-width: 819px) 100vw, 819px\" \/><\/figure>\n\n\n\n<p>Sie enthalten mindestens 70 % Recyclingpapier, sind zu 100 % recycelbar und tragen zu einer nachhaltigen Verpackung bei, ohne die Qualit\u00e4t zu beeintr\u00e4chtigen.<\/p>\n<\/div>\n<\/div>\n\n<p><\/p>\n","protected":false},"excerpt":{"rendered":"<p>\u00d6kologische und widerstandsf\u00e4hige B\u00f6den f\u00fcr Papierpaletten.<\/p>\n","protected":false},"author":1,"featured_media":10096,"parent":0,"template":"","product_cat":[284],"class_list":["post-12813","product","type-product","status-publish","has-post-thumbnail","hentry","product_cat-etikettier-und-kennzeichnungssysteme"],"acf":[],"_links":{"self":[{"href":"https:\/\/grupposerafin.it\/de\/wp-json\/wp\/v2\/product\/12813","targetHints":{"allow":["GET"]}}],"collection":[{"href":"https:\/\/grupposerafin.it\/de\/wp-json\/wp\/v2\/product"}],"about":[{"href":"https:\/\/grupposerafin.it\/de\/wp-json\/wp\/v2\/types\/product"}],"author":[{"embeddable":true,"href":"https:\/\/grupposerafin.it\/de\/wp-json\/wp\/v2\/users\/1"}],"version-history":[{"count":1,"href":"https:\/\/grupposerafin.it\/de\/wp-json\/wp\/v2\/product\/12813\/revisions"}],"predecessor-version":[{"id":12814,"href":"https:\/\/grupposerafin.it\/de\/wp-json\/wp\/v2\/product\/12813\/revisions\/12814"}],"wp:featuredmedia":[{"embeddable":true,"href":"https:\/\/grupposerafin.it\/de\/wp-json\/wp\/v2\/media\/10096"}],"wp:attachment":[{"href":"https:\/\/grupposerafin.it\/de\/wp-json\/wp\/v2\/media?parent=12813"}],"wp:term":[{"taxonomy":"product_cat","embeddable":true,"href":"https:\/\/grupposerafin.it\/de\/wp-json\/wp\/v2\/product_cat?post=12813"}],"curies":[{"name":"wp","href":"https:\/\/api.w.org\/{rel}","templated":true}]}}