{"id":12861,"date":"2023-02-06T13:26:56","date_gmt":"2023-02-06T12:26:56","guid":{"rendered":"https:\/\/grupposerafin.it\/prodotti\/spezialbaender\/"},"modified":"2025-11-03T15:43:43","modified_gmt":"2025-11-03T14:43:43","slug":"spezialbaender","status":"publish","type":"product","link":"https:\/\/grupposerafin.it\/de\/sf-packaging-de\/klebeband\/spezialbaender\/","title":{"rendered":"Spezialb\u00e4nder"},"content":{"rendered":"\n<div class=\"wp-block-columns is-layout-flex wp-container-core-columns-is-layout-28f84493 wp-block-columns-is-layout-flex\">\n<div class=\"wp-block-column is-layout-flow wp-block-column-is-layout-flow\">\n<figure class=\"wp-block-image size-large\"><img fetchpriority=\"high\" decoding=\"async\" width=\"819\" height=\"1024\" src=\"https:\/\/grupposerafin.it\/wp-content\/uploads\/2024\/07\/nastri-speciali-biadesivo-819x1024.jpg\" alt=\"\" class=\"wp-image-10659\" title=\"\" srcset=\"https:\/\/grupposerafin.it\/wp-content\/uploads\/2024\/07\/nastri-speciali-biadesivo-819x1024.jpg 819w, https:\/\/grupposerafin.it\/wp-content\/uploads\/2024\/07\/nastri-speciali-biadesivo-240x300.jpg 240w, https:\/\/grupposerafin.it\/wp-content\/uploads\/2024\/07\/nastri-speciali-biadesivo-768x960.jpg 768w, https:\/\/grupposerafin.it\/wp-content\/uploads\/2024\/07\/nastri-speciali-biadesivo.jpg 1080w\" sizes=\"(max-width: 819px) 100vw, 819px\" \/><\/figure>\n\n\n\n<p>Das <b>Filamentband<\/b> ist ein universelles hochfestes Band. Ein- oder bidirektional, verst\u00e4rkt mit Glasfaserf\u00e4den, garantiert es eine hohe Zugfestigkeit \u00fcber die gesamte Breite und L\u00e4nge des Bandes. Das <b>doppelseitige Klebeband<\/b> bietet ausgezeichnete Haftung und je nach Bedarf k\u00f6nnen wir die beste Variante f\u00fcr industrielle und handwerkliche Anwendungen anbieten.  <\/p>\n<\/div>\n\n\n\n<div class=\"wp-block-column is-layout-flow wp-block-column-is-layout-flow\">\n<figure class=\"wp-block-image size-large\"><img decoding=\"async\" width=\"819\" height=\"1024\" src=\"https:\/\/grupposerafin.it\/wp-content\/uploads\/2024\/07\/nastri-speciali-filament-819x1024.jpg\" alt=\"\" class=\"wp-image-10656\" title=\"\" srcset=\"https:\/\/grupposerafin.it\/wp-content\/uploads\/2024\/07\/nastri-speciali-filament-819x1024.jpg 819w, https:\/\/grupposerafin.it\/wp-content\/uploads\/2024\/07\/nastri-speciali-filament-240x300.jpg 240w, https:\/\/grupposerafin.it\/wp-content\/uploads\/2024\/07\/nastri-speciali-filament-768x960.jpg 768w, https:\/\/grupposerafin.it\/wp-content\/uploads\/2024\/07\/nastri-speciali-filament.jpg 1080w\" sizes=\"(max-width: 819px) 100vw, 819px\" \/><\/figure>\n\n\n\n<p> Das <b>manipulationssichere Band<\/b> (Secure Tape) ist ein Spezialband zur Verhinderung von Diebstahl, Betrug, unbefugtem \u00d6ffnen und Manipulation von Paketen und Kartons. Es ist von hoher Qualit\u00e4t, geeignet f\u00fcr die Verwendung auf Papier und Karton sowie auf Stretchfolie, die Paletten umwickelt. Es ist ein Spezialband, das als Sicherheitssiegel dient und dem Verk\u00e4ufer erm\u00f6glicht, sich vor m\u00f6glichen Manipulationen zu sch\u00fctzen.  <\/p>\n<\/div>\n<\/div>\n","protected":false},"excerpt":{"rendered":"<p>Filament-, doppelseitiges und manipulationssicheres Band f\u00fcr jeden Bedarf.<\/p>\n","protected":false},"author":3,"featured_media":10655,"parent":0,"template":"","product_cat":[272],"class_list":["post-12861","product","type-product","status-publish","has-post-thumbnail","hentry","product_cat-klebeband"],"acf":[],"_links":{"self":[{"href":"https:\/\/grupposerafin.it\/de\/wp-json\/wp\/v2\/product\/12861","targetHints":{"allow":["GET"]}}],"collection":[{"href":"https:\/\/grupposerafin.it\/de\/wp-json\/wp\/v2\/product"}],"about":[{"href":"https:\/\/grupposerafin.it\/de\/wp-json\/wp\/v2\/types\/product"}],"author":[{"embeddable":true,"href":"https:\/\/grupposerafin.it\/de\/wp-json\/wp\/v2\/users\/3"}],"version-history":[{"count":1,"href":"https:\/\/grupposerafin.it\/de\/wp-json\/wp\/v2\/product\/12861\/revisions"}],"predecessor-version":[{"id":12865,"href":"https:\/\/grupposerafin.it\/de\/wp-json\/wp\/v2\/product\/12861\/revisions\/12865"}],"wp:featuredmedia":[{"embeddable":true,"href":"https:\/\/grupposerafin.it\/de\/wp-json\/wp\/v2\/media\/10655"}],"wp:attachment":[{"href":"https:\/\/grupposerafin.it\/de\/wp-json\/wp\/v2\/media?parent=12861"}],"wp:term":[{"taxonomy":"product_cat","embeddable":true,"href":"https:\/\/grupposerafin.it\/de\/wp-json\/wp\/v2\/product_cat?post=12861"}],"curies":[{"name":"wp","href":"https:\/\/api.w.org\/{rel}","templated":true}]}}