{"id":12872,"date":"2023-02-06T13:40:26","date_gmt":"2023-02-06T12:40:26","guid":{"rendered":"https:\/\/grupposerafin.it\/prodotti\/pet-klebeband\/"},"modified":"2025-11-03T15:43:43","modified_gmt":"2025-11-03T14:43:43","slug":"pet-klebeband","status":"publish","type":"product","link":"https:\/\/grupposerafin.it\/de\/sf-packaging-de\/klebeband\/pet-klebeband\/","title":{"rendered":"PET-Klebeband"},"content":{"rendered":"\n<div class=\"wp-block-columns is-layout-flex wp-container-core-columns-is-layout-28f84493 wp-block-columns-is-layout-flex\">\n<div class=\"wp-block-column is-layout-flow wp-block-column-is-layout-flow\">\n<figure class=\"wp-block-image size-large\"><img fetchpriority=\"high\" decoding=\"async\" width=\"819\" height=\"1024\" src=\"https:\/\/grupposerafin.it\/wp-content\/uploads\/2024\/07\/nastro-adesivo-pet-1-819x1024.jpg\" alt=\"\" class=\"wp-image-10616\" title=\"\" srcset=\"https:\/\/grupposerafin.it\/wp-content\/uploads\/2024\/07\/nastro-adesivo-pet-1-819x1024.jpg 819w, https:\/\/grupposerafin.it\/wp-content\/uploads\/2024\/07\/nastro-adesivo-pet-1-240x300.jpg 240w, https:\/\/grupposerafin.it\/wp-content\/uploads\/2024\/07\/nastro-adesivo-pet-1-768x960.jpg 768w, https:\/\/grupposerafin.it\/wp-content\/uploads\/2024\/07\/nastro-adesivo-pet-1.jpg 1080w\" sizes=\"(max-width: 819px) 100vw, 819px\" \/><\/figure>\n\n\n\n<p>PET-Klebeband ist eine widerstandsf\u00e4hige und langlebige Klebebandart, die f\u00fcr eine Vielzahl von industriellen Anwendungen verwendet wird. Es wird aus einem verst\u00e4rkten Polyestertr\u00e4ger hergestellt, der ihm eine hohe Zugfestigkeit und Rei\u00dffestigkeit verleiht.  <\/p>\n<\/div>\n\n\n\n<div class=\"wp-block-column is-layout-flow wp-block-column-is-layout-flow\">\n<figure class=\"wp-block-image size-large\"><img decoding=\"async\" width=\"819\" height=\"1024\" src=\"https:\/\/grupposerafin.it\/wp-content\/uploads\/2024\/07\/nastro-adesivo-pet-2-819x1024.jpg\" alt=\"\" class=\"wp-image-10619\" title=\"\" srcset=\"https:\/\/grupposerafin.it\/wp-content\/uploads\/2024\/07\/nastro-adesivo-pet-2-819x1024.jpg 819w, https:\/\/grupposerafin.it\/wp-content\/uploads\/2024\/07\/nastro-adesivo-pet-2-240x300.jpg 240w, https:\/\/grupposerafin.it\/wp-content\/uploads\/2024\/07\/nastro-adesivo-pet-2-768x960.jpg 768w, https:\/\/grupposerafin.it\/wp-content\/uploads\/2024\/07\/nastro-adesivo-pet-2.jpg 1080w\" sizes=\"(max-width: 819px) 100vw, 819px\" \/><\/figure>\n\n\n\n<p>Es hat eine geringere Umweltbelastung im Vergleich zu herk\u00f6mmlichen Klebeb\u00e4ndern: Die reduzierte Dicke erm\u00f6glicht eine erhebliche Einsparung von Kunststoff und einen geringeren Platzbedarf bei gleicher Meterzahl.<\/p>\n\n\n\n<p><br\/><\/p>\n<\/div>\n<\/div>\n","protected":false},"excerpt":{"rendered":"<p>D\u00fcnner Kunststofftr\u00e4ger, vollst\u00e4ndig recycelbar.<\/p>\n","protected":false},"author":3,"featured_media":10615,"parent":0,"template":"","product_cat":[272],"class_list":["post-12872","product","type-product","status-publish","has-post-thumbnail","hentry","product_cat-klebeband"],"acf":[],"_links":{"self":[{"href":"https:\/\/grupposerafin.it\/de\/wp-json\/wp\/v2\/product\/12872","targetHints":{"allow":["GET"]}}],"collection":[{"href":"https:\/\/grupposerafin.it\/de\/wp-json\/wp\/v2\/product"}],"about":[{"href":"https:\/\/grupposerafin.it\/de\/wp-json\/wp\/v2\/types\/product"}],"author":[{"embeddable":true,"href":"https:\/\/grupposerafin.it\/de\/wp-json\/wp\/v2\/users\/3"}],"version-history":[{"count":1,"href":"https:\/\/grupposerafin.it\/de\/wp-json\/wp\/v2\/product\/12872\/revisions"}],"predecessor-version":[{"id":12874,"href":"https:\/\/grupposerafin.it\/de\/wp-json\/wp\/v2\/product\/12872\/revisions\/12874"}],"wp:featuredmedia":[{"embeddable":true,"href":"https:\/\/grupposerafin.it\/de\/wp-json\/wp\/v2\/media\/10615"}],"wp:attachment":[{"href":"https:\/\/grupposerafin.it\/de\/wp-json\/wp\/v2\/media?parent=12872"}],"wp:term":[{"taxonomy":"product_cat","embeddable":true,"href":"https:\/\/grupposerafin.it\/de\/wp-json\/wp\/v2\/product_cat?post=12872"}],"curies":[{"name":"wp","href":"https:\/\/api.w.org\/{rel}","templated":true}]}}