{"id":12887,"date":"2024-05-17T16:21:26","date_gmt":"2024-05-17T14:21:26","guid":{"rendered":"https:\/\/grupposerafin.it\/prodotti\/graue-schaumpolyethylen-rohre\/"},"modified":"2025-11-03T15:44:13","modified_gmt":"2025-11-03T14:44:13","slug":"graue-schaumpolyethylen-rohre","status":"publish","type":"product","link":"https:\/\/grupposerafin.it\/de\/prodotti\/graue-schaumpolyethylen-rohre\/","title":{"rendered":"Graue Schaumpolyethylen-Rohre"},"content":{"rendered":"\n<div class=\"wp-block-columns is-layout-flex wp-container-core-columns-is-layout-28f84493 wp-block-columns-is-layout-flex\">\n<div class=\"wp-block-column is-layout-flow wp-block-column-is-layout-flow\">\n<figure class=\"wp-block-image size-large\"><img fetchpriority=\"high\" decoding=\"async\" width=\"819\" height=\"1024\" src=\"https:\/\/grupposerafin.it\/wp-content\/uploads\/2024\/07\/tubi-polipropilene-espanso-1-819x1024.jpg\" alt=\"\" class=\"wp-image-10871\" title=\"\" srcset=\"https:\/\/grupposerafin.it\/wp-content\/uploads\/2024\/07\/tubi-polipropilene-espanso-1-819x1024.jpg 819w, https:\/\/grupposerafin.it\/wp-content\/uploads\/2024\/07\/tubi-polipropilene-espanso-1-240x300.jpg 240w, https:\/\/grupposerafin.it\/wp-content\/uploads\/2024\/07\/tubi-polipropilene-espanso-1-768x960.jpg 768w, https:\/\/grupposerafin.it\/wp-content\/uploads\/2024\/07\/tubi-polipropilene-espanso-1.jpg 1080w\" sizes=\"(max-width: 819px) 100vw, 819px\" \/><\/figure>\n\n\n\n<p>Die grauen Rohre aus expandiertem Polyethylen bieten eine ausgezeichnete Isolierungsl\u00f6sung f\u00fcr Sanit\u00e4r- und Heizungsanlagen. Sie sind leicht, flexibel und widerstandsf\u00e4hig und bieten einen wirksamen Schutz gegen Temperaturschwankungen, Feuchtigkeit und Kondensation, wodurch der W\u00e4rmeverlust reduziert und die Energieeffizienz verbessert wird.  <\/p>\n<\/div>\n\n\n\n<div class=\"wp-block-column is-layout-flow wp-block-column-is-layout-flow\">\n<figure class=\"wp-block-image size-large\"><img decoding=\"async\" width=\"819\" height=\"1024\" src=\"https:\/\/grupposerafin.it\/wp-content\/uploads\/2024\/07\/tubi-polipropilene-espanso-2-819x1024.jpg\" alt=\"\" class=\"wp-image-10874\" title=\"\" srcset=\"https:\/\/grupposerafin.it\/wp-content\/uploads\/2024\/07\/tubi-polipropilene-espanso-2-819x1024.jpg 819w, https:\/\/grupposerafin.it\/wp-content\/uploads\/2024\/07\/tubi-polipropilene-espanso-2-240x300.jpg 240w, https:\/\/grupposerafin.it\/wp-content\/uploads\/2024\/07\/tubi-polipropilene-espanso-2-768x960.jpg 768w, https:\/\/grupposerafin.it\/wp-content\/uploads\/2024\/07\/tubi-polipropilene-espanso-2.jpg 1080w\" sizes=\"(max-width: 819px) 100vw, 819px\" \/><\/figure>\n\n\n\n<p>Diese Rohre sind ideal f\u00fcr die Isolierung von Rohrleitungen in Wohn- und Industriegeb\u00e4uden, einfach zu installieren und garantieren eine lange Lebensdauer.<\/p>\n<\/div>\n<\/div>\n","protected":false},"excerpt":{"rendered":"<p>Widerstandsf\u00e4higer Schutz, ideal zur Isolierung.<\/p>\n","protected":false},"author":1,"featured_media":10870,"parent":0,"template":"","product_cat":[277],"class_list":["post-12887","product","type-product","status-publish","has-post-thumbnail","hentry","product_cat-verpackungen-aus-polyethylenschaum"],"acf":[],"_links":{"self":[{"href":"https:\/\/grupposerafin.it\/de\/wp-json\/wp\/v2\/product\/12887","targetHints":{"allow":["GET"]}}],"collection":[{"href":"https:\/\/grupposerafin.it\/de\/wp-json\/wp\/v2\/product"}],"about":[{"href":"https:\/\/grupposerafin.it\/de\/wp-json\/wp\/v2\/types\/product"}],"author":[{"embeddable":true,"href":"https:\/\/grupposerafin.it\/de\/wp-json\/wp\/v2\/users\/1"}],"version-history":[{"count":1,"href":"https:\/\/grupposerafin.it\/de\/wp-json\/wp\/v2\/product\/12887\/revisions"}],"predecessor-version":[{"id":12888,"href":"https:\/\/grupposerafin.it\/de\/wp-json\/wp\/v2\/product\/12887\/revisions\/12888"}],"wp:featuredmedia":[{"embeddable":true,"href":"https:\/\/grupposerafin.it\/de\/wp-json\/wp\/v2\/media\/10870"}],"wp:attachment":[{"href":"https:\/\/grupposerafin.it\/de\/wp-json\/wp\/v2\/media?parent=12887"}],"wp:term":[{"taxonomy":"product_cat","embeddable":true,"href":"https:\/\/grupposerafin.it\/de\/wp-json\/wp\/v2\/product_cat?post=12887"}],"curies":[{"name":"wp","href":"https:\/\/api.w.org\/{rel}","templated":true}]}}