{"id":12894,"date":"2023-05-03T06:52:11","date_gmt":"2023-05-03T04:52:11","guid":{"rendered":"https:\/\/grupposerafin.it\/prodotti\/papproehren\/"},"modified":"2025-11-03T15:44:13","modified_gmt":"2025-11-03T14:44:13","slug":"papproehren","status":"publish","type":"product","link":"https:\/\/grupposerafin.it\/de\/sf-packaging-de\/presskarton\/papproehren\/","title":{"rendered":"Pappr\u00f6hren"},"content":{"rendered":"\n<div class=\"wp-block-columns is-layout-flex wp-container-core-columns-is-layout-28f84493 wp-block-columns-is-layout-flex\">\n<div class=\"wp-block-column is-layout-flow wp-block-column-is-layout-flow\">\n<figure class=\"wp-block-image size-large\"><img fetchpriority=\"high\" decoding=\"async\" width=\"819\" height=\"1024\" src=\"https:\/\/grupposerafin.it\/wp-content\/uploads\/2024\/07\/tubi-cartone-1-819x1024.jpg\" alt=\"\" class=\"wp-image-10523\" title=\"\" srcset=\"https:\/\/grupposerafin.it\/wp-content\/uploads\/2024\/07\/tubi-cartone-1-819x1024.jpg 819w, https:\/\/grupposerafin.it\/wp-content\/uploads\/2024\/07\/tubi-cartone-1-240x300.jpg 240w, https:\/\/grupposerafin.it\/wp-content\/uploads\/2024\/07\/tubi-cartone-1-768x960.jpg 768w, https:\/\/grupposerafin.it\/wp-content\/uploads\/2024\/07\/tubi-cartone-1.jpg 1080w\" sizes=\"(max-width: 819px) 100vw, 819px\" \/><\/figure>\n\n\n\n<p>Rohre aus Karton, mit Kunststoffstopfen versehen. N\u00fctzlich f\u00fcr den Versand von Objekten, die einen hochwertigen Schutz ben\u00f6tigen. Die starre Struktur des Rohrs verhindert, dass sich die Objekte w\u00e4hrend des Transports verbiegen oder besch\u00e4digt werden.<br\/>Dar\u00fcber hinaus sind sie leicht und einfach zu handhaben, was sie zu einer praktischen Option f\u00fcr den Versand macht.  <\/p>\n<\/div>\n\n\n\n<div class=\"wp-block-column is-layout-flow wp-block-column-is-layout-flow\">\n<figure class=\"wp-block-image size-large\"><img decoding=\"async\" width=\"819\" height=\"1024\" src=\"https:\/\/grupposerafin.it\/wp-content\/uploads\/2024\/07\/tubi-cartone-2-819x1024.jpg\" alt=\"\" class=\"wp-image-10526\" title=\"\" srcset=\"https:\/\/grupposerafin.it\/wp-content\/uploads\/2024\/07\/tubi-cartone-2-819x1024.jpg 819w, https:\/\/grupposerafin.it\/wp-content\/uploads\/2024\/07\/tubi-cartone-2-240x300.jpg 240w, https:\/\/grupposerafin.it\/wp-content\/uploads\/2024\/07\/tubi-cartone-2-768x960.jpg 768w, https:\/\/grupposerafin.it\/wp-content\/uploads\/2024\/07\/tubi-cartone-2.jpg 1080w\" sizes=\"(max-width: 819px) 100vw, 819px\" \/><\/figure>\n\n\n\n<p>Es ist wichtig, eine Kartonr\u00f6hre mit angemessener Gr\u00f6\u00dfe und Festigkeit entsprechend der L\u00e4nge und dem Gewicht des zu versendenden Objekts zu w\u00e4hlen.<\/p>\n<\/div>\n<\/div>\n","protected":false},"excerpt":{"rendered":"<p>Schutzrohre, praktisch und wirtschaftlich.<\/p>\n","protected":false},"author":3,"featured_media":0,"parent":0,"template":"","product_cat":[270],"class_list":["post-12894","product","type-product","status-publish","hentry","product_cat-presskarton"],"acf":[],"_links":{"self":[{"href":"https:\/\/grupposerafin.it\/de\/wp-json\/wp\/v2\/product\/12894","targetHints":{"allow":["GET"]}}],"collection":[{"href":"https:\/\/grupposerafin.it\/de\/wp-json\/wp\/v2\/product"}],"about":[{"href":"https:\/\/grupposerafin.it\/de\/wp-json\/wp\/v2\/types\/product"}],"author":[{"embeddable":true,"href":"https:\/\/grupposerafin.it\/de\/wp-json\/wp\/v2\/users\/3"}],"version-history":[{"count":1,"href":"https:\/\/grupposerafin.it\/de\/wp-json\/wp\/v2\/product\/12894\/revisions"}],"predecessor-version":[{"id":12895,"href":"https:\/\/grupposerafin.it\/de\/wp-json\/wp\/v2\/product\/12894\/revisions\/12895"}],"wp:attachment":[{"href":"https:\/\/grupposerafin.it\/de\/wp-json\/wp\/v2\/media?parent=12894"}],"wp:term":[{"taxonomy":"product_cat","embeddable":true,"href":"https:\/\/grupposerafin.it\/de\/wp-json\/wp\/v2\/product_cat?post=12894"}],"curies":[{"name":"wp","href":"https:\/\/api.w.org\/{rel}","templated":true}]}}