{"id":12896,"date":"2024-05-17T16:23:03","date_gmt":"2024-05-17T14:23:03","guid":{"rendered":"https:\/\/grupposerafin.it\/prodotti\/luftpolster-fuellsysteme\/"},"modified":"2025-11-03T15:44:13","modified_gmt":"2025-11-03T14:44:13","slug":"luftpolster-fuellsysteme","status":"publish","type":"product","link":"https:\/\/grupposerafin.it\/de\/prodotti\/luftpolster-fuellsysteme\/","title":{"rendered":"Luftpolster-F\u00fcllsysteme"},"content":{"rendered":"\n<div class=\"wp-block-columns is-layout-flex wp-container-core-columns-is-layout-28f84493 wp-block-columns-is-layout-flex\">\n<div class=\"wp-block-column is-layout-flow wp-block-column-is-layout-flow\">\n<figure class=\"wp-block-image size-large\"><img fetchpriority=\"high\" decoding=\"async\" width=\"819\" height=\"1024\" src=\"https:\/\/grupposerafin.it\/wp-content\/uploads\/2024\/07\/sistemi-riempimento-bolle-aria-1-819x1024.jpg\" alt=\"\" class=\"wp-image-10898\" title=\"\" srcset=\"https:\/\/grupposerafin.it\/wp-content\/uploads\/2024\/07\/sistemi-riempimento-bolle-aria-1-819x1024.jpg 819w, https:\/\/grupposerafin.it\/wp-content\/uploads\/2024\/07\/sistemi-riempimento-bolle-aria-1-240x300.jpg 240w, https:\/\/grupposerafin.it\/wp-content\/uploads\/2024\/07\/sistemi-riempimento-bolle-aria-1-768x960.jpg 768w, https:\/\/grupposerafin.it\/wp-content\/uploads\/2024\/07\/sistemi-riempimento-bolle-aria-1.jpg 1080w\" sizes=\"(max-width: 819px) 100vw, 819px\" \/><\/figure>\n\n\n\n<p>Die Luftpolster-F\u00fcllmaschine ist ein fortschrittliches Ger\u00e4t, das entwickelt wurde, um Schutzpolster w\u00e4hrend des Verpackungsprozesses zu erzeugen. Ideal zum Schutz zerbrechlicher oder empfindlicher Gegenst\u00e4nde, produziert sie Luftpolster nach Bedarf und bietet eine effiziente und schnelle L\u00f6sung zum F\u00fcllen von Leerr\u00e4umen in Kartons.  <br\/><br\/><\/p>\n<\/div>\n\n\n\n<div class=\"wp-block-column is-layout-flow wp-block-column-is-layout-flow\">\n<figure class=\"wp-block-image size-large\"><img decoding=\"async\" width=\"819\" height=\"1024\" src=\"https:\/\/grupposerafin.it\/wp-content\/uploads\/2024\/07\/sistemi-riempimento-bolle-aria-2-819x1024.jpg\" alt=\"\" class=\"wp-image-10901\" title=\"\" srcset=\"https:\/\/grupposerafin.it\/wp-content\/uploads\/2024\/07\/sistemi-riempimento-bolle-aria-2-819x1024.jpg 819w, https:\/\/grupposerafin.it\/wp-content\/uploads\/2024\/07\/sistemi-riempimento-bolle-aria-2-240x300.jpg 240w, https:\/\/grupposerafin.it\/wp-content\/uploads\/2024\/07\/sistemi-riempimento-bolle-aria-2-768x960.jpg 768w, https:\/\/grupposerafin.it\/wp-content\/uploads\/2024\/07\/sistemi-riempimento-bolle-aria-2.jpg 1080w\" sizes=\"(max-width: 819px) 100vw, 819px\" \/><\/figure>\n\n\n\n<p>Einfach zu bedienen und vielseitig einsetzbar, optimiert dieses System die Verpackungszeiten, reduziert Transportsch\u00e4den und gew\u00e4hrleistet einen leichten, aber effektiven Schutz. Die Luftr\u00fcckhalte-Barrierendichtung verhindert den Luftverlust und h\u00e4lt die Luft l\u00e4nger in den Polstern. <\/p>\n<\/div>\n<\/div>\n","protected":false},"excerpt":{"rendered":"<p>Luftpolsterf\u00fcllung: schneller, kompakter und effektiver Schutz.<\/p>\n","protected":false},"author":1,"featured_media":10906,"parent":0,"template":"","product_cat":[278],"class_list":["post-12896","product","type-product","status-publish","has-post-thumbnail","hentry","product_cat-fullsysteme"],"acf":[],"_links":{"self":[{"href":"https:\/\/grupposerafin.it\/de\/wp-json\/wp\/v2\/product\/12896","targetHints":{"allow":["GET"]}}],"collection":[{"href":"https:\/\/grupposerafin.it\/de\/wp-json\/wp\/v2\/product"}],"about":[{"href":"https:\/\/grupposerafin.it\/de\/wp-json\/wp\/v2\/types\/product"}],"author":[{"embeddable":true,"href":"https:\/\/grupposerafin.it\/de\/wp-json\/wp\/v2\/users\/1"}],"version-history":[{"count":1,"href":"https:\/\/grupposerafin.it\/de\/wp-json\/wp\/v2\/product\/12896\/revisions"}],"predecessor-version":[{"id":12897,"href":"https:\/\/grupposerafin.it\/de\/wp-json\/wp\/v2\/product\/12896\/revisions\/12897"}],"wp:featuredmedia":[{"embeddable":true,"href":"https:\/\/grupposerafin.it\/de\/wp-json\/wp\/v2\/media\/10906"}],"wp:attachment":[{"href":"https:\/\/grupposerafin.it\/de\/wp-json\/wp\/v2\/media?parent=12896"}],"wp:term":[{"taxonomy":"product_cat","embeddable":true,"href":"https:\/\/grupposerafin.it\/de\/wp-json\/wp\/v2\/product_cat?post=12896"}],"curies":[{"name":"wp","href":"https:\/\/api.w.org\/{rel}","templated":true}]}}