{"id":12900,"date":"2024-05-17T16:28:48","date_gmt":"2024-05-17T14:28:48","guid":{"rendered":"https:\/\/grupposerafin.it\/prodotti\/u-foermige-wellpappen-fuellmaterialien\/"},"modified":"2025-11-03T15:44:42","modified_gmt":"2025-11-03T14:44:42","slug":"u-foermige-wellpappen-fuellmaterialien","status":"publish","type":"product","link":"https:\/\/grupposerafin.it\/de\/prodotti\/u-foermige-wellpappen-fuellmaterialien\/","title":{"rendered":"U-f\u00f6rmige Wellpappen-F\u00fcllmaterialien"},"content":{"rendered":"\n<div class=\"wp-block-columns is-layout-flex wp-container-core-columns-is-layout-28f84493 wp-block-columns-is-layout-flex\">\n<div class=\"wp-block-column is-layout-flow wp-block-column-is-layout-flow\">\n<figure class=\"wp-block-image size-large\"><img fetchpriority=\"high\" decoding=\"async\" width=\"819\" height=\"1024\" src=\"https:\/\/grupposerafin.it\/wp-content\/uploads\/2024\/07\/riempitivi-in-cartone-ondulato-a-u-1-819x1024.jpg\" alt=\"\" class=\"wp-image-9937\" title=\"\" srcset=\"https:\/\/grupposerafin.it\/wp-content\/uploads\/2024\/07\/riempitivi-in-cartone-ondulato-a-u-1-819x1024.jpg 819w, https:\/\/grupposerafin.it\/wp-content\/uploads\/2024\/07\/riempitivi-in-cartone-ondulato-a-u-1-240x300.jpg 240w, https:\/\/grupposerafin.it\/wp-content\/uploads\/2024\/07\/riempitivi-in-cartone-ondulato-a-u-1-768x960.jpg 768w, https:\/\/grupposerafin.it\/wp-content\/uploads\/2024\/07\/riempitivi-in-cartone-ondulato-a-u-1.jpg 1080w\" sizes=\"(max-width: 819px) 100vw, 819px\" \/><\/figure>\n\n\n\n<p>Die Kantenschutzleiste aus Karton, hergestellt im Folding-Verfahren, ist f\u00fcr maximale Flexibilit\u00e4t und Anpassungsf\u00e4higkeit konzipiert. Dank dieser Technik kann sich die Kantenschutzleiste leicht an eine Vielzahl von Profilen anpassen, einschlie\u00dflich gebogener und unregelm\u00e4\u00dfiger Profile, und bietet wirksamen Schutz vor St\u00f6\u00dfen, Kratzern und Besch\u00e4digungen w\u00e4hrend des Transports oder der Lagerung. <\/p>\n<\/div>\n\n\n\n<div class=\"wp-block-column is-layout-flow wp-block-column-is-layout-flow\">\n<figure class=\"wp-block-image size-large\"><img decoding=\"async\" width=\"819\" height=\"1024\" src=\"https:\/\/grupposerafin.it\/wp-content\/uploads\/2024\/07\/riempitivi-in-cartone-ondulato-a-u-2-819x1024.jpg\" alt=\"\" class=\"wp-image-9940\" title=\"\" srcset=\"https:\/\/grupposerafin.it\/wp-content\/uploads\/2024\/07\/riempitivi-in-cartone-ondulato-a-u-2-819x1024.jpg 819w, https:\/\/grupposerafin.it\/wp-content\/uploads\/2024\/07\/riempitivi-in-cartone-ondulato-a-u-2-240x300.jpg 240w, https:\/\/grupposerafin.it\/wp-content\/uploads\/2024\/07\/riempitivi-in-cartone-ondulato-a-u-2-768x960.jpg 768w, https:\/\/grupposerafin.it\/wp-content\/uploads\/2024\/07\/riempitivi-in-cartone-ondulato-a-u-2.jpg 1080w\" sizes=\"(max-width: 819px) 100vw, 819px\" \/><\/figure>\n\n\n\n<p>Der verwendete Karton ist widerstandsf\u00e4hig und gleichzeitig leicht, was ihn zu einer umweltfreundlichen und praktischen L\u00f6sung f\u00fcr den Schutz empfindlicher Oberfl\u00e4chen oder exponierter Kanten macht, ohne die Produktintegrit\u00e4t zu beeintr\u00e4chtigen.<\/p>\n<\/div>\n<\/div>\n","protected":false},"excerpt":{"rendered":"<p>Anpassungsf\u00e4higer Schutz f\u00fcr alle Profile.<\/p>\n","protected":false},"author":1,"featured_media":9936,"parent":0,"template":"","product_cat":[279],"class_list":["post-12900","product","type-product","status-publish","has-post-thumbnail","hentry","product_cat-klebebandmaschinen"],"acf":[],"_links":{"self":[{"href":"https:\/\/grupposerafin.it\/de\/wp-json\/wp\/v2\/product\/12900","targetHints":{"allow":["GET"]}}],"collection":[{"href":"https:\/\/grupposerafin.it\/de\/wp-json\/wp\/v2\/product"}],"about":[{"href":"https:\/\/grupposerafin.it\/de\/wp-json\/wp\/v2\/types\/product"}],"author":[{"embeddable":true,"href":"https:\/\/grupposerafin.it\/de\/wp-json\/wp\/v2\/users\/1"}],"version-history":[{"count":1,"href":"https:\/\/grupposerafin.it\/de\/wp-json\/wp\/v2\/product\/12900\/revisions"}],"predecessor-version":[{"id":12902,"href":"https:\/\/grupposerafin.it\/de\/wp-json\/wp\/v2\/product\/12900\/revisions\/12902"}],"wp:featuredmedia":[{"embeddable":true,"href":"https:\/\/grupposerafin.it\/de\/wp-json\/wp\/v2\/media\/9936"}],"wp:attachment":[{"href":"https:\/\/grupposerafin.it\/de\/wp-json\/wp\/v2\/media?parent=12900"}],"wp:term":[{"taxonomy":"product_cat","embeddable":true,"href":"https:\/\/grupposerafin.it\/de\/wp-json\/wp\/v2\/product_cat?post=12900"}],"curies":[{"name":"wp","href":"https:\/\/api.w.org\/{rel}","templated":true}]}}