{"id":12905,"date":"2024-05-17T16:26:57","date_gmt":"2024-05-17T14:26:57","guid":{"rendered":"https:\/\/grupposerafin.it\/prodotti\/eckschutz-uniko\/"},"modified":"2025-11-03T15:44:42","modified_gmt":"2025-11-03T14:44:42","slug":"eckschutz-uniko","status":"publish","type":"product","link":"https:\/\/grupposerafin.it\/de\/green-pack-de\/palettenumwickler\/eckschutz-uniko\/","title":{"rendered":"Eckschutz Uniko"},"content":{"rendered":"\n<div class=\"wp-block-columns is-layout-flex wp-container-core-columns-is-layout-28f84493 wp-block-columns-is-layout-flex\">\n<div class=\"wp-block-column is-layout-flow wp-block-column-is-layout-flow\">\n<figure class=\"wp-block-image size-large\"><img fetchpriority=\"high\" decoding=\"async\" width=\"819\" height=\"1024\" src=\"https:\/\/grupposerafin.it\/wp-content\/uploads\/2024\/07\/angolare-uniko-1-819x1024.jpg\" alt=\"\" class=\"wp-image-9911\" title=\"\" srcset=\"https:\/\/grupposerafin.it\/wp-content\/uploads\/2024\/07\/angolare-uniko-1-819x1024.jpg 819w, https:\/\/grupposerafin.it\/wp-content\/uploads\/2024\/07\/angolare-uniko-1-240x300.jpg 240w, https:\/\/grupposerafin.it\/wp-content\/uploads\/2024\/07\/angolare-uniko-1-768x960.jpg 768w, https:\/\/grupposerafin.it\/wp-content\/uploads\/2024\/07\/angolare-uniko-1.jpg 1080w\" sizes=\"(max-width: 819px) 100vw, 819px\" \/><\/figure>\n\n\n\n<p>Eckschutz hergestellt aus 100 % recyceltem Papier aus ausgew\u00e4hlten Rohstoffen, verst\u00e4rkt am Boden mit einer Wabenleiste. Diese Kombination bietet \u00fcberlegenen Schutz f\u00fcr Ecken und Kanten und macht ihn ideal f\u00fcr den Transport und die Lagerung empfindlicher Produkte. <\/p>\n<\/div>\n\n\n\n<div class=\"wp-block-column is-layout-flow wp-block-column-is-layout-flow\">\n<figure class=\"wp-block-image size-large\"><img decoding=\"async\" width=\"819\" height=\"1024\" src=\"https:\/\/grupposerafin.it\/wp-content\/uploads\/2024\/07\/angolare-uniko-2-819x1024.jpg\" alt=\"\" class=\"wp-image-9915\" title=\"\" srcset=\"https:\/\/grupposerafin.it\/wp-content\/uploads\/2024\/07\/angolare-uniko-2-819x1024.jpg 819w, https:\/\/grupposerafin.it\/wp-content\/uploads\/2024\/07\/angolare-uniko-2-240x300.jpg 240w, https:\/\/grupposerafin.it\/wp-content\/uploads\/2024\/07\/angolare-uniko-2-768x960.jpg 768w, https:\/\/grupposerafin.it\/wp-content\/uploads\/2024\/07\/angolare-uniko-2.jpg 1080w\" sizes=\"(max-width: 819px) 100vw, 819px\" \/><\/figure>\n\n\n\n<p>Seine \u00f6kologische Struktur gew\u00e4hrleistet Widerstandsf\u00e4higkeit und Nachhaltigkeit und tr\u00e4gt zur Reduzierung der Umweltbelastung bei, ohne Qualit\u00e4t und Sicherheit zu beeintr\u00e4chtigen.<\/p>\n<\/div>\n<\/div>\n","protected":false},"excerpt":{"rendered":"<p>Solide und robust, 100 % recycelt.<\/p>\n","protected":false},"author":1,"featured_media":9910,"parent":0,"template":"","product_cat":[283],"class_list":["post-12905","product","type-product","status-publish","has-post-thumbnail","hentry","product_cat-palettenumwickler"],"acf":[],"_links":{"self":[{"href":"https:\/\/grupposerafin.it\/de\/wp-json\/wp\/v2\/product\/12905","targetHints":{"allow":["GET"]}}],"collection":[{"href":"https:\/\/grupposerafin.it\/de\/wp-json\/wp\/v2\/product"}],"about":[{"href":"https:\/\/grupposerafin.it\/de\/wp-json\/wp\/v2\/types\/product"}],"author":[{"embeddable":true,"href":"https:\/\/grupposerafin.it\/de\/wp-json\/wp\/v2\/users\/1"}],"version-history":[{"count":1,"href":"https:\/\/grupposerafin.it\/de\/wp-json\/wp\/v2\/product\/12905\/revisions"}],"predecessor-version":[{"id":12907,"href":"https:\/\/grupposerafin.it\/de\/wp-json\/wp\/v2\/product\/12905\/revisions\/12907"}],"wp:featuredmedia":[{"embeddable":true,"href":"https:\/\/grupposerafin.it\/de\/wp-json\/wp\/v2\/media\/9910"}],"wp:attachment":[{"href":"https:\/\/grupposerafin.it\/de\/wp-json\/wp\/v2\/media?parent=12905"}],"wp:term":[{"taxonomy":"product_cat","embeddable":true,"href":"https:\/\/grupposerafin.it\/de\/wp-json\/wp\/v2\/product_cat?post=12905"}],"curies":[{"name":"wp","href":"https:\/\/api.w.org\/{rel}","templated":true}]}}