{"id":12908,"date":"2024-05-17T16:29:47","date_gmt":"2024-05-17T14:29:47","guid":{"rendered":"https:\/\/grupposerafin.it\/prodotti\/folding\/"},"modified":"2025-11-03T15:44:42","modified_gmt":"2025-11-03T14:44:42","slug":"folding","status":"publish","type":"product","link":"https:\/\/grupposerafin.it\/de\/prodotti\/folding\/","title":{"rendered":"Folding"},"content":{"rendered":"\n<div class=\"wp-block-columns is-layout-flex wp-container-core-columns-is-layout-28f84493 wp-block-columns-is-layout-flex\">\n<div class=\"wp-block-column is-layout-flow wp-block-column-is-layout-flow\">\n<figure class=\"wp-block-image size-large\"><img fetchpriority=\"high\" decoding=\"async\" width=\"819\" height=\"1024\" src=\"https:\/\/grupposerafin.it\/wp-content\/uploads\/2024\/07\/folding-1-819x1024.jpg\" alt=\"\" class=\"wp-image-9947\" title=\"\" srcset=\"https:\/\/grupposerafin.it\/wp-content\/uploads\/2024\/07\/folding-1-819x1024.jpg 819w, https:\/\/grupposerafin.it\/wp-content\/uploads\/2024\/07\/folding-1-240x300.jpg 240w, https:\/\/grupposerafin.it\/wp-content\/uploads\/2024\/07\/folding-1-768x960.jpg 768w, https:\/\/grupposerafin.it\/wp-content\/uploads\/2024\/07\/folding-1.jpg 1080w\" sizes=\"(max-width: 819px) 100vw, 819px\" \/><\/figure>\n\n\n\n<p>Das Folding ist eine Verpackung, die speziell f\u00fcr M\u00f6bel und technische Fronten entwickelt wurde und sich durch ein mehrschichtiges, an den Enden gefaltetes F\u00fcllmaterial-Design auszeichnet. Hergestellt aus Wellpappe, ist es ein umweltfreundliches Produkt, das zu \u00fcber 70 % aus recycelten Materialien besteht und vollst\u00e4ndig recycelbar ist (EW 150101\/191201\/200101).  <\/p>\n<\/div>\n\n\n\n<div class=\"wp-block-column is-layout-flow wp-block-column-is-layout-flow\">\n<figure class=\"wp-block-image size-large\"><img decoding=\"async\" width=\"819\" height=\"1024\" src=\"https:\/\/grupposerafin.it\/wp-content\/uploads\/2024\/07\/folding-2-819x1024.jpg\" alt=\"\" class=\"wp-image-9950\" title=\"\" srcset=\"https:\/\/grupposerafin.it\/wp-content\/uploads\/2024\/07\/folding-2-819x1024.jpg 819w, https:\/\/grupposerafin.it\/wp-content\/uploads\/2024\/07\/folding-2-240x300.jpg 240w, https:\/\/grupposerafin.it\/wp-content\/uploads\/2024\/07\/folding-2-768x960.jpg 768w, https:\/\/grupposerafin.it\/wp-content\/uploads\/2024\/07\/folding-2.jpg 1080w\" sizes=\"(max-width: 819px) 100vw, 819px\" \/><\/figure>\n\n\n\n<p>Auf Anfrage kann das Folding FSC-zertifiziert werden, wodurch gew\u00e4hrleistet wird, dass es aus verantwortungsvoll bewirtschafteten Quellen stammt. Ideal zum Schutz sperriger und unregelm\u00e4\u00dfig geformter Produkte, vereint es Robustheit und Nachhaltigkeit. <\/p>\n<\/div>\n<\/div>\n","protected":false},"excerpt":{"rendered":"<p>Mehrschicht-F\u00fcllmaterial, an den Enden gefaltet.<\/p>\n","protected":false},"author":1,"featured_media":9946,"parent":0,"template":"","product_cat":[279],"class_list":["post-12908","product","type-product","status-publish","has-post-thumbnail","hentry","product_cat-klebebandmaschinen"],"acf":[],"_links":{"self":[{"href":"https:\/\/grupposerafin.it\/de\/wp-json\/wp\/v2\/product\/12908","targetHints":{"allow":["GET"]}}],"collection":[{"href":"https:\/\/grupposerafin.it\/de\/wp-json\/wp\/v2\/product"}],"about":[{"href":"https:\/\/grupposerafin.it\/de\/wp-json\/wp\/v2\/types\/product"}],"author":[{"embeddable":true,"href":"https:\/\/grupposerafin.it\/de\/wp-json\/wp\/v2\/users\/1"}],"version-history":[{"count":1,"href":"https:\/\/grupposerafin.it\/de\/wp-json\/wp\/v2\/product\/12908\/revisions"}],"predecessor-version":[{"id":12910,"href":"https:\/\/grupposerafin.it\/de\/wp-json\/wp\/v2\/product\/12908\/revisions\/12910"}],"wp:featuredmedia":[{"embeddable":true,"href":"https:\/\/grupposerafin.it\/de\/wp-json\/wp\/v2\/media\/9946"}],"wp:attachment":[{"href":"https:\/\/grupposerafin.it\/de\/wp-json\/wp\/v2\/media?parent=12908"}],"wp:term":[{"taxonomy":"product_cat","embeddable":true,"href":"https:\/\/grupposerafin.it\/de\/wp-json\/wp\/v2\/product_cat?post=12908"}],"curies":[{"name":"wp","href":"https:\/\/api.w.org\/{rel}","templated":true}]}}