{"id":12916,"date":"2024-05-17T16:30:01","date_gmt":"2024-05-17T14:30:01","guid":{"rendered":"https:\/\/grupposerafin.it\/prodotti\/gpt-leiste\/"},"modified":"2025-11-03T15:44:42","modified_gmt":"2025-11-03T14:44:42","slug":"gpt-leiste","status":"publish","type":"product","link":"https:\/\/grupposerafin.it\/de\/prodotti\/gpt-leiste\/","title":{"rendered":"GPT-Leiste"},"content":{"rendered":"\n<div class=\"wp-block-columns is-layout-flex wp-container-core-columns-is-layout-28f84493 wp-block-columns-is-layout-flex\">\n<div class=\"wp-block-column is-layout-flow wp-block-column-is-layout-flow\">\n<figure class=\"wp-block-image size-large\"><img fetchpriority=\"high\" decoding=\"async\" width=\"819\" height=\"1024\" src=\"https:\/\/grupposerafin.it\/wp-content\/uploads\/2024\/07\/listello-gpt-1-819x1024.jpg\" alt=\"\" class=\"wp-image-9968\" title=\"\" srcset=\"https:\/\/grupposerafin.it\/wp-content\/uploads\/2024\/07\/listello-gpt-1-819x1024.jpg 819w, https:\/\/grupposerafin.it\/wp-content\/uploads\/2024\/07\/listello-gpt-1-240x300.jpg 240w, https:\/\/grupposerafin.it\/wp-content\/uploads\/2024\/07\/listello-gpt-1-768x960.jpg 768w, https:\/\/grupposerafin.it\/wp-content\/uploads\/2024\/07\/listello-gpt-1.jpg 1080w\" sizes=\"(max-width: 819px) 100vw, 819px\" \/><\/figure>\n\n\n\n<p>Die Kartonleiste Greenpy Top ist als Schutz mit hoher Druckfestigkeit und Sto\u00dfd\u00e4mpfung geeignet. Dank der verschiedenen produzierten Typen und Formen gew\u00e4hrleisten diese Verpackungen maximalen Ausgleich von Hohlr\u00e4umen, insbesondere in Kartons. <\/p>\n<\/div>\n\n\n\n<div class=\"wp-block-column is-layout-flow wp-block-column-is-layout-flow\">\n<figure class=\"wp-block-image size-large\"><img decoding=\"async\" width=\"819\" height=\"1024\" src=\"https:\/\/grupposerafin.it\/wp-content\/uploads\/2024\/07\/listello-gpt-2-819x1024.jpg\" alt=\"\" class=\"wp-image-9971\" title=\"\" srcset=\"https:\/\/grupposerafin.it\/wp-content\/uploads\/2024\/07\/listello-gpt-2-819x1024.jpg 819w, https:\/\/grupposerafin.it\/wp-content\/uploads\/2024\/07\/listello-gpt-2-240x300.jpg 240w, https:\/\/grupposerafin.it\/wp-content\/uploads\/2024\/07\/listello-gpt-2-768x960.jpg 768w, https:\/\/grupposerafin.it\/wp-content\/uploads\/2024\/07\/listello-gpt-2.jpg 1080w\" sizes=\"(max-width: 819px) 100vw, 819px\" \/><\/figure>\n\n\n\n<p>Die GPT-Leisten werden ausschlie\u00dflich aus FSC-zertifiziertem Recyclingpapier hergestellt und sind zu 100 % umweltfreundliche und recycelbare Verpackungen.<\/p>\n<\/div>\n<\/div>\n","protected":false},"excerpt":{"rendered":"<p>Umweltfreundliche F\u00fcllmaterialien f\u00fcr Kartonverpackungen.<\/p>\n","protected":false},"author":1,"featured_media":9967,"parent":0,"template":"","product_cat":[279],"class_list":["post-12916","product","type-product","status-publish","has-post-thumbnail","hentry","product_cat-klebebandmaschinen"],"acf":[],"_links":{"self":[{"href":"https:\/\/grupposerafin.it\/de\/wp-json\/wp\/v2\/product\/12916","targetHints":{"allow":["GET"]}}],"collection":[{"href":"https:\/\/grupposerafin.it\/de\/wp-json\/wp\/v2\/product"}],"about":[{"href":"https:\/\/grupposerafin.it\/de\/wp-json\/wp\/v2\/types\/product"}],"author":[{"embeddable":true,"href":"https:\/\/grupposerafin.it\/de\/wp-json\/wp\/v2\/users\/1"}],"version-history":[{"count":1,"href":"https:\/\/grupposerafin.it\/de\/wp-json\/wp\/v2\/product\/12916\/revisions"}],"predecessor-version":[{"id":12918,"href":"https:\/\/grupposerafin.it\/de\/wp-json\/wp\/v2\/product\/12916\/revisions\/12918"}],"wp:featuredmedia":[{"embeddable":true,"href":"https:\/\/grupposerafin.it\/de\/wp-json\/wp\/v2\/media\/9967"}],"wp:attachment":[{"href":"https:\/\/grupposerafin.it\/de\/wp-json\/wp\/v2\/media?parent=12916"}],"wp:term":[{"taxonomy":"product_cat","embeddable":true,"href":"https:\/\/grupposerafin.it\/de\/wp-json\/wp\/v2\/product_cat?post=12916"}],"curies":[{"name":"wp","href":"https:\/\/api.w.org\/{rel}","templated":true}]}}