{"id":12924,"date":"2024-05-17T16:30:02","date_gmt":"2024-05-17T14:30:02","guid":{"rendered":"https:\/\/grupposerafin.it\/prodotti\/gpy-leiste\/"},"modified":"2025-11-03T15:45:12","modified_gmt":"2025-11-03T14:45:12","slug":"gpy-leiste","status":"publish","type":"product","link":"https:\/\/grupposerafin.it\/de\/green-pack-de\/klebebandmaschinen\/gpy-leiste\/","title":{"rendered":"GPY-Leiste"},"content":{"rendered":"\n<div class=\"wp-block-columns is-layout-flex wp-container-core-columns-is-layout-28f84493 wp-block-columns-is-layout-flex\">\n<div class=\"wp-block-column is-layout-flow wp-block-column-is-layout-flow\">\n<figure class=\"wp-block-image size-large\"><img fetchpriority=\"high\" decoding=\"async\" width=\"819\" height=\"1024\" src=\"https:\/\/grupposerafin.it\/wp-content\/uploads\/2024\/07\/listello-gpy-1-819x1024.jpg\" alt=\"\" class=\"wp-image-9958\" title=\"\" srcset=\"https:\/\/grupposerafin.it\/wp-content\/uploads\/2024\/07\/listello-gpy-1-819x1024.jpg 819w, https:\/\/grupposerafin.it\/wp-content\/uploads\/2024\/07\/listello-gpy-1-240x300.jpg 240w, https:\/\/grupposerafin.it\/wp-content\/uploads\/2024\/07\/listello-gpy-1-768x960.jpg 768w, https:\/\/grupposerafin.it\/wp-content\/uploads\/2024\/07\/listello-gpy-1.jpg 1080w\" sizes=\"(max-width: 819px) 100vw, 819px\" \/><\/figure>\n\n\n\n<p>Leiste, die durch Querschnitt von Kartonmehrschichtmaterial gewonnen wird und einen hochfesten Schutz gegen Quetschungen und Sto\u00dfabsorption bietet. <br\/><br\/><\/p>\n<\/div>\n\n\n\n<div class=\"wp-block-column is-layout-flow wp-block-column-is-layout-flow\">\n<figure class=\"wp-block-image size-large\"><img decoding=\"async\" width=\"819\" height=\"1024\" src=\"https:\/\/grupposerafin.it\/wp-content\/uploads\/2024\/07\/listello-gpy-2-819x1024.jpg\" alt=\"\" class=\"wp-image-9961\" title=\"\" srcset=\"https:\/\/grupposerafin.it\/wp-content\/uploads\/2024\/07\/listello-gpy-2-819x1024.jpg 819w, https:\/\/grupposerafin.it\/wp-content\/uploads\/2024\/07\/listello-gpy-2-240x300.jpg 240w, https:\/\/grupposerafin.it\/wp-content\/uploads\/2024\/07\/listello-gpy-2-768x960.jpg 768w, https:\/\/grupposerafin.it\/wp-content\/uploads\/2024\/07\/listello-gpy-2.jpg 1080w\" sizes=\"(max-width: 819px) 100vw, 819px\" \/><\/figure>\n\n\n\n<p>Dank seiner widerstandsf\u00e4higen Struktur ist er ideal, um Verformungen zu vermeiden und die Gesamtstabilit\u00e4t der Verpackung zu verbessern. Perfekt, um eine h\u00f6here Festigkeit beim Transport und der Lagerung von schweren oder sperrigen Produkten zu gew\u00e4hrleisten. <\/p>\n<\/div>\n<\/div>\n","protected":false},"excerpt":{"rendered":"<p>Festigkeit und Stabilit\u00e4t der Verpackung.<\/p>\n","protected":false},"author":1,"featured_media":9957,"parent":0,"template":"","product_cat":[279],"class_list":["post-12924","product","type-product","status-publish","has-post-thumbnail","hentry","product_cat-klebebandmaschinen"],"acf":[],"_links":{"self":[{"href":"https:\/\/grupposerafin.it\/de\/wp-json\/wp\/v2\/product\/12924","targetHints":{"allow":["GET"]}}],"collection":[{"href":"https:\/\/grupposerafin.it\/de\/wp-json\/wp\/v2\/product"}],"about":[{"href":"https:\/\/grupposerafin.it\/de\/wp-json\/wp\/v2\/types\/product"}],"author":[{"embeddable":true,"href":"https:\/\/grupposerafin.it\/de\/wp-json\/wp\/v2\/users\/1"}],"version-history":[{"count":1,"href":"https:\/\/grupposerafin.it\/de\/wp-json\/wp\/v2\/product\/12924\/revisions"}],"predecessor-version":[{"id":12926,"href":"https:\/\/grupposerafin.it\/de\/wp-json\/wp\/v2\/product\/12924\/revisions\/12926"}],"wp:featuredmedia":[{"embeddable":true,"href":"https:\/\/grupposerafin.it\/de\/wp-json\/wp\/v2\/media\/9957"}],"wp:attachment":[{"href":"https:\/\/grupposerafin.it\/de\/wp-json\/wp\/v2\/media?parent=12924"}],"wp:term":[{"taxonomy":"product_cat","embeddable":true,"href":"https:\/\/grupposerafin.it\/de\/wp-json\/wp\/v2\/product_cat?post=12924"}],"curies":[{"name":"wp","href":"https:\/\/api.w.org\/{rel}","templated":true}]}}