{"id":12925,"date":"2024-05-17T16:37:25","date_gmt":"2024-05-17T14:37:25","guid":{"rendered":"https:\/\/grupposerafin.it\/prodotti\/tablett\/"},"modified":"2025-11-03T15:45:01","modified_gmt":"2025-11-03T14:45:01","slug":"tablett","status":"publish","type":"product","link":"https:\/\/grupposerafin.it\/de\/prodotti\/tablett\/","title":{"rendered":"Tablett"},"content":{"rendered":"\n<div class=\"wp-block-columns is-layout-flex wp-container-core-columns-is-layout-28f84493 wp-block-columns-is-layout-flex\">\n<div class=\"wp-block-column is-layout-flow wp-block-column-is-layout-flow\">\n<figure class=\"wp-block-image size-large\"><img fetchpriority=\"high\" decoding=\"async\" width=\"819\" height=\"1024\" src=\"https:\/\/grupposerafin.it\/wp-content\/uploads\/2024\/07\/vassoio-1-819x1024.jpg\" alt=\"\" class=\"wp-image-10081\" title=\"\" srcset=\"https:\/\/grupposerafin.it\/wp-content\/uploads\/2024\/07\/vassoio-1-819x1024.jpg 819w, https:\/\/grupposerafin.it\/wp-content\/uploads\/2024\/07\/vassoio-1-240x300.jpg 240w, https:\/\/grupposerafin.it\/wp-content\/uploads\/2024\/07\/vassoio-1-768x960.jpg 768w, https:\/\/grupposerafin.it\/wp-content\/uploads\/2024\/07\/vassoio-1.jpg 1080w\" sizes=\"(max-width: 819px) 100vw, 819px\" \/><\/figure>\n\n\n\n<p>Tablett aus Wellpappe, ideal als Halterung f\u00fcr mehrere Produkte. Entwickelt, um Stabilit\u00e4t w\u00e4hrend des Transports zu gew\u00e4hrleisten, bietet es Widerstandsf\u00e4higkeit und Schutz und macht den Versandprozess sicherer und effizienter. <\/p>\n<\/div>\n\n\n\n<div class=\"wp-block-column is-layout-flow wp-block-column-is-layout-flow\">\n<figure class=\"wp-block-image size-large\"><img decoding=\"async\" width=\"819\" height=\"1024\" src=\"https:\/\/grupposerafin.it\/wp-content\/uploads\/2024\/07\/vassoio-2-819x1024.jpg\" alt=\"\" class=\"wp-image-10084\" title=\"\" srcset=\"https:\/\/grupposerafin.it\/wp-content\/uploads\/2024\/07\/vassoio-2-819x1024.jpg 819w, https:\/\/grupposerafin.it\/wp-content\/uploads\/2024\/07\/vassoio-2-240x300.jpg 240w, https:\/\/grupposerafin.it\/wp-content\/uploads\/2024\/07\/vassoio-2-768x960.jpg 768w, https:\/\/grupposerafin.it\/wp-content\/uploads\/2024\/07\/vassoio-2.jpg 1080w\" sizes=\"(max-width: 819px) 100vw, 819px\" \/><\/figure>\n\n\n\n<p>Durch die Kombination mit einer lastverteilenden Platte wird eine hohe Widerstandsf\u00e4higkeit erreicht, um schwere Lasten w\u00e4hrend des Transports und der Lagerung zu tragen. <\/p>\n<\/div>\n<\/div>\n\n<p><\/p>\n","protected":false},"excerpt":{"rendered":"<p>Die perfekte Halterung f\u00fcr mehrere Produkte.<\/p>\n","protected":false},"author":1,"featured_media":10080,"parent":0,"template":"","product_cat":[284],"class_list":["post-12925","product","type-product","status-publish","has-post-thumbnail","hentry","product_cat-etikettier-und-kennzeichnungssysteme"],"acf":[],"_links":{"self":[{"href":"https:\/\/grupposerafin.it\/de\/wp-json\/wp\/v2\/product\/12925","targetHints":{"allow":["GET"]}}],"collection":[{"href":"https:\/\/grupposerafin.it\/de\/wp-json\/wp\/v2\/product"}],"about":[{"href":"https:\/\/grupposerafin.it\/de\/wp-json\/wp\/v2\/types\/product"}],"author":[{"embeddable":true,"href":"https:\/\/grupposerafin.it\/de\/wp-json\/wp\/v2\/users\/1"}],"version-history":[{"count":1,"href":"https:\/\/grupposerafin.it\/de\/wp-json\/wp\/v2\/product\/12925\/revisions"}],"predecessor-version":[{"id":12927,"href":"https:\/\/grupposerafin.it\/de\/wp-json\/wp\/v2\/product\/12925\/revisions\/12927"}],"wp:featuredmedia":[{"embeddable":true,"href":"https:\/\/grupposerafin.it\/de\/wp-json\/wp\/v2\/media\/10080"}],"wp:attachment":[{"href":"https:\/\/grupposerafin.it\/de\/wp-json\/wp\/v2\/media?parent=12925"}],"wp:term":[{"taxonomy":"product_cat","embeddable":true,"href":"https:\/\/grupposerafin.it\/de\/wp-json\/wp\/v2\/product_cat?post=12925"}],"curies":[{"name":"wp","href":"https:\/\/api.w.org\/{rel}","templated":true}]}}