{"id":12933,"date":"2024-05-17T16:30:13","date_gmt":"2024-05-17T14:30:13","guid":{"rendered":"https:\/\/grupposerafin.it\/prodotti\/nexus-leiste\/"},"modified":"2025-11-03T15:45:12","modified_gmt":"2025-11-03T14:45:12","slug":"nexus-leiste","status":"publish","type":"product","link":"https:\/\/grupposerafin.it\/de\/green-pack-de\/klebebandmaschinen\/nexus-leiste\/","title":{"rendered":"Nexus-Leiste"},"content":{"rendered":"\n<div class=\"wp-block-columns is-layout-flex wp-container-core-columns-is-layout-28f84493 wp-block-columns-is-layout-flex\">\n<div class=\"wp-block-column is-layout-flow wp-block-column-is-layout-flow\">\n<figure class=\"wp-block-image size-large\"><img fetchpriority=\"high\" decoding=\"async\" width=\"819\" height=\"1024\" src=\"https:\/\/grupposerafin.it\/wp-content\/uploads\/2024\/07\/listello-nexus-1-819x1024.jpg\" alt=\"\" class=\"wp-image-9978\" title=\"\" srcset=\"https:\/\/grupposerafin.it\/wp-content\/uploads\/2024\/07\/listello-nexus-1-819x1024.jpg 819w, https:\/\/grupposerafin.it\/wp-content\/uploads\/2024\/07\/listello-nexus-1-240x300.jpg 240w, https:\/\/grupposerafin.it\/wp-content\/uploads\/2024\/07\/listello-nexus-1-768x960.jpg 768w, https:\/\/grupposerafin.it\/wp-content\/uploads\/2024\/07\/listello-nexus-1.jpg 1080w\" sizes=\"(max-width: 819px) 100vw, 819px\" \/><\/figure>\n\n\n\n<p>Leiste aus Wellpappe, kaschiert mit einer Wabenplatte, entwickelt, um hohe strukturelle Festigkeit und Leichtigkeit zu gew\u00e4hrleisten. Dieser F\u00fcllstoff ist ideal zum F\u00fcllen von Hohlr\u00e4umen innerhalb der Prim\u00e4rverpackung und bietet Schutz und Stabilit\u00e4t w\u00e4hrend des Transports.  <\/p>\n<\/div>\n\n\n\n<div class=\"wp-block-column is-layout-flow wp-block-column-is-layout-flow\">\n<figure class=\"wp-block-image size-large\"><img decoding=\"async\" width=\"819\" height=\"1024\" src=\"https:\/\/grupposerafin.it\/wp-content\/uploads\/2024\/07\/listello-nexus-2-819x1024.jpg\" alt=\"\" class=\"wp-image-9981\" title=\"\" srcset=\"https:\/\/grupposerafin.it\/wp-content\/uploads\/2024\/07\/listello-nexus-2-819x1024.jpg 819w, https:\/\/grupposerafin.it\/wp-content\/uploads\/2024\/07\/listello-nexus-2-240x300.jpg 240w, https:\/\/grupposerafin.it\/wp-content\/uploads\/2024\/07\/listello-nexus-2-768x960.jpg 768w, https:\/\/grupposerafin.it\/wp-content\/uploads\/2024\/07\/listello-nexus-2.jpg 1080w\" sizes=\"(max-width: 819px) 100vw, 819px\" \/><\/figure>\n\n\n\n<p>Dank seiner innovativen Struktur kombiniert es die d\u00e4mpfenden Eigenschaften der Wellpappe mit der gleichm\u00e4\u00dfigen Druckverteilung, die die Wabenstruktur bietet, wodurch Besch\u00e4digungen verhindert und eine sichere und effiziente Verpackung gew\u00e4hrleistet wird.<\/p>\n<\/div>\n<\/div>\n","protected":false},"excerpt":{"rendered":"<p>Hohe D\u00e4mpfungseigenschaften.<\/p>\n","protected":false},"author":1,"featured_media":9977,"parent":0,"template":"","product_cat":[279],"class_list":["post-12933","product","type-product","status-publish","has-post-thumbnail","hentry","product_cat-klebebandmaschinen"],"acf":[],"_links":{"self":[{"href":"https:\/\/grupposerafin.it\/de\/wp-json\/wp\/v2\/product\/12933","targetHints":{"allow":["GET"]}}],"collection":[{"href":"https:\/\/grupposerafin.it\/de\/wp-json\/wp\/v2\/product"}],"about":[{"href":"https:\/\/grupposerafin.it\/de\/wp-json\/wp\/v2\/types\/product"}],"author":[{"embeddable":true,"href":"https:\/\/grupposerafin.it\/de\/wp-json\/wp\/v2\/users\/1"}],"version-history":[{"count":1,"href":"https:\/\/grupposerafin.it\/de\/wp-json\/wp\/v2\/product\/12933\/revisions"}],"predecessor-version":[{"id":12934,"href":"https:\/\/grupposerafin.it\/de\/wp-json\/wp\/v2\/product\/12933\/revisions\/12934"}],"wp:featuredmedia":[{"embeddable":true,"href":"https:\/\/grupposerafin.it\/de\/wp-json\/wp\/v2\/media\/9977"}],"wp:attachment":[{"href":"https:\/\/grupposerafin.it\/de\/wp-json\/wp\/v2\/media?parent=12933"}],"wp:term":[{"taxonomy":"product_cat","embeddable":true,"href":"https:\/\/grupposerafin.it\/de\/wp-json\/wp\/v2\/product_cat?post=12933"}],"curies":[{"name":"wp","href":"https:\/\/api.w.org\/{rel}","templated":true}]}}