{"id":12935,"date":"2024-05-17T16:31:22","date_gmt":"2024-05-17T14:31:22","guid":{"rendered":"https:\/\/grupposerafin.it\/prodotti\/l-profile\/"},"modified":"2025-11-03T15:45:12","modified_gmt":"2025-11-03T14:45:12","slug":"l-profile","status":"publish","type":"product","link":"https:\/\/grupposerafin.it\/de\/green-pack-de\/verpackungspressen\/l-profile\/","title":{"rendered":"L-Profile"},"content":{"rendered":"\n<div class=\"wp-block-columns is-layout-flex wp-container-core-columns-is-layout-28f84493 wp-block-columns-is-layout-flex\">\n<div class=\"wp-block-column is-layout-flow wp-block-column-is-layout-flow\">\n<figure class=\"wp-block-image size-large\"><img fetchpriority=\"high\" decoding=\"async\" width=\"819\" height=\"1024\" src=\"https:\/\/grupposerafin.it\/wp-content\/uploads\/2024\/07\/salvabordo-a-l-nido-dape-1-819x1024.jpg\" alt=\"\" class=\"wp-image-10002\" title=\"\" srcset=\"https:\/\/grupposerafin.it\/wp-content\/uploads\/2024\/07\/salvabordo-a-l-nido-dape-1-819x1024.jpg 819w, https:\/\/grupposerafin.it\/wp-content\/uploads\/2024\/07\/salvabordo-a-l-nido-dape-1-240x300.jpg 240w, https:\/\/grupposerafin.it\/wp-content\/uploads\/2024\/07\/salvabordo-a-l-nido-dape-1-768x960.jpg 768w, https:\/\/grupposerafin.it\/wp-content\/uploads\/2024\/07\/salvabordo-a-l-nido-dape-1.jpg 1080w\" sizes=\"(max-width: 819px) 100vw, 819px\" \/><\/figure>\n\n\n\n<p>L-Profil aus Wabenkarton, speziell entwickelt zum Schutz der Kanten und Ecken bereits montierter M\u00f6bel w\u00e4hrend des Transports oder der Lagerung. Dank der Wabenstruktur bietet es eine hohe Sto\u00dffestigkeit bei gleichzeitiger Beibehaltung von Leichtigkeit und Flexibilit\u00e4t. <\/p>\n<\/div>\n\n\n\n<div class=\"wp-block-column is-layout-flow wp-block-column-is-layout-flow\">\n<figure class=\"wp-block-image size-large\"><img decoding=\"async\" width=\"819\" height=\"1024\" src=\"https:\/\/grupposerafin.it\/wp-content\/uploads\/2024\/07\/salvabordo-a-l-nido-dape-2-819x1024.jpg\" alt=\"\" class=\"wp-image-10005\" title=\"\" srcset=\"https:\/\/grupposerafin.it\/wp-content\/uploads\/2024\/07\/salvabordo-a-l-nido-dape-2-819x1024.jpg 819w, https:\/\/grupposerafin.it\/wp-content\/uploads\/2024\/07\/salvabordo-a-l-nido-dape-2-240x300.jpg 240w, https:\/\/grupposerafin.it\/wp-content\/uploads\/2024\/07\/salvabordo-a-l-nido-dape-2-768x960.jpg 768w, https:\/\/grupposerafin.it\/wp-content\/uploads\/2024\/07\/salvabordo-a-l-nido-dape-2.jpg 1080w\" sizes=\"(max-width: 819px) 100vw, 819px\" \/><\/figure>\n\n\n\n<p>Dieser Kantenschutz ist ideal, um Kratzer, Dellen oder Br\u00fcche zu verhindern und gew\u00e4hrleistet optimalen Schutz, ohne die \u00c4sthetik des Produkts zu beeintr\u00e4chtigen. Perfekt f\u00fcr eine nachhaltige Nutzung, da er aus recycelbaren und biologisch abbaubaren Materialien hergestellt wird. <\/p>\n<\/div>\n<\/div>\n","protected":false},"excerpt":{"rendered":"<p>Perfekter Schutz f\u00fcr Kanten und Ecken.<\/p>\n","protected":false},"author":1,"featured_media":10001,"parent":0,"template":"","product_cat":[280],"class_list":["post-12935","product","type-product","status-publish","has-post-thumbnail","hentry","product_cat-verpackungspressen"],"acf":[],"_links":{"self":[{"href":"https:\/\/grupposerafin.it\/de\/wp-json\/wp\/v2\/product\/12935","targetHints":{"allow":["GET"]}}],"collection":[{"href":"https:\/\/grupposerafin.it\/de\/wp-json\/wp\/v2\/product"}],"about":[{"href":"https:\/\/grupposerafin.it\/de\/wp-json\/wp\/v2\/types\/product"}],"author":[{"embeddable":true,"href":"https:\/\/grupposerafin.it\/de\/wp-json\/wp\/v2\/users\/1"}],"version-history":[{"count":1,"href":"https:\/\/grupposerafin.it\/de\/wp-json\/wp\/v2\/product\/12935\/revisions"}],"predecessor-version":[{"id":12936,"href":"https:\/\/grupposerafin.it\/de\/wp-json\/wp\/v2\/product\/12935\/revisions\/12936"}],"wp:featuredmedia":[{"embeddable":true,"href":"https:\/\/grupposerafin.it\/de\/wp-json\/wp\/v2\/media\/10001"}],"wp:attachment":[{"href":"https:\/\/grupposerafin.it\/de\/wp-json\/wp\/v2\/media?parent=12935"}],"wp:term":[{"taxonomy":"product_cat","embeddable":true,"href":"https:\/\/grupposerafin.it\/de\/wp-json\/wp\/v2\/product_cat?post=12935"}],"curies":[{"name":"wp","href":"https:\/\/api.w.org\/{rel}","templated":true}]}}