{"id":13260,"date":"2024-05-17T17:23:33","date_gmt":"2024-05-17T15:23:33","guid":{"rendered":"https:\/\/grupposerafin.it\/prodotti\/formmaschine\/"},"modified":"2025-11-03T15:52:41","modified_gmt":"2025-11-03T14:52:41","slug":"formmaschine","status":"publish","type":"product","link":"https:\/\/grupposerafin.it\/de\/sitema-de\/formmaschine\/","title":{"rendered":"Formmaschine"},"content":{"rendered":"\n<div class=\"wp-block-columns is-layout-flex wp-container-core-columns-is-layout-28f84493 wp-block-columns-is-layout-flex\">\n<div class=\"wp-block-column is-layout-flow wp-block-column-is-layout-flow\">\n<figure class=\"wp-block-image size-large\"><img fetchpriority=\"high\" decoding=\"async\" width=\"819\" height=\"1024\" src=\"https:\/\/grupposerafin.it\/wp-content\/uploads\/2024\/07\/macchinnna-formatura-1-819x1024.jpg\" alt=\"\" class=\"wp-image-10305\" title=\"\" srcset=\"https:\/\/grupposerafin.it\/wp-content\/uploads\/2024\/07\/macchinnna-formatura-1-819x1024.jpg 819w, https:\/\/grupposerafin.it\/wp-content\/uploads\/2024\/07\/macchinnna-formatura-1-240x300.jpg 240w, https:\/\/grupposerafin.it\/wp-content\/uploads\/2024\/07\/macchinnna-formatura-1-768x960.jpg 768w, https:\/\/grupposerafin.it\/wp-content\/uploads\/2024\/07\/macchinnna-formatura-1.jpg 1080w\" sizes=\"(max-width: 819px) 100vw, 819px\" \/><\/figure>\n\n\n\n<p>Maschine zur automatischen Formung von Fefco 410, 401 und 300 Schachteln, gekennzeichnet durch hohe Produktivit\u00e4t.<br\/>Dank ihrer Flexibilit\u00e4t und Vielseitigkeit bietet sie verschiedene Konfigurationen, um die Produktions- und Platzanforderungen der Kunden zu erf\u00fcllen. <br\/>Verf\u00fcgbar sowohl als Stand-alone-Version als auch integrierbar in eine Anlage.<\/p>\n<\/div>\n\n\n\n<div class=\"wp-block-column is-layout-flow wp-block-column-is-layout-flow\">\n<figure class=\"wp-block-image size-large\"><img decoding=\"async\" width=\"819\" height=\"1024\" src=\"https:\/\/grupposerafin.it\/wp-content\/uploads\/2024\/07\/macchinnna-formatura-2-819x1024.jpg\" alt=\"\" class=\"wp-image-10308\" title=\"\" srcset=\"https:\/\/grupposerafin.it\/wp-content\/uploads\/2024\/07\/macchinnna-formatura-2-819x1024.jpg 819w, https:\/\/grupposerafin.it\/wp-content\/uploads\/2024\/07\/macchinnna-formatura-2-240x300.jpg 240w, https:\/\/grupposerafin.it\/wp-content\/uploads\/2024\/07\/macchinnna-formatura-2-768x960.jpg 768w, https:\/\/grupposerafin.it\/wp-content\/uploads\/2024\/07\/macchinnna-formatura-2.jpg 1080w\" sizes=\"(max-width: 819px) 100vw, 819px\" \/><\/figure>\n\n\n\n<p>Die Kartonzuf\u00fchrung kann manuell, automatisch von Paletten oder \u00fcber eine Verpackungsproduktionsmaschine erfolgen. Geeignet sowohl f\u00fcr die Produktion in gro\u00dfen Chargen als auch f\u00fcr die Einzelst\u00fcckfertigung (Losgr\u00f6\u00dfe 1), dank schneller R\u00fcst- und Formatwechselzeiten.<br\/>Die Maschine ist ideal f\u00fcr Branchen mit hoher Gr\u00f6\u00dfenvariabilit\u00e4t und niedrigen, langen oder schmalen Produkten wie: zerlegte M\u00f6bel, Duschkabinen, Heizk\u00f6rper, Paneele und Profile. <\/p>\n<\/div>\n<\/div>\n","protected":false},"excerpt":{"rendered":"<p>Vielseitige Maschine f\u00fcr ma\u00dfgeschneiderte Verpackungen.<\/p>\n","protected":false},"author":1,"featured_media":10304,"parent":0,"template":"","product_cat":[320],"class_list":["post-13260","product","type-product","status-publish","has-post-thumbnail","hentry","product_cat-sitema-de"],"acf":[],"_links":{"self":[{"href":"https:\/\/grupposerafin.it\/de\/wp-json\/wp\/v2\/product\/13260","targetHints":{"allow":["GET"]}}],"collection":[{"href":"https:\/\/grupposerafin.it\/de\/wp-json\/wp\/v2\/product"}],"about":[{"href":"https:\/\/grupposerafin.it\/de\/wp-json\/wp\/v2\/types\/product"}],"author":[{"embeddable":true,"href":"https:\/\/grupposerafin.it\/de\/wp-json\/wp\/v2\/users\/1"}],"version-history":[{"count":1,"href":"https:\/\/grupposerafin.it\/de\/wp-json\/wp\/v2\/product\/13260\/revisions"}],"predecessor-version":[{"id":13261,"href":"https:\/\/grupposerafin.it\/de\/wp-json\/wp\/v2\/product\/13260\/revisions\/13261"}],"wp:featuredmedia":[{"embeddable":true,"href":"https:\/\/grupposerafin.it\/de\/wp-json\/wp\/v2\/media\/10304"}],"wp:attachment":[{"href":"https:\/\/grupposerafin.it\/de\/wp-json\/wp\/v2\/media?parent=13260"}],"wp:term":[{"taxonomy":"product_cat","embeddable":true,"href":"https:\/\/grupposerafin.it\/de\/wp-json\/wp\/v2\/product_cat?post=13260"}],"curies":[{"name":"wp","href":"https:\/\/api.w.org\/{rel}","templated":true}]}}