{"id":13266,"date":"2024-05-17T17:23:44","date_gmt":"2024-05-17T15:23:44","guid":{"rendered":"https:\/\/grupposerafin.it\/prodotti\/verpackungsproduktionsmaschine\/"},"modified":"2025-11-03T15:53:12","modified_gmt":"2025-11-03T14:53:12","slug":"verpackungsproduktionsmaschine","status":"publish","type":"product","link":"https:\/\/grupposerafin.it\/de\/sitema-de\/verpackungsproduktionsmaschine\/","title":{"rendered":"Verpackungsproduktionsmaschine"},"content":{"rendered":"\n<div class=\"wp-block-columns is-layout-flex wp-container-core-columns-is-layout-28f84493 wp-block-columns-is-layout-flex\">\n<div class=\"wp-block-column is-layout-flow wp-block-column-is-layout-flow\">\n<figure class=\"wp-block-image size-large\"><img fetchpriority=\"high\" decoding=\"async\" width=\"819\" height=\"1024\" src=\"https:\/\/grupposerafin.it\/wp-content\/uploads\/2024\/05\/macchina-produzione-imballi-1-819x1024.jpg\" alt=\"\" class=\"wp-image-11848\" title=\"\" srcset=\"https:\/\/grupposerafin.it\/wp-content\/uploads\/2024\/05\/macchina-produzione-imballi-1-819x1024.jpg 819w, https:\/\/grupposerafin.it\/wp-content\/uploads\/2024\/05\/macchina-produzione-imballi-1-240x300.jpg 240w, https:\/\/grupposerafin.it\/wp-content\/uploads\/2024\/05\/macchina-produzione-imballi-1-768x960.jpg 768w, https:\/\/grupposerafin.it\/wp-content\/uploads\/2024\/05\/macchina-produzione-imballi-1.jpg 1080w\" sizes=\"(max-width: 819px) 100vw, 819px\" \/><\/figure>\n\n\n\n<p>Wenn die Produktion maximale Flexibilit\u00e4t bei variablen Produktgr\u00f6\u00dfen erfordert, kommt unsere Verpackungsproduktionsmaschine zum Einsatz und stellt ma\u00dfgeschneiderte Kartonagen in Echtzeit direkt am Produktionsstandort her. Diese Maschine stellt eine Innovation im Bereich der individualisierten Verpackung dar und wurde entwickelt, um Effizienz und Vielseitigkeit bei der Produktion von Kartons f\u00fcr eine breite Palette von Gr\u00f6\u00dfen zu gew\u00e4hrleisten. <\/p>\n<\/div>\n\n\n\n<div class=\"wp-block-column is-layout-flow wp-block-column-is-layout-flow\">\n<figure class=\"wp-block-image size-large\"><img decoding=\"async\" width=\"819\" height=\"1024\" src=\"https:\/\/grupposerafin.it\/wp-content\/uploads\/2024\/05\/macchina-produzione-imballi-2-819x1024.jpg\" alt=\"\" class=\"wp-image-11845\" title=\"\" srcset=\"https:\/\/grupposerafin.it\/wp-content\/uploads\/2024\/05\/macchina-produzione-imballi-2-819x1024.jpg 819w, https:\/\/grupposerafin.it\/wp-content\/uploads\/2024\/05\/macchina-produzione-imballi-2-240x300.jpg 240w, https:\/\/grupposerafin.it\/wp-content\/uploads\/2024\/05\/macchina-produzione-imballi-2-768x960.jpg 768w, https:\/\/grupposerafin.it\/wp-content\/uploads\/2024\/05\/macchina-produzione-imballi-2.jpg 1080w\" sizes=\"(max-width: 819px) 100vw, 819px\" \/><\/figure>\n\n\n\n<p>Das Zuf\u00fchrsystem verwendet eine kontinuierliche Wellpappenbahn, genannt Fanfold. Wenn die Maschine mit mehreren Fanfold-Aufnahmen ausgestattet ist, kann sie automatisch die am besten geeignete Kartonbreite ausw\u00e4hlen und so den Materialverbrauch optimieren. <\/p>\n<\/div>\n<\/div>\n","protected":false},"excerpt":{"rendered":"<p>Flexible und optimierte Verpackungsmaschine.<\/p>\n","protected":false},"author":1,"featured_media":11850,"parent":0,"template":"","product_cat":[320],"class_list":["post-13266","product","type-product","status-publish","has-post-thumbnail","hentry","product_cat-sitema-de"],"acf":[],"_links":{"self":[{"href":"https:\/\/grupposerafin.it\/de\/wp-json\/wp\/v2\/product\/13266","targetHints":{"allow":["GET"]}}],"collection":[{"href":"https:\/\/grupposerafin.it\/de\/wp-json\/wp\/v2\/product"}],"about":[{"href":"https:\/\/grupposerafin.it\/de\/wp-json\/wp\/v2\/types\/product"}],"author":[{"embeddable":true,"href":"https:\/\/grupposerafin.it\/de\/wp-json\/wp\/v2\/users\/1"}],"version-history":[{"count":1,"href":"https:\/\/grupposerafin.it\/de\/wp-json\/wp\/v2\/product\/13266\/revisions"}],"predecessor-version":[{"id":13269,"href":"https:\/\/grupposerafin.it\/de\/wp-json\/wp\/v2\/product\/13266\/revisions\/13269"}],"wp:featuredmedia":[{"embeddable":true,"href":"https:\/\/grupposerafin.it\/de\/wp-json\/wp\/v2\/media\/11850"}],"wp:attachment":[{"href":"https:\/\/grupposerafin.it\/de\/wp-json\/wp\/v2\/media?parent=13266"}],"wp:term":[{"taxonomy":"product_cat","embeddable":true,"href":"https:\/\/grupposerafin.it\/de\/wp-json\/wp\/v2\/product_cat?post=13266"}],"curies":[{"name":"wp","href":"https:\/\/api.w.org\/{rel}","templated":true}]}}