{"id":13267,"date":"2024-07-09T16:35:26","date_gmt":"2024-07-09T14:35:26","guid":{"rendered":"https:\/\/grupposerafin.it\/prodotti\/personalisierte-pet-baender\/"},"modified":"2025-11-03T15:52:54","modified_gmt":"2025-11-03T14:52:54","slug":"personalisierte-pet-baender","status":"publish","type":"product","link":"https:\/\/grupposerafin.it\/de\/prodotti\/personalisierte-pet-baender\/","title":{"rendered":"Personalisierte PET-B\u00e4nder"},"content":{"rendered":"\n<div class=\"wp-block-columns is-layout-flex wp-container-core-columns-is-layout-28f84493 wp-block-columns-is-layout-flex\">\n<div class=\"wp-block-column is-layout-flow wp-block-column-is-layout-flow\">\n<figure class=\"wp-block-image size-large\"><img fetchpriority=\"high\" decoding=\"async\" width=\"819\" height=\"1024\" src=\"https:\/\/grupposerafin.it\/wp-content\/uploads\/2024\/07\/nastri-pet-personalizzati-1-819x1024.jpg\" alt=\"\" class=\"wp-image-10700\" title=\"\" srcset=\"https:\/\/grupposerafin.it\/wp-content\/uploads\/2024\/07\/nastri-pet-personalizzati-1-819x1024.jpg 819w, https:\/\/grupposerafin.it\/wp-content\/uploads\/2024\/07\/nastri-pet-personalizzati-1-240x300.jpg 240w, https:\/\/grupposerafin.it\/wp-content\/uploads\/2024\/07\/nastri-pet-personalizzati-1-768x960.jpg 768w, https:\/\/grupposerafin.it\/wp-content\/uploads\/2024\/07\/nastri-pet-personalizzati-1.jpg 1080w\" sizes=\"(max-width: 819px) 100vw, 819px\" \/><\/figure>\n\n\n\n<p>Das PET-Klebeband ist sehr widerstandsf\u00e4hig und langlebig und wird f\u00fcr eine Vielzahl industrieller Anwendungen eingesetzt. Es ist mit einem verst\u00e4rkten Polyestertr\u00e4ger gefertigt, der ihm eine hohe mechanische Zug- und Rei\u00dffestigkeit verleiht. <\/p>\n<\/div>\n\n\n\n<div class=\"wp-block-column is-layout-flow wp-block-column-is-layout-flow\">\n<figure class=\"wp-block-image size-large\"><img decoding=\"async\" width=\"819\" height=\"1024\" src=\"https:\/\/grupposerafin.it\/wp-content\/uploads\/2024\/07\/nastri-pet-personalizzati-2-819x1024.jpg\" alt=\"\" class=\"wp-image-10703\" title=\"\" srcset=\"https:\/\/grupposerafin.it\/wp-content\/uploads\/2024\/07\/nastri-pet-personalizzati-2-819x1024.jpg 819w, https:\/\/grupposerafin.it\/wp-content\/uploads\/2024\/07\/nastri-pet-personalizzati-2-240x300.jpg 240w, https:\/\/grupposerafin.it\/wp-content\/uploads\/2024\/07\/nastri-pet-personalizzati-2-768x960.jpg 768w, https:\/\/grupposerafin.it\/wp-content\/uploads\/2024\/07\/nastri-pet-personalizzati-2.jpg 1080w\" sizes=\"(max-width: 819px) 100vw, 819px\" \/><\/figure>\n\n\n\n<p>Ein PET-Band zu personalisieren, kann die Sichtbarkeit Ihres Unternehmens erh\u00f6hen, die Markenidentit\u00e4t st\u00e4rken und Ihnen den ben\u00f6tigten Schutz gew\u00e4hrleisten.<\/p>\n<\/div>\n<\/div>\n","protected":false},"excerpt":{"rendered":"<p>Mit Kunststofftr\u00e4ger, vollst\u00e4ndig recycelbar.<\/p>\n","protected":false},"author":1,"featured_media":10699,"parent":0,"template":"","product_cat":[323],"class_list":["post-13267","product","type-product","status-publish","has-post-thumbnail","hentry","product_cat-personalisierte-klebebander"],"acf":[],"_links":{"self":[{"href":"https:\/\/grupposerafin.it\/de\/wp-json\/wp\/v2\/product\/13267","targetHints":{"allow":["GET"]}}],"collection":[{"href":"https:\/\/grupposerafin.it\/de\/wp-json\/wp\/v2\/product"}],"about":[{"href":"https:\/\/grupposerafin.it\/de\/wp-json\/wp\/v2\/types\/product"}],"author":[{"embeddable":true,"href":"https:\/\/grupposerafin.it\/de\/wp-json\/wp\/v2\/users\/1"}],"version-history":[{"count":1,"href":"https:\/\/grupposerafin.it\/de\/wp-json\/wp\/v2\/product\/13267\/revisions"}],"predecessor-version":[{"id":13270,"href":"https:\/\/grupposerafin.it\/de\/wp-json\/wp\/v2\/product\/13267\/revisions\/13270"}],"wp:featuredmedia":[{"embeddable":true,"href":"https:\/\/grupposerafin.it\/de\/wp-json\/wp\/v2\/media\/10699"}],"wp:attachment":[{"href":"https:\/\/grupposerafin.it\/de\/wp-json\/wp\/v2\/media?parent=13267"}],"wp:term":[{"taxonomy":"product_cat","embeddable":true,"href":"https:\/\/grupposerafin.it\/de\/wp-json\/wp\/v2\/product_cat?post=13267"}],"curies":[{"name":"wp","href":"https:\/\/api.w.org\/{rel}","templated":true}]}}