{"id":13285,"date":"2024-05-17T16:42:45","date_gmt":"2024-05-17T14:42:45","guid":{"rendered":"https:\/\/grupposerafin.it\/prodotti\/stuehle\/"},"modified":"2025-11-03T15:53:34","modified_gmt":"2025-11-03T14:53:34","slug":"stuehle","status":"publish","type":"product","link":"https:\/\/grupposerafin.it\/de\/prodotti\/stuehle\/","title":{"rendered":"St\u00fchle"},"content":{"rendered":"\n<div class=\"wp-block-columns is-layout-flex wp-container-core-columns-is-layout-28f84493 wp-block-columns-is-layout-flex\">\n<div class=\"wp-block-column is-layout-flow wp-block-column-is-layout-flow\">\n<figure class=\"wp-block-image size-large\"><img fetchpriority=\"high\" decoding=\"async\" width=\"819\" height=\"1024\" src=\"https:\/\/grupposerafin.it\/wp-content\/uploads\/2024\/07\/sedia-1-819x1024.jpg\" alt=\"\" class=\"wp-image-10215\" title=\"\" srcset=\"https:\/\/grupposerafin.it\/wp-content\/uploads\/2024\/07\/sedia-1-819x1024.jpg 819w, https:\/\/grupposerafin.it\/wp-content\/uploads\/2024\/07\/sedia-1-240x300.jpg 240w, https:\/\/grupposerafin.it\/wp-content\/uploads\/2024\/07\/sedia-1-768x960.jpg 768w, https:\/\/grupposerafin.it\/wp-content\/uploads\/2024\/07\/sedia-1.jpg 1080w\" sizes=\"(max-width: 819px) 100vw, 819px\" \/><\/figure>\n\n\n\n<p>Der Schreibtischstuhl ist so konzipiert, dass er maximalen Komfort und Sicherheit w\u00e4hrend langer Arbeitsstunden gew\u00e4hrleistet. Hergestellt aus hochwertigen Materialien, verf\u00fcgt dieser Stuhl \u00fcber ein ergonomisches Design, das sich der nat\u00fcrlichen K\u00f6rperhaltung anpasst. Dank des Hebemechanismus kann die H\u00f6he des Stuhls an die individuellen Bed\u00fcrfnisse angepasst werden.   <\/p>\n<\/div>\n\n\n\n<div class=\"wp-block-column is-layout-flow wp-block-column-is-layout-flow\">\n<figure class=\"wp-block-image size-large\"><img decoding=\"async\" width=\"819\" height=\"1024\" src=\"https:\/\/grupposerafin.it\/wp-content\/uploads\/2024\/07\/sedia-2-819x1024.jpg\" alt=\"\" class=\"wp-image-10218\" title=\"\" srcset=\"https:\/\/grupposerafin.it\/wp-content\/uploads\/2024\/07\/sedia-2-819x1024.jpg 819w, https:\/\/grupposerafin.it\/wp-content\/uploads\/2024\/07\/sedia-2-240x300.jpg 240w, https:\/\/grupposerafin.it\/wp-content\/uploads\/2024\/07\/sedia-2-768x960.jpg 768w, https:\/\/grupposerafin.it\/wp-content\/uploads\/2024\/07\/sedia-2.jpg 1080w\" sizes=\"(max-width: 819px) 100vw, 819px\" \/><\/figure>\n\n\n\n<p>Die Struktur besteht aus widerstandsf\u00e4higen Materialien, mit einem 5-Stern-Fu\u00dfkreuz, das Stabilit\u00e4t und Sicherheit bietet, auch bei schnellen Bewegungen. Die drehbaren Rollen erm\u00f6glichen eine einfache Bewegung und machen den Stuhl ideal f\u00fcr dynamische Arbeitsumgebungen. <\/p>\n<\/div>\n<\/div>\n","protected":false},"excerpt":{"rendered":"<p>Maximaler Komfort und Best\u00e4ndigkeit.<\/p>\n","protected":false},"author":1,"featured_media":10223,"parent":0,"template":"","product_cat":[287],"class_list":["post-13285","product","type-product","status-publish","has-post-thumbnail","hentry","product_cat-epa-bereich"],"acf":[],"_links":{"self":[{"href":"https:\/\/grupposerafin.it\/de\/wp-json\/wp\/v2\/product\/13285","targetHints":{"allow":["GET"]}}],"collection":[{"href":"https:\/\/grupposerafin.it\/de\/wp-json\/wp\/v2\/product"}],"about":[{"href":"https:\/\/grupposerafin.it\/de\/wp-json\/wp\/v2\/types\/product"}],"author":[{"embeddable":true,"href":"https:\/\/grupposerafin.it\/de\/wp-json\/wp\/v2\/users\/1"}],"version-history":[{"count":1,"href":"https:\/\/grupposerafin.it\/de\/wp-json\/wp\/v2\/product\/13285\/revisions"}],"predecessor-version":[{"id":13287,"href":"https:\/\/grupposerafin.it\/de\/wp-json\/wp\/v2\/product\/13285\/revisions\/13287"}],"wp:featuredmedia":[{"embeddable":true,"href":"https:\/\/grupposerafin.it\/de\/wp-json\/wp\/v2\/media\/10223"}],"wp:attachment":[{"href":"https:\/\/grupposerafin.it\/de\/wp-json\/wp\/v2\/media?parent=13285"}],"wp:term":[{"taxonomy":"product_cat","embeddable":true,"href":"https:\/\/grupposerafin.it\/de\/wp-json\/wp\/v2\/product_cat?post=13285"}],"curies":[{"name":"wp","href":"https:\/\/api.w.org\/{rel}","templated":true}]}}