{"id":13288,"date":"2024-05-17T16:40:30","date_gmt":"2024-05-17T14:40:30","guid":{"rendered":"https:\/\/grupposerafin.it\/prodotti\/selbstklebende-duebel\/"},"modified":"2025-11-03T15:53:56","modified_gmt":"2025-11-03T14:53:56","slug":"selbstklebende-duebel","status":"publish","type":"product","link":"https:\/\/grupposerafin.it\/de\/staticontrol-de\/polyethylenschaum\/selbstklebende-duebel\/","title":{"rendered":"Selbstklebende D\u00fcbel"},"content":{"rendered":"\n<div class=\"wp-block-columns is-layout-flex wp-container-core-columns-is-layout-28f84493 wp-block-columns-is-layout-flex\">\n<div class=\"wp-block-column is-layout-flow wp-block-column-is-layout-flow\">\n<figure class=\"wp-block-image size-large\"><img fetchpriority=\"high\" decoding=\"async\" width=\"819\" height=\"1024\" src=\"https:\/\/grupposerafin.it\/wp-content\/uploads\/2024\/07\/tasselli-adesivi-1-819x1024.jpg\" alt=\"\" class=\"wp-image-10278\" title=\"\" srcset=\"https:\/\/grupposerafin.it\/wp-content\/uploads\/2024\/07\/tasselli-adesivi-1-819x1024.jpg 819w, https:\/\/grupposerafin.it\/wp-content\/uploads\/2024\/07\/tasselli-adesivi-1-240x300.jpg 240w, https:\/\/grupposerafin.it\/wp-content\/uploads\/2024\/07\/tasselli-adesivi-1-768x960.jpg 768w, https:\/\/grupposerafin.it\/wp-content\/uploads\/2024\/07\/tasselli-adesivi-1.jpg 1080w\" sizes=\"(max-width: 819px) 100vw, 819px\" \/><\/figure>\n\n\n\n<p>Die selbstklebenden Polyethylenschaum-Pads sind vielseitige und innovative L\u00f6sungen, die entwickelt wurden, um die Befestigung zu erleichtern und eine h\u00f6here Stabilit\u00e4t der Produkte w\u00e4hrend des Transports zu gew\u00e4hrleisten. Strategisch in den Ecken der Kartons platziert, absorbieren diese Pads Vibrationen und St\u00f6\u00dfe, wodurch das Risiko einer Besch\u00e4digung der verpackten Gegenst\u00e4nde minimiert wird. <\/p>\n<\/div>\n\n\n\n<div class=\"wp-block-column is-layout-flow wp-block-column-is-layout-flow\">\n<figure class=\"wp-block-image size-large\"><img decoding=\"async\" width=\"819\" height=\"1024\" src=\"https:\/\/grupposerafin.it\/wp-content\/uploads\/2024\/07\/tasselli-adesivi-2-819x1024.jpg\" alt=\"\" class=\"wp-image-10281\" title=\"\" srcset=\"https:\/\/grupposerafin.it\/wp-content\/uploads\/2024\/07\/tasselli-adesivi-2-819x1024.jpg 819w, https:\/\/grupposerafin.it\/wp-content\/uploads\/2024\/07\/tasselli-adesivi-2-240x300.jpg 240w, https:\/\/grupposerafin.it\/wp-content\/uploads\/2024\/07\/tasselli-adesivi-2-768x960.jpg 768w, https:\/\/grupposerafin.it\/wp-content\/uploads\/2024\/07\/tasselli-adesivi-2.jpg 1080w\" sizes=\"(max-width: 819px) 100vw, 819px\" \/><\/figure>\n\n\n\n<p>Hergestellt aus einem Material, das eine ausgezeichnete Sto\u00dfd\u00e4mpfung bietet, sind die Pads mit einem hochwertigen Klebstoff ausgestattet, der eine robuste und dauerhafte Befestigung gew\u00e4hrleistet. Ihr ergonomisches Design erm\u00f6glicht eine einfache und schnelle Installation ohne zus\u00e4tzliche Werkzeuge, was sie ideal f\u00fcr eine Vielzahl von Anwendungen macht. <\/p>\n<\/div>\n<\/div>\n","protected":false},"excerpt":{"rendered":"<p>Vielseitige und innovative L\u00f6sung.<\/p>\n","protected":false},"author":1,"featured_media":10277,"parent":0,"template":"","product_cat":[285],"class_list":["post-13288","product","type-product","status-publish","has-post-thumbnail","hentry","product_cat-polyethylenschaum"],"acf":[],"_links":{"self":[{"href":"https:\/\/grupposerafin.it\/de\/wp-json\/wp\/v2\/product\/13288","targetHints":{"allow":["GET"]}}],"collection":[{"href":"https:\/\/grupposerafin.it\/de\/wp-json\/wp\/v2\/product"}],"about":[{"href":"https:\/\/grupposerafin.it\/de\/wp-json\/wp\/v2\/types\/product"}],"author":[{"embeddable":true,"href":"https:\/\/grupposerafin.it\/de\/wp-json\/wp\/v2\/users\/1"}],"version-history":[{"count":1,"href":"https:\/\/grupposerafin.it\/de\/wp-json\/wp\/v2\/product\/13288\/revisions"}],"predecessor-version":[{"id":13289,"href":"https:\/\/grupposerafin.it\/de\/wp-json\/wp\/v2\/product\/13288\/revisions\/13289"}],"wp:featuredmedia":[{"embeddable":true,"href":"https:\/\/grupposerafin.it\/de\/wp-json\/wp\/v2\/media\/10277"}],"wp:attachment":[{"href":"https:\/\/grupposerafin.it\/de\/wp-json\/wp\/v2\/media?parent=13288"}],"wp:term":[{"taxonomy":"product_cat","embeddable":true,"href":"https:\/\/grupposerafin.it\/de\/wp-json\/wp\/v2\/product_cat?post=13288"}],"curies":[{"name":"wp","href":"https:\/\/api.w.org\/{rel}","templated":true}]}}