{"id":13296,"date":"2024-05-17T16:42:36","date_gmt":"2024-05-17T14:42:36","guid":{"rendered":"https:\/\/grupposerafin.it\/prodotti\/matten-fuer-werkbaenke\/"},"modified":"2025-11-03T15:53:57","modified_gmt":"2025-11-03T14:53:57","slug":"matten-fuer-werkbaenke","status":"publish","type":"product","link":"https:\/\/grupposerafin.it\/de\/staticontrol-de\/epa-bereich\/matten-fuer-werkbaenke\/","title":{"rendered":"Matten f\u00fcr Werkb\u00e4nke"},"content":{"rendered":"\n<div class=\"wp-block-columns is-layout-flex wp-container-core-columns-is-layout-28f84493 wp-block-columns-is-layout-flex\">\n<div class=\"wp-block-column is-layout-flow wp-block-column-is-layout-flow\">\n<figure class=\"wp-block-image size-large\"><img fetchpriority=\"high\" decoding=\"async\" width=\"819\" height=\"1024\" src=\"https:\/\/grupposerafin.it\/wp-content\/uploads\/2024\/07\/tappeto-banchi-1-819x1024.jpg\" alt=\"\" class=\"wp-image-10118\" title=\"\" srcset=\"https:\/\/grupposerafin.it\/wp-content\/uploads\/2024\/07\/tappeto-banchi-1-819x1024.jpg 819w, https:\/\/grupposerafin.it\/wp-content\/uploads\/2024\/07\/tappeto-banchi-1-240x300.jpg 240w, https:\/\/grupposerafin.it\/wp-content\/uploads\/2024\/07\/tappeto-banchi-1-768x960.jpg 768w, https:\/\/grupposerafin.it\/wp-content\/uploads\/2024\/07\/tappeto-banchi-1.jpg 1080w\" sizes=\"(max-width: 819px) 100vw, 819px\" \/><\/figure>\n\n\n\n<p>Matten f\u00fcr Werkb\u00e4nke sind unerl\u00e4sslich, um eine sichere, komfortable und effiziente Arbeitsumgebung zu gew\u00e4hrleisten. Diese Matten wurden speziell f\u00fcr den Einsatz in Industrieumgebungen, Werkst\u00e4tten und B\u00fcros entwickelt und verf\u00fcgen \u00fcber eine rutschfeste Oberfl\u00e4che, die das Risiko des Herunterfallens von Gegenst\u00e4nden reduziert.  <\/p>\n<\/div>\n\n\n\n<div class=\"wp-block-column is-layout-flow wp-block-column-is-layout-flow\">\n<figure class=\"wp-block-image size-large\"><img decoding=\"async\" width=\"819\" height=\"1024\" src=\"https:\/\/grupposerafin.it\/wp-content\/uploads\/2024\/07\/tappeto-banchi-2-819x1024.jpg\" alt=\"\" class=\"wp-image-10121\" title=\"\" srcset=\"https:\/\/grupposerafin.it\/wp-content\/uploads\/2024\/07\/tappeto-banchi-2-819x1024.jpg 819w, https:\/\/grupposerafin.it\/wp-content\/uploads\/2024\/07\/tappeto-banchi-2-240x300.jpg 240w, https:\/\/grupposerafin.it\/wp-content\/uploads\/2024\/07\/tappeto-banchi-2-768x960.jpg 768w, https:\/\/grupposerafin.it\/wp-content\/uploads\/2024\/07\/tappeto-banchi-2.jpg 1080w\" sizes=\"(max-width: 819px) 100vw, 819px\" \/><\/figure>\n\n\n\n<p>Die verwendeten Materialien sind so konzipiert, dass sie Flecken und Schmutz widerstehen, wodurch die Reinigung schnell und einfach ist. Diese Matten sind ideal f\u00fcr eine Vielzahl von Anwendungen, darunter B\u00fcros, Gewerbeumgebungen sowie Labore und Werkst\u00e4tten. <\/p>\n<\/div>\n<\/div>\n","protected":false},"excerpt":{"rendered":"<p>Rutschfeste, ergonomische und leicht zu reinigende Matten.<\/p>\n","protected":false},"author":1,"featured_media":10117,"parent":0,"template":"","product_cat":[287],"class_list":["post-13296","product","type-product","status-publish","has-post-thumbnail","hentry","product_cat-epa-bereich"],"acf":[],"_links":{"self":[{"href":"https:\/\/grupposerafin.it\/de\/wp-json\/wp\/v2\/product\/13296","targetHints":{"allow":["GET"]}}],"collection":[{"href":"https:\/\/grupposerafin.it\/de\/wp-json\/wp\/v2\/product"}],"about":[{"href":"https:\/\/grupposerafin.it\/de\/wp-json\/wp\/v2\/types\/product"}],"author":[{"embeddable":true,"href":"https:\/\/grupposerafin.it\/de\/wp-json\/wp\/v2\/users\/1"}],"version-history":[{"count":1,"href":"https:\/\/grupposerafin.it\/de\/wp-json\/wp\/v2\/product\/13296\/revisions"}],"predecessor-version":[{"id":13297,"href":"https:\/\/grupposerafin.it\/de\/wp-json\/wp\/v2\/product\/13296\/revisions\/13297"}],"wp:featuredmedia":[{"embeddable":true,"href":"https:\/\/grupposerafin.it\/de\/wp-json\/wp\/v2\/media\/10117"}],"wp:attachment":[{"href":"https:\/\/grupposerafin.it\/de\/wp-json\/wp\/v2\/media?parent=13296"}],"wp:term":[{"taxonomy":"product_cat","embeddable":true,"href":"https:\/\/grupposerafin.it\/de\/wp-json\/wp\/v2\/product_cat?post=13296"}],"curies":[{"name":"wp","href":"https:\/\/api.w.org\/{rel}","templated":true}]}}