{"id":13312,"date":"2024-05-17T17:23:23","date_gmt":"2024-05-17T15:23:23","guid":{"rendered":"https:\/\/grupposerafin.it\/prodotti\/verschliessmaschine-f410\/"},"modified":"2025-11-03T15:54:21","modified_gmt":"2025-11-03T14:54:21","slug":"verschliessmaschine-f410","status":"publish","type":"product","link":"https:\/\/grupposerafin.it\/de\/sitema-de\/verschliessmaschine-f410\/","title":{"rendered":"Verschlie\u00dfmaschine F410"},"content":{"rendered":"\n<div class=\"wp-block-columns is-layout-flex wp-container-core-columns-is-layout-28f84493 wp-block-columns-is-layout-flex\">\n<div class=\"wp-block-column is-layout-flow wp-block-column-is-layout-flow\">\n<figure class=\"wp-block-image size-large\"><img fetchpriority=\"high\" decoding=\"async\" width=\"819\" height=\"1024\" src=\"https:\/\/grupposerafin.it\/wp-content\/uploads\/2024\/07\/macchina-chiusura-f410-1-819x1024.jpg\" alt=\"\" class=\"wp-image-10295\" title=\"\" srcset=\"https:\/\/grupposerafin.it\/wp-content\/uploads\/2024\/07\/macchina-chiusura-f410-1-819x1024.jpg 819w, https:\/\/grupposerafin.it\/wp-content\/uploads\/2024\/07\/macchina-chiusura-f410-1-240x300.jpg 240w, https:\/\/grupposerafin.it\/wp-content\/uploads\/2024\/07\/macchina-chiusura-f410-1-768x960.jpg 768w, https:\/\/grupposerafin.it\/wp-content\/uploads\/2024\/07\/macchina-chiusura-f410-1.jpg 1080w\" sizes=\"(max-width: 819px) 100vw, 819px\" \/><\/figure>\n\n\n\n<p>Die automatische Kartonverschlie\u00dfmaschine ist f\u00fcr den Betrieb mit Fefco 0410 Modellen und \u00e4hnlichen Formaten konzipiert.<br\/>Dank eines vollautomatischen Systems erfolgen Formatwechsel unterbrechungsfrei und k\u00f6nnen \u00fcber einen im Schaltkasten integrierten PC gesteuert werden.<br\/>Ihre modulare und hochflexible Struktur erm\u00f6glicht es, eine breite Palette von Produktionsanforderungen zu erf\u00fcllen.<\/p>\n<\/div>\n\n\n\n<div class=\"wp-block-column is-layout-flow wp-block-column-is-layout-flow\">\n<figure class=\"wp-block-image size-large\"><img decoding=\"async\" width=\"819\" height=\"1024\" src=\"https:\/\/grupposerafin.it\/wp-content\/uploads\/2024\/07\/macchina-chiusura-f410-2-819x1024.jpg\" alt=\"\" class=\"wp-image-10298\" title=\"\" srcset=\"https:\/\/grupposerafin.it\/wp-content\/uploads\/2024\/07\/macchina-chiusura-f410-2-819x1024.jpg 819w, https:\/\/grupposerafin.it\/wp-content\/uploads\/2024\/07\/macchina-chiusura-f410-2-240x300.jpg 240w, https:\/\/grupposerafin.it\/wp-content\/uploads\/2024\/07\/macchina-chiusura-f410-2-768x960.jpg 768w, https:\/\/grupposerafin.it\/wp-content\/uploads\/2024\/07\/macchina-chiusura-f410-2.jpg 1080w\" sizes=\"(max-width: 819px) 100vw, 819px\" \/><\/figure>\n\n\n\n<p>Sie kann sowohl als eigenst\u00e4ndige Einheit als auch in eine automatisierte Produktionslinie integriert werden. Sie eignet sich sowohl f\u00fcr die Serienproduktion als auch f\u00fcr flexible Fertigungsprozesse. Ideal zum Verpacken von Artikeln unterschiedlicher Gr\u00f6\u00dfe, einschlie\u00dflich niedriger, langer oder schmaler Produkte.<br\/>Diese Maschine ist besonders f\u00fcr die Holzindustrie geeignet, da sie sich perfekt zum Verpacken von zerlegten M\u00f6beln, T\u00fcren, Paneelen und Platten sowie Produkten mit gro\u00dfer dimensionaler Variabilit\u00e4t eignet.  <\/p>\n<\/div>\n<\/div>\n","protected":false},"excerpt":{"rendered":"<p>Automatische Kartonverschlie\u00dfmaschine.<\/p>\n","protected":false},"author":1,"featured_media":10294,"parent":0,"template":"","product_cat":[320],"class_list":["post-13312","product","type-product","status-publish","has-post-thumbnail","hentry","product_cat-sitema-de"],"acf":[],"_links":{"self":[{"href":"https:\/\/grupposerafin.it\/de\/wp-json\/wp\/v2\/product\/13312","targetHints":{"allow":["GET"]}}],"collection":[{"href":"https:\/\/grupposerafin.it\/de\/wp-json\/wp\/v2\/product"}],"about":[{"href":"https:\/\/grupposerafin.it\/de\/wp-json\/wp\/v2\/types\/product"}],"author":[{"embeddable":true,"href":"https:\/\/grupposerafin.it\/de\/wp-json\/wp\/v2\/users\/1"}],"version-history":[{"count":1,"href":"https:\/\/grupposerafin.it\/de\/wp-json\/wp\/v2\/product\/13312\/revisions"}],"predecessor-version":[{"id":13313,"href":"https:\/\/grupposerafin.it\/de\/wp-json\/wp\/v2\/product\/13312\/revisions\/13313"}],"wp:featuredmedia":[{"embeddable":true,"href":"https:\/\/grupposerafin.it\/de\/wp-json\/wp\/v2\/media\/10294"}],"wp:attachment":[{"href":"https:\/\/grupposerafin.it\/de\/wp-json\/wp\/v2\/media?parent=13312"}],"wp:term":[{"taxonomy":"product_cat","embeddable":true,"href":"https:\/\/grupposerafin.it\/de\/wp-json\/wp\/v2\/product_cat?post=13312"}],"curies":[{"name":"wp","href":"https:\/\/api.w.org\/{rel}","templated":true}]}}