{"id":13330,"date":"2024-07-09T16:38:39","date_gmt":"2024-07-09T14:38:39","guid":{"rendered":"https:\/\/grupposerafin.it\/prodotti\/kraftpapier-klebebaender\/"},"modified":"2025-11-03T15:55:05","modified_gmt":"2025-11-03T14:55:05","slug":"kraftpapier-klebebaender","status":"publish","type":"product","link":"https:\/\/grupposerafin.it\/de\/sf-packaging-de\/klebeband\/kraftpapier-klebebaender\/","title":{"rendered":"Kraftpapier-Klebeb\u00e4nder"},"content":{"rendered":"\n<div class=\"wp-block-columns is-layout-flex wp-container-core-columns-is-layout-28f84493 wp-block-columns-is-layout-flex\">\n<div class=\"wp-block-column is-layout-flow wp-block-column-is-layout-flow\">\n<figure class=\"wp-block-image size-large\"><img fetchpriority=\"high\" decoding=\"async\" width=\"819\" height=\"1024\" src=\"https:\/\/grupposerafin.it\/wp-content\/uploads\/2024\/07\/nastro-kh80-1-819x1024.jpg\" alt=\"\" class=\"wp-image-10725\" title=\"\" srcset=\"https:\/\/grupposerafin.it\/wp-content\/uploads\/2024\/07\/nastro-kh80-1-819x1024.jpg 819w, https:\/\/grupposerafin.it\/wp-content\/uploads\/2024\/07\/nastro-kh80-1-240x300.jpg 240w, https:\/\/grupposerafin.it\/wp-content\/uploads\/2024\/07\/nastro-kh80-1-768x960.jpg 768w, https:\/\/grupposerafin.it\/wp-content\/uploads\/2024\/07\/nastro-kh80-1.jpg 1080w\" sizes=\"(max-width: 819px) 100vw, 819px\" \/><\/figure>\n\n\n\n<p>Das Kraftpapier-Klebeband ist ein widerstandsf\u00e4higes und vielseitiges Papierklebeband mit Kraftpapier-Tr\u00e4ger aus Abf\u00e4llen von Kartonagenfabriken. Seine Papieroberfl\u00e4che gew\u00e4hrleistet eine sichere Haftung auf verschiedenen Oberfl\u00e4chen und eine einfache Entfernung ohne R\u00fcckst\u00e4nde. <\/p>\n<\/div>\n\n\n\n<div class=\"wp-block-column is-layout-flow wp-block-column-is-layout-flow\">\n<figure class=\"wp-block-image size-large\"><img decoding=\"async\" width=\"819\" height=\"1024\" src=\"https:\/\/grupposerafin.it\/wp-content\/uploads\/2024\/07\/nastro-kh80-2-819x1024.jpg\" alt=\"\" class=\"wp-image-10728\" title=\"\" srcset=\"https:\/\/grupposerafin.it\/wp-content\/uploads\/2024\/07\/nastro-kh80-2-819x1024.jpg 819w, https:\/\/grupposerafin.it\/wp-content\/uploads\/2024\/07\/nastro-kh80-2-240x300.jpg 240w, https:\/\/grupposerafin.it\/wp-content\/uploads\/2024\/07\/nastro-kh80-2-768x960.jpg 768w, https:\/\/grupposerafin.it\/wp-content\/uploads\/2024\/07\/nastro-kh80-2.jpg 1080w\" sizes=\"(max-width: 819px) 100vw, 819px\" \/><\/figure>\n\n\n\n<p>Perfekt f\u00fcr Anwendungen, die einen zuverl\u00e4ssigen Verschluss und eine saubere Oberfl\u00e4che erfordern. Verf\u00fcgbar neutral mit Druckm\u00f6glichkeit bis zu 4 Farben. FSC-zertifiziertes, 100% recyceltes Klebeband.  <\/p>\n<\/div>\n<\/div>\n\n<p><\/p>\n","protected":false},"excerpt":{"rendered":"<p>Umweltfreundliche, elegante und nachhaltige Haftung.<\/p>\n","protected":false},"author":1,"featured_media":10724,"parent":0,"template":"","product_cat":[272],"class_list":["post-13330","product","type-product","status-publish","has-post-thumbnail","hentry","product_cat-klebeband"],"acf":[],"_links":{"self":[{"href":"https:\/\/grupposerafin.it\/de\/wp-json\/wp\/v2\/product\/13330","targetHints":{"allow":["GET"]}}],"collection":[{"href":"https:\/\/grupposerafin.it\/de\/wp-json\/wp\/v2\/product"}],"about":[{"href":"https:\/\/grupposerafin.it\/de\/wp-json\/wp\/v2\/types\/product"}],"author":[{"embeddable":true,"href":"https:\/\/grupposerafin.it\/de\/wp-json\/wp\/v2\/users\/1"}],"version-history":[{"count":1,"href":"https:\/\/grupposerafin.it\/de\/wp-json\/wp\/v2\/product\/13330\/revisions"}],"predecessor-version":[{"id":13333,"href":"https:\/\/grupposerafin.it\/de\/wp-json\/wp\/v2\/product\/13330\/revisions\/13333"}],"wp:featuredmedia":[{"embeddable":true,"href":"https:\/\/grupposerafin.it\/de\/wp-json\/wp\/v2\/media\/10724"}],"wp:attachment":[{"href":"https:\/\/grupposerafin.it\/de\/wp-json\/wp\/v2\/media?parent=13330"}],"wp:term":[{"taxonomy":"product_cat","embeddable":true,"href":"https:\/\/grupposerafin.it\/de\/wp-json\/wp\/v2\/product_cat?post=13330"}],"curies":[{"name":"wp","href":"https:\/\/api.w.org\/{rel}","templated":true}]}}