{"id":13603,"date":"2023-02-06T12:40:19","date_gmt":"2023-02-06T11:40:19","guid":{"rendered":"https:\/\/grupposerafin.it\/prodotti\/individuell-gestaltete-packbaender-aus-kraftpapier\/"},"modified":"2025-11-03T16:05:52","modified_gmt":"2025-11-03T15:05:52","slug":"individuell-gestaltete-packbaender-aus-kraftpapier","status":"publish","type":"product","link":"https:\/\/grupposerafin.it\/de\/sf-packaging-de\/personalisierte-klebebander\/individuell-gestaltete-packbaender-aus-kraftpapier\/","title":{"rendered":"Individuell gestaltete Packb\u00e4nder aus Kraftpapier"},"content":{"rendered":"\n<div class=\"wp-block-columns is-layout-flex wp-container-core-columns-is-layout-28f84493 wp-block-columns-is-layout-flex\">\n<div class=\"wp-block-column is-layout-flow wp-block-column-is-layout-flow\">\n<figure class=\"wp-block-image size-large\"><img fetchpriority=\"high\" decoding=\"async\" width=\"819\" height=\"1024\" src=\"https:\/\/grupposerafin.it\/wp-content\/uploads\/2024\/07\/nastri-kh80-personalizzati-1-819x1024.jpg\" alt=\"\" class=\"wp-image-10710\" title=\"\" srcset=\"https:\/\/grupposerafin.it\/wp-content\/uploads\/2024\/07\/nastri-kh80-personalizzati-1-819x1024.jpg 819w, https:\/\/grupposerafin.it\/wp-content\/uploads\/2024\/07\/nastri-kh80-personalizzati-1-240x300.jpg 240w, https:\/\/grupposerafin.it\/wp-content\/uploads\/2024\/07\/nastri-kh80-personalizzati-1-768x960.jpg 768w, https:\/\/grupposerafin.it\/wp-content\/uploads\/2024\/07\/nastri-kh80-personalizzati-1.jpg 1080w\" sizes=\"(max-width: 819px) 100vw, 819px\" \/><\/figure>\n\n\n\n<p>Das individuell gestaltete Packband aus Kraftpapier kombiniert die Festigkeit und Vielseitigkeit von recyceltem Kraftpapier mit der M\u00f6glichkeit der individuellen Gestaltung mit bis zu 8 Farben. Dieses FSC-zertifizierte Band wird aus Abf\u00e4llen von Kartonfabriken hergestellt und ist eine umweltfreundliche und nachhaltige Option. <\/p>\n<\/div>\n\n\n\n<div class=\"wp-block-column is-layout-flow wp-block-column-is-layout-flow\">\n<figure class=\"wp-block-image size-large\"><img decoding=\"async\" width=\"819\" height=\"1024\" src=\"https:\/\/grupposerafin.it\/wp-content\/uploads\/2024\/07\/nastri-kh80-personalizzati-2-819x1024.jpg\" alt=\"\" class=\"wp-image-10713\" title=\"\" srcset=\"https:\/\/grupposerafin.it\/wp-content\/uploads\/2024\/07\/nastri-kh80-personalizzati-2-819x1024.jpg 819w, https:\/\/grupposerafin.it\/wp-content\/uploads\/2024\/07\/nastri-kh80-personalizzati-2-240x300.jpg 240w, https:\/\/grupposerafin.it\/wp-content\/uploads\/2024\/07\/nastri-kh80-personalizzati-2-768x960.jpg 768w, https:\/\/grupposerafin.it\/wp-content\/uploads\/2024\/07\/nastri-kh80-personalizzati-2.jpg 1080w\" sizes=\"(max-width: 819px) 100vw, 819px\" \/><\/figure>\n\n\n\n<p>Seine Papieroberfl\u00e4che garantiert eine sichere Haftung auf verschiedenen Oberfl\u00e4chen und eine einfache, r\u00fcckstandsfreie Entfernung. Das Packband aus Kraftpapier ist perfekt f\u00fcr alle, die einen zuverl\u00e4ssigen Verschluss und ein sauberes Finish suchen, und bietet zudem die M\u00f6glichkeit, Ihr eigenes Design aufzudrucken, was ihm eine pers\u00f6nliche und elegante Note verleiht. <\/p>\n<\/div>\n<\/div>\n","protected":false},"excerpt":{"rendered":"<p>Umweltfreundliche Eleganz, einzigartiges Siegel.<\/p>\n","protected":false},"author":1,"featured_media":10718,"parent":0,"template":"","product_cat":[323],"class_list":["post-13603","product","type-product","status-publish","has-post-thumbnail","hentry","product_cat-personalisierte-klebebander"],"acf":[],"_links":{"self":[{"href":"https:\/\/grupposerafin.it\/de\/wp-json\/wp\/v2\/product\/13603","targetHints":{"allow":["GET"]}}],"collection":[{"href":"https:\/\/grupposerafin.it\/de\/wp-json\/wp\/v2\/product"}],"about":[{"href":"https:\/\/grupposerafin.it\/de\/wp-json\/wp\/v2\/types\/product"}],"author":[{"embeddable":true,"href":"https:\/\/grupposerafin.it\/de\/wp-json\/wp\/v2\/users\/1"}],"version-history":[{"count":1,"href":"https:\/\/grupposerafin.it\/de\/wp-json\/wp\/v2\/product\/13603\/revisions"}],"predecessor-version":[{"id":13604,"href":"https:\/\/grupposerafin.it\/de\/wp-json\/wp\/v2\/product\/13603\/revisions\/13604"}],"wp:featuredmedia":[{"embeddable":true,"href":"https:\/\/grupposerafin.it\/de\/wp-json\/wp\/v2\/media\/10718"}],"wp:attachment":[{"href":"https:\/\/grupposerafin.it\/de\/wp-json\/wp\/v2\/media?parent=13603"}],"wp:term":[{"taxonomy":"product_cat","embeddable":true,"href":"https:\/\/grupposerafin.it\/de\/wp-json\/wp\/v2\/product_cat?post=13603"}],"curies":[{"name":"wp","href":"https:\/\/api.w.org\/{rel}","templated":true}]}}