{"id":13607,"date":"2023-02-06T13:05:36","date_gmt":"2023-02-06T12:05:36","guid":{"rendered":"https:\/\/grupposerafin.it\/prodotti\/ecopack-band\/"},"modified":"2025-11-03T16:05:52","modified_gmt":"2025-11-03T15:05:52","slug":"ecopack-band","status":"publish","type":"product","link":"https:\/\/grupposerafin.it\/de\/sf-packaging-de\/klebeband\/ecopack-band\/","title":{"rendered":"Ecopack-Band"},"content":{"rendered":"\n<div class=\"wp-block-columns is-layout-flex wp-container-core-columns-is-layout-28f84493 wp-block-columns-is-layout-flex\">\n<div class=\"wp-block-column is-layout-flow wp-block-column-is-layout-flow\">\n<figure class=\"wp-block-image size-large\"><img fetchpriority=\"high\" decoding=\"async\" width=\"819\" height=\"1024\" src=\"https:\/\/grupposerafin.it\/wp-content\/uploads\/2024\/07\/nastro-ecopack-1-819x1024.jpg\" alt=\"\" class=\"wp-image-10596\" title=\"\" srcset=\"https:\/\/grupposerafin.it\/wp-content\/uploads\/2024\/07\/nastro-ecopack-1-819x1024.jpg 819w, https:\/\/grupposerafin.it\/wp-content\/uploads\/2024\/07\/nastro-ecopack-1-240x300.jpg 240w, https:\/\/grupposerafin.it\/wp-content\/uploads\/2024\/07\/nastro-ecopack-1-768x960.jpg 768w, https:\/\/grupposerafin.it\/wp-content\/uploads\/2024\/07\/nastro-ecopack-1.jpg 1080w\" sizes=\"(max-width: 819px) 100vw, 819px\" \/><\/figure>\n\n\n\n<p>Das Band aus \u00f6kologischem Papier ist eine nachhaltige und umweltfreundliche Alternative zu herk\u00f6mmlichen Kunststoffb\u00e4ndern. Diese Art von Band wird aus recycelten\/biologisch abbaubaren Materialien hergestellt und kann zum Verschlie\u00dfen von Paketen und zum Versiegeln von Verpackungen verwendet werden, wodurch der Umwelteinfluss reduziert wird. 100 % \u00f6kologische B\u00e4nder.  <\/p>\n<\/div>\n\n\n\n<div class=\"wp-block-column is-layout-flow wp-block-column-is-layout-flow\">\n<figure class=\"wp-block-image size-large\"><img decoding=\"async\" width=\"819\" height=\"1024\" src=\"https:\/\/grupposerafin.it\/wp-content\/uploads\/2024\/07\/nastro-ecopack-2-819x1024.jpg\" alt=\"\" class=\"wp-image-10599\" title=\"\" srcset=\"https:\/\/grupposerafin.it\/wp-content\/uploads\/2024\/07\/nastro-ecopack-2-819x1024.jpg 819w, https:\/\/grupposerafin.it\/wp-content\/uploads\/2024\/07\/nastro-ecopack-2-240x300.jpg 240w, https:\/\/grupposerafin.it\/wp-content\/uploads\/2024\/07\/nastro-ecopack-2-768x960.jpg 768w, https:\/\/grupposerafin.it\/wp-content\/uploads\/2024\/07\/nastro-ecopack-2.jpg 1080w\" sizes=\"(max-width: 819px) 100vw, 819px\" \/><\/figure>\n\n\n\n<p>Ecopack o ecopack rinforzato, entrambe le tipologie di nastri in carta Kraft sono di facile utilizzo in quanto si possono utilizzare manualmente.<style>\/*! elementor - v3.11.1 - 15-02-2023 *\/&amp;amp;amp;amp;amp;amp;lt;br \/>&amp;amp;amp;amp;amp;lt;br>.elementor-widget-image{text-align:center}.elementor-widget-image a{display:inline-block}.elementor-widget-image a img[src$=\".svg\"]{width:48px}.elementor-widget-image img{vertical-align:middle;display:inline-block}<\/style><\/p>\n<\/div>\n<\/div>\n\n<p><style>\/*! elementor - v3.11.1 - 15-02-2023 *\/&amp;amp;amp;amp;lt;br \/>&amp;amp;amp;lt;br>.elementor-widget-image{text-align:center}.elementor-widget-image a{display:inline-block}.elementor-widget-image a img[src$=\".svg\"]{width:48px}.elementor-widget-image img{vertical-align:middle;display:inline-block}<\/style><\/p>\n\n<p><\/p>\n","protected":false},"excerpt":{"rendered":"<p>Personalisierbares Band aus \u00f6kologischem Papier.<\/p>\n","protected":false},"author":6,"featured_media":10595,"parent":0,"template":"","product_cat":[272],"class_list":["post-13607","product","type-product","status-publish","has-post-thumbnail","hentry","product_cat-klebeband"],"acf":[],"_links":{"self":[{"href":"https:\/\/grupposerafin.it\/de\/wp-json\/wp\/v2\/product\/13607","targetHints":{"allow":["GET"]}}],"collection":[{"href":"https:\/\/grupposerafin.it\/de\/wp-json\/wp\/v2\/product"}],"about":[{"href":"https:\/\/grupposerafin.it\/de\/wp-json\/wp\/v2\/types\/product"}],"author":[{"embeddable":true,"href":"https:\/\/grupposerafin.it\/de\/wp-json\/wp\/v2\/users\/6"}],"version-history":[{"count":1,"href":"https:\/\/grupposerafin.it\/de\/wp-json\/wp\/v2\/product\/13607\/revisions"}],"predecessor-version":[{"id":13610,"href":"https:\/\/grupposerafin.it\/de\/wp-json\/wp\/v2\/product\/13607\/revisions\/13610"}],"wp:featuredmedia":[{"embeddable":true,"href":"https:\/\/grupposerafin.it\/de\/wp-json\/wp\/v2\/media\/10595"}],"wp:attachment":[{"href":"https:\/\/grupposerafin.it\/de\/wp-json\/wp\/v2\/media?parent=13607"}],"wp:term":[{"taxonomy":"product_cat","embeddable":true,"href":"https:\/\/grupposerafin.it\/de\/wp-json\/wp\/v2\/product_cat?post=13607"}],"curies":[{"name":"wp","href":"https:\/\/api.w.org\/{rel}","templated":true}]}}