{"id":8103,"date":"2019-03-25T10:18:47","date_gmt":"2019-03-25T09:18:47","guid":{"rendered":"https:\/\/grupposerafin.it\/prodotti\/manuell-anwendbare-stretchfolie\/"},"modified":"2025-11-03T16:02:58","modified_gmt":"2025-11-03T15:02:58","slug":"manuell-anwendbare-stretchfolie","status":"publish","type":"product","link":"https:\/\/grupposerafin.it\/de\/sf-packaging-de\/stretchfolie\/manuell-anwendbare-stretchfolie\/","title":{"rendered":"Manuelle Stretchfolie"},"content":{"rendered":"\n<div class=\"wp-block-columns is-layout-flex wp-container-core-columns-is-layout-28f84493 wp-block-columns-is-layout-flex\">\n<div class=\"wp-block-column is-layout-flow wp-block-column-is-layout-flow\">\n<figure class=\"wp-block-image size-large\"><img fetchpriority=\"high\" decoding=\"async\" width=\"819\" height=\"1024\" src=\"https:\/\/grupposerafin.it\/wp-content\/uploads\/2024\/07\/film-estensibile-manuale-1-819x1024.jpg\" alt=\"\" class=\"wp-image-10392\" title=\"\" srcset=\"https:\/\/grupposerafin.it\/wp-content\/uploads\/2024\/07\/film-estensibile-manuale-1-819x1024.jpg 819w, https:\/\/grupposerafin.it\/wp-content\/uploads\/2024\/07\/film-estensibile-manuale-1-240x300.jpg 240w, https:\/\/grupposerafin.it\/wp-content\/uploads\/2024\/07\/film-estensibile-manuale-1-768x960.jpg 768w, https:\/\/grupposerafin.it\/wp-content\/uploads\/2024\/07\/film-estensibile-manuale-1.jpg 1080w\" sizes=\"(max-width: 819px) 100vw, 819px\" \/><\/figure>\n\n\n\n<p>Kleine oder gro\u00dfe Verpackungen, schwere oder mittelgro\u00dfe Produkte \u2013 mit den Rollen aus transparenter, wei\u00dfer und schwarzer Handstretchfolie wird jede Art von Umh\u00fcllung einfach und gew\u00e4hrleistet Widerstandsf\u00e4higkeit und Ordnung. Das bei der Herstellung der Stretchfolie verwendete Kunststoffmaterial ist elastisch und flexibel, um maximale Anwendungsfreundlichkeit zu garantieren. <\/p>\n<\/div>\n\n\n\n<div class=\"wp-block-column is-layout-flow wp-block-column-is-layout-flow\">\n<figure class=\"wp-block-image size-large\"><img decoding=\"async\" width=\"819\" height=\"1024\" src=\"https:\/\/grupposerafin.it\/wp-content\/uploads\/2024\/07\/film-estensibile-manuale-2-819x1024.jpg\" alt=\"\" class=\"wp-image-10395\" title=\"\" srcset=\"https:\/\/grupposerafin.it\/wp-content\/uploads\/2024\/07\/film-estensibile-manuale-2-819x1024.jpg 819w, https:\/\/grupposerafin.it\/wp-content\/uploads\/2024\/07\/film-estensibile-manuale-2-240x300.jpg 240w, https:\/\/grupposerafin.it\/wp-content\/uploads\/2024\/07\/film-estensibile-manuale-2-768x960.jpg 768w, https:\/\/grupposerafin.it\/wp-content\/uploads\/2024\/07\/film-estensibile-manuale-2.jpg 1080w\" sizes=\"(max-width: 819px) 100vw, 819px\" \/><\/figure>\n\n\n\n<p>Jeder Mitarbeiter oder Lagerist wird die Handstretchfolie sofort verwenden k\u00f6nnen und in wenigen Augenblicken sehr widerstandsf\u00e4hige und praktisch zu lagernde Verpackungen erstellen! Dank unserer Erfahrung in der Lieferung von Stretchfolie f\u00fcr Verpackungen k\u00f6nnen wir Ihnen eine gro\u00dfe Auswahl sowohl bei den Rollenabmessungen als auch bei der Folienst\u00e4rke bieten, um Ihnen das wirksamste Produkt f\u00fcr Ihren Einsatz zu gew\u00e4hrleisten! <\/p>\n<\/div>\n<\/div>\n","protected":false},"excerpt":{"rendered":"<p>Handstretchfolie: die Sicherheit f\u00fcr Ihre Produkte.<\/p>\n","protected":false},"author":3,"featured_media":10391,"parent":0,"template":"","product_cat":[267],"class_list":["post-8103","product","type-product","status-publish","has-post-thumbnail","hentry","product_cat-stretchfolie"],"acf":[],"_links":{"self":[{"href":"https:\/\/grupposerafin.it\/de\/wp-json\/wp\/v2\/product\/8103","targetHints":{"allow":["GET"]}}],"collection":[{"href":"https:\/\/grupposerafin.it\/de\/wp-json\/wp\/v2\/product"}],"about":[{"href":"https:\/\/grupposerafin.it\/de\/wp-json\/wp\/v2\/types\/product"}],"author":[{"embeddable":true,"href":"https:\/\/grupposerafin.it\/de\/wp-json\/wp\/v2\/users\/3"}],"version-history":[{"count":3,"href":"https:\/\/grupposerafin.it\/de\/wp-json\/wp\/v2\/product\/8103\/revisions"}],"predecessor-version":[{"id":13501,"href":"https:\/\/grupposerafin.it\/de\/wp-json\/wp\/v2\/product\/8103\/revisions\/13501"}],"wp:featuredmedia":[{"embeddable":true,"href":"https:\/\/grupposerafin.it\/de\/wp-json\/wp\/v2\/media\/10391"}],"wp:attachment":[{"href":"https:\/\/grupposerafin.it\/de\/wp-json\/wp\/v2\/media?parent=8103"}],"wp:term":[{"taxonomy":"product_cat","embeddable":true,"href":"https:\/\/grupposerafin.it\/de\/wp-json\/wp\/v2\/product_cat?post=8103"}],"curies":[{"name":"wp","href":"https:\/\/api.w.org\/{rel}","templated":true}]}}