{"id":8105,"date":"2019-03-25T14:39:16","date_gmt":"2019-03-25T13:39:16","guid":{"rendered":"https:\/\/grupposerafin.it\/prodotti\/automatisch-anwendbare-stretchfolie\/"},"modified":"2025-11-03T15:55:35","modified_gmt":"2025-11-03T14:55:35","slug":"automatisch-anwendbare-stretchfolie","status":"publish","type":"product","link":"https:\/\/grupposerafin.it\/de\/sf-packaging-de\/stretchfolie\/automatisch-anwendbare-stretchfolie\/","title":{"rendered":"Maschinenstretchfolie"},"content":{"rendered":"\n<div class=\"wp-block-columns is-layout-flex wp-container-core-columns-is-layout-28f84493 wp-block-columns-is-layout-flex\">\n<div class=\"wp-block-column is-layout-flow wp-block-column-is-layout-flow\">\n<figure class=\"wp-block-image size-large\"><img fetchpriority=\"high\" decoding=\"async\" width=\"819\" height=\"1024\" src=\"https:\/\/grupposerafin.it\/wp-content\/uploads\/2024\/07\/film-estensibile-automatico-1-819x1024.jpg\" alt=\"\" class=\"wp-image-10378\" title=\"\" srcset=\"https:\/\/grupposerafin.it\/wp-content\/uploads\/2024\/07\/film-estensibile-automatico-1-819x1024.jpg 819w, https:\/\/grupposerafin.it\/wp-content\/uploads\/2024\/07\/film-estensibile-automatico-1-240x300.jpg 240w, https:\/\/grupposerafin.it\/wp-content\/uploads\/2024\/07\/film-estensibile-automatico-1-768x960.jpg 768w, https:\/\/grupposerafin.it\/wp-content\/uploads\/2024\/07\/film-estensibile-automatico-1.jpg 1080w\" sizes=\"(max-width: 819px) 100vw, 819px\" \/><\/figure>\n\n\n\n<p>Die automatische Stretchfolie f\u00fcr Verpackungen ist die optimale L\u00f6sung f\u00fcr alle Situationen, in denen Lager- und Warenumschlagszeiten auf ein Minimum reduziert werden m\u00fcssen, w\u00e4hrend gleichzeitig ein angemessener Schutz der G\u00fcter gew\u00e4hrleistet wird. Dank vertikaler oder horizontaler Wickelmaschinen werden Ihre Produkte schnell und wirtschaftlich durch die Kunststofffolie gesch\u00fctzt. Die Automatisierung des Wickelprozesses gew\u00e4hrleistet nicht nur Pr\u00e4zision bei der Palettenerstellung, sondern auch einen effizienten Einsatz der automatischen Stretchfolie, ohne Zeit- und Ressourcenverschwendung.  <\/p>\n<\/div>\n\n\n\n<div class=\"wp-block-column is-layout-flow wp-block-column-is-layout-flow\">\n<figure class=\"wp-block-image size-large\"><img decoding=\"async\" width=\"819\" height=\"1024\" src=\"https:\/\/grupposerafin.it\/wp-content\/uploads\/2024\/07\/film-estensibile-automatico-2-819x1024.jpg\" alt=\"\" class=\"wp-image-10381\" title=\"\" srcset=\"https:\/\/grupposerafin.it\/wp-content\/uploads\/2024\/07\/film-estensibile-automatico-2-819x1024.jpg 819w, https:\/\/grupposerafin.it\/wp-content\/uploads\/2024\/07\/film-estensibile-automatico-2-240x300.jpg 240w, https:\/\/grupposerafin.it\/wp-content\/uploads\/2024\/07\/film-estensibile-automatico-2-768x960.jpg 768w, https:\/\/grupposerafin.it\/wp-content\/uploads\/2024\/07\/film-estensibile-automatico-2.jpg 1080w\" sizes=\"(max-width: 819px) 100vw, 819px\" \/><\/figure>\n\n\n\n<p>Die Elastizit\u00e4t und Widerstandsf\u00e4higkeit der Kunststofffolie gew\u00e4hrleisten Schutz sowohl vor Witterungseinfl\u00fcssen als auch vor Staub und Schmutz und erm\u00f6glichen eine perfekte Handhabung der Paletten im Lager und w\u00e4hrend des Transports. Unser Sortiment an automatischer Stretchfolie bietet L\u00f6sungen, die f\u00fcr alle Arten von Palettenwickelmaschinen geeignet sind, dank der M\u00f6glichkeit, Folienst\u00e4rke, H\u00f6he und Rollendurchmesser zu w\u00e4hlen. <\/p>\n<\/div>\n<\/div>\n","protected":false},"excerpt":{"rendered":"<p>Die Vereinfachung der Verpackung dank automatischer Stretchfolie!<\/p>\n","protected":false},"author":6,"featured_media":10387,"parent":0,"template":"","product_cat":[267],"class_list":["post-8105","product","type-product","status-publish","has-post-thumbnail","hentry","product_cat-stretchfolie"],"acf":[],"_links":{"self":[{"href":"https:\/\/grupposerafin.it\/de\/wp-json\/wp\/v2\/product\/8105","targetHints":{"allow":["GET"]}}],"collection":[{"href":"https:\/\/grupposerafin.it\/de\/wp-json\/wp\/v2\/product"}],"about":[{"href":"https:\/\/grupposerafin.it\/de\/wp-json\/wp\/v2\/types\/product"}],"author":[{"embeddable":true,"href":"https:\/\/grupposerafin.it\/de\/wp-json\/wp\/v2\/users\/6"}],"version-history":[{"count":3,"href":"https:\/\/grupposerafin.it\/de\/wp-json\/wp\/v2\/product\/8105\/revisions"}],"predecessor-version":[{"id":13388,"href":"https:\/\/grupposerafin.it\/de\/wp-json\/wp\/v2\/product\/8105\/revisions\/13388"}],"wp:featuredmedia":[{"embeddable":true,"href":"https:\/\/grupposerafin.it\/de\/wp-json\/wp\/v2\/media\/10387"}],"wp:attachment":[{"href":"https:\/\/grupposerafin.it\/de\/wp-json\/wp\/v2\/media?parent=8105"}],"wp:term":[{"taxonomy":"product_cat","embeddable":true,"href":"https:\/\/grupposerafin.it\/de\/wp-json\/wp\/v2\/product_cat?post=8105"}],"curies":[{"name":"wp","href":"https:\/\/api.w.org\/{rel}","templated":true}]}}