{"id":8107,"date":"2019-04-05T14:17:34","date_gmt":"2019-04-05T12:17:34","guid":{"rendered":"https:\/\/grupposerafin.it\/prodotti\/vorgedehnte-stretchfolie\/"},"modified":"2025-11-03T15:42:29","modified_gmt":"2025-11-03T14:42:29","slug":"vorgedehnte-stretchfolie","status":"publish","type":"product","link":"https:\/\/grupposerafin.it\/de\/sf-packaging-de\/hochleistungs-stretchfolie\/vorgedehnte-stretchfolie\/","title":{"rendered":"Vorgedehnte Stretchfolie"},"content":{"rendered":"\n<div class=\"wp-block-columns is-layout-flex wp-container-core-columns-is-layout-28f84493 wp-block-columns-is-layout-flex\">\n<div class=\"wp-block-column is-layout-flow wp-block-column-is-layout-flow\">\n<figure class=\"wp-block-image size-large\"><img fetchpriority=\"high\" decoding=\"async\" width=\"819\" height=\"1024\" src=\"https:\/\/grupposerafin.it\/wp-content\/uploads\/2024\/07\/film-estensibile-prestirato-1-819x1024.jpg\" alt=\"\" class=\"wp-image-10448\" title=\"\" srcset=\"https:\/\/grupposerafin.it\/wp-content\/uploads\/2024\/07\/film-estensibile-prestirato-1-819x1024.jpg 819w, https:\/\/grupposerafin.it\/wp-content\/uploads\/2024\/07\/film-estensibile-prestirato-1-240x300.jpg 240w, https:\/\/grupposerafin.it\/wp-content\/uploads\/2024\/07\/film-estensibile-prestirato-1-768x960.jpg 768w, https:\/\/grupposerafin.it\/wp-content\/uploads\/2024\/07\/film-estensibile-prestirato-1.jpg 1080w\" sizes=\"(max-width: 819px) 100vw, 819px\" \/><\/figure>\n\n\n\n<p>Die vorgedehnte Stretchfolie ist eine einfach zu verwendende Verpackungsfolie, die sich f\u00fcr Situationen eignet, in denen Waren mit besonderer Sorgfalt und Aufmerksamkeit behandelt werden m\u00fcssen. Die Vordehnung der Folie erm\u00f6glicht es n\u00e4mlich, nicht zu viel Spannung auf die Folie aus\u00fcben zu m\u00fcssen, wodurch dennoch eine ausgezeichnete Haftung auf der Palette oder der Verpackung und ein perfektes Ergebnis gew\u00e4hrleistet wird, sowohl in Bezug auf die Wickelf\u00e4higkeit als auch auf die Widerstandsf\u00e4higkeit der Verpackung. <\/p>\n<\/div>\n\n\n\n<div class=\"wp-block-column is-layout-flow wp-block-column-is-layout-flow\">\n<figure class=\"wp-block-image size-large\"><img decoding=\"async\" width=\"819\" height=\"1024\" src=\"https:\/\/grupposerafin.it\/wp-content\/uploads\/2024\/07\/film-estensibile-prestirato-2-819x1024.jpg\" alt=\"\" class=\"wp-image-10451\" title=\"\" srcset=\"https:\/\/grupposerafin.it\/wp-content\/uploads\/2024\/07\/film-estensibile-prestirato-2-819x1024.jpg 819w, https:\/\/grupposerafin.it\/wp-content\/uploads\/2024\/07\/film-estensibile-prestirato-2-240x300.jpg 240w, https:\/\/grupposerafin.it\/wp-content\/uploads\/2024\/07\/film-estensibile-prestirato-2-768x960.jpg 768w, https:\/\/grupposerafin.it\/wp-content\/uploads\/2024\/07\/film-estensibile-prestirato-2.jpg 1080w\" sizes=\"(max-width: 819px) 100vw, 819px\" \/><\/figure>\n\n\n\n<p>Die vorgedehnte Stretchfolie eignet sich f\u00fcr die manuelle Anwendung, die gerade durch die bereits in der Produktionsphase erfolgte Spannung besonders erleichtert wird, kann aber auch in automatisierten Systemen eingesetzt werden.<\/p>\n<\/div>\n<\/div>\n","protected":false},"excerpt":{"rendered":"<p>Eine Stretchfolie, bei der Robustheit sich mit Feingef\u00fchl reimt.<\/p>\n","protected":false},"author":3,"featured_media":10456,"parent":0,"template":"","product_cat":[268],"class_list":["post-8107","product","type-product","status-publish","has-post-thumbnail","hentry","product_cat-hochleistungs-stretchfolie"],"acf":[],"_links":{"self":[{"href":"https:\/\/grupposerafin.it\/de\/wp-json\/wp\/v2\/product\/8107","targetHints":{"allow":["GET"]}}],"collection":[{"href":"https:\/\/grupposerafin.it\/de\/wp-json\/wp\/v2\/product"}],"about":[{"href":"https:\/\/grupposerafin.it\/de\/wp-json\/wp\/v2\/types\/product"}],"author":[{"embeddable":true,"href":"https:\/\/grupposerafin.it\/de\/wp-json\/wp\/v2\/users\/3"}],"version-history":[{"count":3,"href":"https:\/\/grupposerafin.it\/de\/wp-json\/wp\/v2\/product\/8107\/revisions"}],"predecessor-version":[{"id":12829,"href":"https:\/\/grupposerafin.it\/de\/wp-json\/wp\/v2\/product\/8107\/revisions\/12829"}],"wp:featuredmedia":[{"embeddable":true,"href":"https:\/\/grupposerafin.it\/de\/wp-json\/wp\/v2\/media\/10456"}],"wp:attachment":[{"href":"https:\/\/grupposerafin.it\/de\/wp-json\/wp\/v2\/media?parent=8107"}],"wp:term":[{"taxonomy":"product_cat","embeddable":true,"href":"https:\/\/grupposerafin.it\/de\/wp-json\/wp\/v2\/product_cat?post=8107"}],"curies":[{"name":"wp","href":"https:\/\/api.w.org\/{rel}","templated":true}]}}