{"id":8111,"date":"2019-04-05T14:32:46","date_gmt":"2019-04-05T12:32:46","guid":{"rendered":"https:\/\/grupposerafin.it\/prodotti\/schutzverpackungen-aus-wellpappe\/"},"modified":"2025-11-03T15:55:35","modified_gmt":"2025-11-03T14:55:35","slug":"schutzverpackungen-aus-wellpappe","status":"publish","type":"product","link":"https:\/\/grupposerafin.it\/de\/sf-packaging-de\/schutz-aus-papier-und-karton\/schutzverpackungen-aus-wellpappe\/","title":{"rendered":"Schutz aus Wellpappe und Wabenkarton"},"content":{"rendered":"\n<div class=\"wp-block-columns is-layout-flex wp-container-core-columns-is-layout-28f84493 wp-block-columns-is-layout-flex\">\n<div class=\"wp-block-column is-layout-flow wp-block-column-is-layout-flow\">\n<figure class=\"wp-block-image size-large\"><img fetchpriority=\"high\" decoding=\"async\" width=\"819\" height=\"1024\" src=\"https:\/\/grupposerafin.it\/wp-content\/uploads\/2019\/04\/2-1-819x1024.jpg\" alt=\"\" class=\"wp-image-12035\" title=\"\" srcset=\"https:\/\/grupposerafin.it\/wp-content\/uploads\/2019\/04\/2-1-819x1024.jpg 819w, https:\/\/grupposerafin.it\/wp-content\/uploads\/2019\/04\/2-1-240x300.jpg 240w, https:\/\/grupposerafin.it\/wp-content\/uploads\/2019\/04\/2-1-768x960.jpg 768w, https:\/\/grupposerafin.it\/wp-content\/uploads\/2019\/04\/2-1.jpg 1080w\" sizes=\"(max-width: 819px) 100vw, 819px\" \/><\/figure>\n\n\n\n<p>Ein- oder zweilagige Wellpappe ist das Ausgangsmaterial f\u00fcr die Herstellung unserer umweltfreundlichen, flexiblen und leichten Kantenschutz- und Verpackungswinkel. Die technischen Eigenschaften des Materials, insbesondere die ein- oder mehrlagige Wellung des Innenpapiers, gew\u00e4hrleisten eine hohe Sto\u00dfd\u00e4mpfung und bewahren die Unversehrtheit der Produkte. Sch\u00fctzende Winkelprofile aus Karton sind eine wirtschaftlich vorteilhafte L\u00f6sung, sowohl aufgrund ihrer einfachen Lagerung und des geringen Gewichts des Materials als auch wegen ihrer einfachen Entsorgung. Dar\u00fcber hinaus sind die Eckenschutzprofile aus Karton vollst\u00e4ndig recycelbar, was zu einer Null-Umweltbelastung f\u00fchrt. Alle Winkelprofile und Kantenschoner sind anpassbar und werden passend zum Produkt entworfen, f\u00fcr einen perfekten Sitz und effektiven Schutz.    <\/p>\n<\/div>\n\n\n\n<div class=\"wp-block-column is-layout-flow wp-block-column-is-layout-flow\">\n<figure class=\"wp-block-image size-large\"><img decoding=\"async\" width=\"819\" height=\"1024\" src=\"https:\/\/grupposerafin.it\/wp-content\/uploads\/2019\/04\/1-1-819x1024.jpg\" alt=\"\" class=\"wp-image-12038\" title=\"\" srcset=\"https:\/\/grupposerafin.it\/wp-content\/uploads\/2019\/04\/1-1-819x1024.jpg 819w, https:\/\/grupposerafin.it\/wp-content\/uploads\/2019\/04\/1-1-240x300.jpg 240w, https:\/\/grupposerafin.it\/wp-content\/uploads\/2019\/04\/1-1-768x960.jpg 768w, https:\/\/grupposerafin.it\/wp-content\/uploads\/2019\/04\/1-1.jpg 1080w\" sizes=\"(max-width: 819px) 100vw, 819px\" \/><\/figure>\n\n\n\n<p>Neben Wellpappe verwenden wir auch Wabenkarton, ein ebenso nachhaltiges Material, das jedoch eine besonders innovative und widerstandsf\u00e4hige Innenstruktur aufweist. Wabenkarton besteht aus sechseckigen Zellen, die so angeordnet sind, dass sie ein Gitter bilden, das eine au\u00dfergew\u00f6hnliche F\u00e4higkeit zur Verteilung von Gewicht und Belastungen bietet. Diese Konfiguration gew\u00e4hrleistet nicht nur einen optimalen Produktschutz, sondern macht das Material auch extrem leicht, w\u00e4hrend es gleichzeitig eine hohe Druckfestigkeit beibeh\u00e4lt. Wie bei Wellpappe sind auch Wabenkartonelemente vollst\u00e4ndig anpassbar, um eine perfekte Passform und Schutz f\u00fcr jede Art von Produkt zu gew\u00e4hrleisten.   <\/p>\n<\/div>\n<\/div>\n\n<p class=\"has-text-align-left\"><\/p>\n","protected":false},"excerpt":{"rendered":"<p>Recycelbarer Kantenschutz und Winkelprofile aus Karton \u2013 die Wahl f\u00fcr die Zukunft.<\/p>\n","protected":false},"author":6,"featured_media":7937,"parent":0,"template":"","product_cat":[269],"class_list":["post-8111","product","type-product","status-publish","has-post-thumbnail","hentry","product_cat-schutz-aus-papier-und-karton"],"acf":[],"_links":{"self":[{"href":"https:\/\/grupposerafin.it\/de\/wp-json\/wp\/v2\/product\/8111","targetHints":{"allow":["GET"]}}],"collection":[{"href":"https:\/\/grupposerafin.it\/de\/wp-json\/wp\/v2\/product"}],"about":[{"href":"https:\/\/grupposerafin.it\/de\/wp-json\/wp\/v2\/types\/product"}],"author":[{"embeddable":true,"href":"https:\/\/grupposerafin.it\/de\/wp-json\/wp\/v2\/users\/6"}],"version-history":[{"count":3,"href":"https:\/\/grupposerafin.it\/de\/wp-json\/wp\/v2\/product\/8111\/revisions"}],"predecessor-version":[{"id":13394,"href":"https:\/\/grupposerafin.it\/de\/wp-json\/wp\/v2\/product\/8111\/revisions\/13394"}],"wp:featuredmedia":[{"embeddable":true,"href":"https:\/\/grupposerafin.it\/de\/wp-json\/wp\/v2\/media\/7937"}],"wp:attachment":[{"href":"https:\/\/grupposerafin.it\/de\/wp-json\/wp\/v2\/media?parent=8111"}],"wp:term":[{"taxonomy":"product_cat","embeddable":true,"href":"https:\/\/grupposerafin.it\/de\/wp-json\/wp\/v2\/product_cat?post=8111"}],"curies":[{"name":"wp","href":"https:\/\/api.w.org\/{rel}","templated":true}]}}