{"id":8113,"date":"2019-04-05T14:39:54","date_gmt":"2019-04-05T12:39:54","guid":{"rendered":"https:\/\/grupposerafin.it\/prodotti\/wellpapperollen\/"},"modified":"2025-11-03T15:55:35","modified_gmt":"2025-11-03T14:55:35","slug":"wellpapperollen","status":"publish","type":"product","link":"https:\/\/grupposerafin.it\/de\/sf-packaging-de\/schutz-aus-papier-und-karton\/wellpapperollen\/","title":{"rendered":"Wellpappenrollen"},"content":{"rendered":"\n<div class=\"wp-block-columns is-layout-flex wp-container-core-columns-is-layout-28f84493 wp-block-columns-is-layout-flex\">\n<div class=\"wp-block-column is-layout-flow wp-block-column-is-layout-flow\">\n<figure class=\"wp-block-image size-large\"><img fetchpriority=\"high\" decoding=\"async\" width=\"819\" height=\"1024\" src=\"https:\/\/grupposerafin.it\/wp-content\/uploads\/2024\/07\/bobine-cartone-ondulato-1-819x1024.jpg\" alt=\"\" class=\"wp-image-10478\" title=\"\" srcset=\"https:\/\/grupposerafin.it\/wp-content\/uploads\/2024\/07\/bobine-cartone-ondulato-1-819x1024.jpg 819w, https:\/\/grupposerafin.it\/wp-content\/uploads\/2024\/07\/bobine-cartone-ondulato-1-240x300.jpg 240w, https:\/\/grupposerafin.it\/wp-content\/uploads\/2024\/07\/bobine-cartone-ondulato-1-768x960.jpg 768w, https:\/\/grupposerafin.it\/wp-content\/uploads\/2024\/07\/bobine-cartone-ondulato-1.jpg 1080w\" sizes=\"(max-width: 819px) 100vw, 819px\" \/><\/figure>\n\n\n\n<p>Wellpappenrollen sind die geeignetste L\u00f6sung in allen Situationen, in denen G\u00fcter einen umh\u00fcllenden, praktischen und zuverl\u00e4ssigen Schutz ben\u00f6tigen. Die Wellung der Pappe, die durch das Aufbringen von Recyclingpapierb\u00f6gen auf wellenf\u00f6rmig gefaltete Pappb\u00f6gen entsteht, schafft ein leichtes, flexibles und nachhaltiges Verpackungsprodukt. <\/p>\n<\/div>\n\n\n\n<div class=\"wp-block-column is-layout-flow wp-block-column-is-layout-flow\">\n<figure class=\"wp-block-image size-large\"><img decoding=\"async\" width=\"819\" height=\"1024\" src=\"https:\/\/grupposerafin.it\/wp-content\/uploads\/2024\/07\/bobine-cartone-ondulato-2-819x1024.jpg\" alt=\"\" class=\"wp-image-10481\" title=\"\" srcset=\"https:\/\/grupposerafin.it\/wp-content\/uploads\/2024\/07\/bobine-cartone-ondulato-2-819x1024.jpg 819w, https:\/\/grupposerafin.it\/wp-content\/uploads\/2024\/07\/bobine-cartone-ondulato-2-240x300.jpg 240w, https:\/\/grupposerafin.it\/wp-content\/uploads\/2024\/07\/bobine-cartone-ondulato-2-768x960.jpg 768w, https:\/\/grupposerafin.it\/wp-content\/uploads\/2024\/07\/bobine-cartone-ondulato-2.jpg 1080w\" sizes=\"(max-width: 819px) 100vw, 819px\" \/><\/figure>\n\n\n\n<p>Unsere Wellpappe stammt n\u00e4mlich aus Recyclingpapier und kann nach der Verwendung zu 100 % entsorgt und recycelt werden. Die Verwendung von Papier mit unterschiedlichen Grammaturen gew\u00e4hrleistet verschiedene Widerstandsf\u00e4higkeiten, aber alle Wellpappenrollen sind ideal zum Umh\u00fcllen und Verpacken von G\u00fctern und Produkten und garantieren Sicherheit gegen St\u00f6\u00dfe und Dellen. <\/p>\n<\/div>\n<\/div>\n","protected":false},"excerpt":{"rendered":"<p>Die ideale Wellpappe zum Umh\u00fcllen Ihrer Produkte und zur Gew\u00e4hrleistung eines vollst\u00e4ndigen Schutzes.<\/p>\n","protected":false},"author":3,"featured_media":10486,"parent":0,"template":"","product_cat":[269],"class_list":["post-8113","product","type-product","status-publish","has-post-thumbnail","hentry","product_cat-schutz-aus-papier-und-karton"],"acf":[],"_links":{"self":[{"href":"https:\/\/grupposerafin.it\/de\/wp-json\/wp\/v2\/product\/8113","targetHints":{"allow":["GET"]}}],"collection":[{"href":"https:\/\/grupposerafin.it\/de\/wp-json\/wp\/v2\/product"}],"about":[{"href":"https:\/\/grupposerafin.it\/de\/wp-json\/wp\/v2\/types\/product"}],"author":[{"embeddable":true,"href":"https:\/\/grupposerafin.it\/de\/wp-json\/wp\/v2\/users\/3"}],"version-history":[{"count":3,"href":"https:\/\/grupposerafin.it\/de\/wp-json\/wp\/v2\/product\/8113\/revisions"}],"predecessor-version":[{"id":13396,"href":"https:\/\/grupposerafin.it\/de\/wp-json\/wp\/v2\/product\/8113\/revisions\/13396"}],"wp:featuredmedia":[{"embeddable":true,"href":"https:\/\/grupposerafin.it\/de\/wp-json\/wp\/v2\/media\/10486"}],"wp:attachment":[{"href":"https:\/\/grupposerafin.it\/de\/wp-json\/wp\/v2\/media?parent=8113"}],"wp:term":[{"taxonomy":"product_cat","embeddable":true,"href":"https:\/\/grupposerafin.it\/de\/wp-json\/wp\/v2\/product_cat?post=8113"}],"curies":[{"name":"wp","href":"https:\/\/api.w.org\/{rel}","templated":true}]}}