{"id":8115,"date":"2019-04-05T14:43:08","date_gmt":"2019-04-05T12:43:08","guid":{"rendered":"https:\/\/grupposerafin.it\/prodotti\/verpackungspapier\/"},"modified":"2025-11-03T15:42:45","modified_gmt":"2025-11-03T14:42:45","slug":"verpackungspapier","status":"publish","type":"product","link":"https:\/\/grupposerafin.it\/de\/sf-packaging-de\/schutz-aus-papier-und-karton\/verpackungspapier\/","title":{"rendered":"Verpackungspapier"},"content":{"rendered":"\n<div class=\"wp-block-columns is-layout-flex wp-container-core-columns-is-layout-28f84493 wp-block-columns-is-layout-flex\">\n<div class=\"wp-block-column is-layout-flow wp-block-column-is-layout-flow\">\n<figure class=\"wp-block-image size-large\"><img fetchpriority=\"high\" decoding=\"async\" width=\"819\" height=\"1024\" src=\"https:\/\/grupposerafin.it\/wp-content\/uploads\/2024\/07\/carta-imballaggio-1-819x1024.jpg\" alt=\"\" class=\"wp-image-10488\" title=\"\" srcset=\"https:\/\/grupposerafin.it\/wp-content\/uploads\/2024\/07\/carta-imballaggio-1-819x1024.jpg 819w, https:\/\/grupposerafin.it\/wp-content\/uploads\/2024\/07\/carta-imballaggio-1-240x300.jpg 240w, https:\/\/grupposerafin.it\/wp-content\/uploads\/2024\/07\/carta-imballaggio-1-768x960.jpg 768w, https:\/\/grupposerafin.it\/wp-content\/uploads\/2024\/07\/carta-imballaggio-1.jpg 1080w\" sizes=\"(max-width: 819px) 100vw, 819px\" \/><\/figure>\n\n\n\n<p>F\u00fcr jede Anforderung eine L\u00f6sung, f\u00fcr jedes Produkt das passende Verpackungspapier. Unsere Erfahrung erm\u00f6glicht es uns, die besten Verpackungspapiere auszuw\u00e4hlen \u2013 umweltfreundlich und recycelbar, geeignet f\u00fcr verschiedene Anwendungen. Kraftpapier, robust und recycelbar, ist ideal f\u00fcr Pakete auch gro\u00dfer Formate dank seiner Rei\u00dffestigkeit.  <\/p>\n<\/div>\n\n\n\n<div class=\"wp-block-column is-layout-flow wp-block-column-is-layout-flow\">\n<figure class=\"wp-block-image size-large\"><img decoding=\"async\" width=\"819\" height=\"1024\" src=\"https:\/\/grupposerafin.it\/wp-content\/uploads\/2024\/07\/carta-imballaggio-2-819x1024.jpg\" alt=\"\" class=\"wp-image-10491\" title=\"\" srcset=\"https:\/\/grupposerafin.it\/wp-content\/uploads\/2024\/07\/carta-imballaggio-2-819x1024.jpg 819w, https:\/\/grupposerafin.it\/wp-content\/uploads\/2024\/07\/carta-imballaggio-2-240x300.jpg 240w, https:\/\/grupposerafin.it\/wp-content\/uploads\/2024\/07\/carta-imballaggio-2-768x960.jpg 768w, https:\/\/grupposerafin.it\/wp-content\/uploads\/2024\/07\/carta-imballaggio-2.jpg 1080w\" sizes=\"(max-width: 819px) 100vw, 819px\" \/><\/figure>\n\n\n\n<p>Kalandriertes Seidenpapier und Wattepapier sind die richtige Wahl zum Einwickeln empfindlicher oder wertvoller Produkte beim Verpacken. Wellpapier hingegen ist sehr n\u00fctzlich bei Paketen mit scharfen Kanten, da es sehr rei\u00dffest ist. <\/p>\n<\/div>\n<\/div>\n","protected":false},"excerpt":{"rendered":"<p>Kraftpapier, Wellpapier, Seidenpapier, Wattepapier: multifunktionale Verpackungspapiere.<\/p>\n","protected":false},"author":3,"featured_media":10496,"parent":0,"template":"","product_cat":[269],"class_list":["post-8115","product","type-product","status-publish","has-post-thumbnail","hentry","product_cat-schutz-aus-papier-und-karton"],"acf":[],"_links":{"self":[{"href":"https:\/\/grupposerafin.it\/de\/wp-json\/wp\/v2\/product\/8115","targetHints":{"allow":["GET"]}}],"collection":[{"href":"https:\/\/grupposerafin.it\/de\/wp-json\/wp\/v2\/product"}],"about":[{"href":"https:\/\/grupposerafin.it\/de\/wp-json\/wp\/v2\/types\/product"}],"author":[{"embeddable":true,"href":"https:\/\/grupposerafin.it\/de\/wp-json\/wp\/v2\/users\/3"}],"version-history":[{"count":3,"href":"https:\/\/grupposerafin.it\/de\/wp-json\/wp\/v2\/product\/8115\/revisions"}],"predecessor-version":[{"id":12823,"href":"https:\/\/grupposerafin.it\/de\/wp-json\/wp\/v2\/product\/8115\/revisions\/12823"}],"wp:featuredmedia":[{"embeddable":true,"href":"https:\/\/grupposerafin.it\/de\/wp-json\/wp\/v2\/media\/10496"}],"wp:attachment":[{"href":"https:\/\/grupposerafin.it\/de\/wp-json\/wp\/v2\/media?parent=8115"}],"wp:term":[{"taxonomy":"product_cat","embeddable":true,"href":"https:\/\/grupposerafin.it\/de\/wp-json\/wp\/v2\/product_cat?post=8115"}],"curies":[{"name":"wp","href":"https:\/\/api.w.org\/{rel}","templated":true}]}}