{"id":8117,"date":"2019-04-05T14:50:03","date_gmt":"2019-04-05T12:50:03","guid":{"rendered":"https:\/\/grupposerafin.it\/prodotti\/eckstucke-aus-presskarton\/"},"modified":"2025-11-03T15:58:26","modified_gmt":"2025-11-03T14:58:26","slug":"eckstucke-aus-presskarton","status":"publish","type":"product","link":"https:\/\/grupposerafin.it\/de\/sf-packaging-de\/presskarton\/eckstucke-aus-presskarton\/","title":{"rendered":"Presskarton-Kantenschutz"},"content":{"rendered":"\n<div class=\"wp-block-columns is-layout-flex wp-container-core-columns-is-layout-28f84493 wp-block-columns-is-layout-flex\">\n<div class=\"wp-block-column is-layout-flow wp-block-column-is-layout-flow\">\n<figure class=\"wp-block-image size-large\"><img fetchpriority=\"high\" decoding=\"async\" width=\"819\" height=\"1024\" src=\"https:\/\/grupposerafin.it\/wp-content\/uploads\/2024\/07\/angolari-cartone-pressato-1-1-819x1024.jpg\" alt=\"\" class=\"wp-image-10515\" title=\"\" srcset=\"https:\/\/grupposerafin.it\/wp-content\/uploads\/2024\/07\/angolari-cartone-pressato-1-1-819x1024.jpg 819w, https:\/\/grupposerafin.it\/wp-content\/uploads\/2024\/07\/angolari-cartone-pressato-1-1-240x300.jpg 240w, https:\/\/grupposerafin.it\/wp-content\/uploads\/2024\/07\/angolari-cartone-pressato-1-1-768x960.jpg 768w, https:\/\/grupposerafin.it\/wp-content\/uploads\/2024\/07\/angolari-cartone-pressato-1-1.jpg 1080w\" sizes=\"(max-width: 819px) 100vw, 819px\" \/><\/figure>\n\n\n\n<p>L-f\u00f6rmiger Kantenschutz f\u00fcr 90\u00b0-Winkel, der die Palettenbildung erleichtert, die Ecken vor St\u00f6\u00dfen sch\u00fctzt und die Steifigkeit der Verpackung erh\u00f6ht, wodurch die Stapelf\u00e4higkeit verbessert wird. Neben dem Schutz von Ecken und Kanten und der Erleichterung der Palettenbildung gew\u00e4hrleisten sie einen Schutz gegen St\u00f6\u00dfe w\u00e4hrend des Transports, unterst\u00fctzen die Stapelung und die Lagerung dank ihrer extremen Druckfestigkeit.  <br\/><\/p>\n<\/div>\n\n\n\n<div class=\"wp-block-column is-layout-flow wp-block-column-is-layout-flow\">\n<figure class=\"wp-block-image size-large\"><img decoding=\"async\" width=\"819\" height=\"1024\" src=\"https:\/\/grupposerafin.it\/wp-content\/uploads\/2024\/07\/angolari-cartone-pressato-2-1-819x1024.jpg\" alt=\"\" class=\"wp-image-10519\" title=\"\" srcset=\"https:\/\/grupposerafin.it\/wp-content\/uploads\/2024\/07\/angolari-cartone-pressato-2-1-819x1024.jpg 819w, https:\/\/grupposerafin.it\/wp-content\/uploads\/2024\/07\/angolari-cartone-pressato-2-1-240x300.jpg 240w, https:\/\/grupposerafin.it\/wp-content\/uploads\/2024\/07\/angolari-cartone-pressato-2-1-768x960.jpg 768w, https:\/\/grupposerafin.it\/wp-content\/uploads\/2024\/07\/angolari-cartone-pressato-2-1.jpg 1080w\" sizes=\"(max-width: 819px) 100vw, 819px\" \/><\/figure>\n\n\n\n<p>Kantenschutz aus Presspappe ist auch aufgrund seiner einfachen Entsorgung eine intelligente Wahl: Hergestellt aus recyceltem Papier, sind diese Verpackungsschutzprodukte vollst\u00e4ndig umweltfreundlich.<\/p>\n<\/div>\n<\/div>\n\n<p><\/p>\n","protected":false},"excerpt":{"rendered":"<p>Kantenschutz und Profile aus Presspappe f\u00fcr die Sicherheit beim Palettentransport.<\/p>\n","protected":false},"author":3,"featured_media":10514,"parent":0,"template":"","product_cat":[270],"class_list":["post-8117","product","type-product","status-publish","has-post-thumbnail","hentry","product_cat-presskarton"],"acf":[],"_links":{"self":[{"href":"https:\/\/grupposerafin.it\/de\/wp-json\/wp\/v2\/product\/8117","targetHints":{"allow":["GET"]}}],"collection":[{"href":"https:\/\/grupposerafin.it\/de\/wp-json\/wp\/v2\/product"}],"about":[{"href":"https:\/\/grupposerafin.it\/de\/wp-json\/wp\/v2\/types\/product"}],"author":[{"embeddable":true,"href":"https:\/\/grupposerafin.it\/de\/wp-json\/wp\/v2\/users\/3"}],"version-history":[{"count":3,"href":"https:\/\/grupposerafin.it\/de\/wp-json\/wp\/v2\/product\/8117\/revisions"}],"predecessor-version":[{"id":13454,"href":"https:\/\/grupposerafin.it\/de\/wp-json\/wp\/v2\/product\/8117\/revisions\/13454"}],"wp:featuredmedia":[{"embeddable":true,"href":"https:\/\/grupposerafin.it\/de\/wp-json\/wp\/v2\/media\/10514"}],"wp:attachment":[{"href":"https:\/\/grupposerafin.it\/de\/wp-json\/wp\/v2\/media?parent=8117"}],"wp:term":[{"taxonomy":"product_cat","embeddable":true,"href":"https:\/\/grupposerafin.it\/de\/wp-json\/wp\/v2\/product_cat?post=8117"}],"curies":[{"name":"wp","href":"https:\/\/api.w.org\/{rel}","templated":true}]}}