{"id":8119,"date":"2019-04-05T14:53:33","date_gmt":"2019-04-05T12:53:33","guid":{"rendered":"https:\/\/grupposerafin.it\/prodotti\/kunststoff-verpackungsband\/"},"modified":"2025-11-03T16:03:28","modified_gmt":"2025-11-03T15:03:28","slug":"kunststoff-verpackungsband","status":"publish","type":"product","link":"https:\/\/grupposerafin.it\/de\/sf-packaging-de\/verpackungsbander\/kunststoff-verpackungsband\/","title":{"rendered":"Kunststoffumreifungsband"},"content":{"rendered":"\n<div class=\"wp-block-columns is-layout-flex wp-container-core-columns-is-layout-28f84493 wp-block-columns-is-layout-flex\">\n<div class=\"wp-block-column is-layout-flow wp-block-column-is-layout-flow\">\n<figure class=\"wp-block-image size-large\"><img fetchpriority=\"high\" decoding=\"async\" width=\"819\" height=\"1024\" src=\"https:\/\/grupposerafin.it\/wp-content\/uploads\/2024\/07\/reggia-plastica-1-819x1024.jpg\" alt=\"\" class=\"wp-image-10543\" title=\"\" srcset=\"https:\/\/grupposerafin.it\/wp-content\/uploads\/2024\/07\/reggia-plastica-1-819x1024.jpg 819w, https:\/\/grupposerafin.it\/wp-content\/uploads\/2024\/07\/reggia-plastica-1-240x300.jpg 240w, https:\/\/grupposerafin.it\/wp-content\/uploads\/2024\/07\/reggia-plastica-1-768x960.jpg 768w, https:\/\/grupposerafin.it\/wp-content\/uploads\/2024\/07\/reggia-plastica-1.jpg 1080w\" sizes=\"(max-width: 819px) 100vw, 819px\" \/><\/figure>\n\n\n\n<p>Das Kunststoffumreifungsband ist leicht und einfach auch manuell zu verwenden, um Pakete und Kartons zu verschlie\u00dfen. Je nach Gewicht der Verpackung und den Eigenschaften der herzustellenden Verpackung k\u00f6nnen Ihnen unsere Techniker zwischen Polypropylen- (PPL) und Polyesterumreifungsband (PET) empfehlen. <\/p>\n<\/div>\n\n\n\n<div class=\"wp-block-column is-layout-flow wp-block-column-is-layout-flow\">\n<figure class=\"wp-block-image size-large\"><img decoding=\"async\" width=\"819\" height=\"1024\" src=\"https:\/\/grupposerafin.it\/wp-content\/uploads\/2024\/07\/reggia-plastica-2-819x1024.jpg\" alt=\"\" class=\"wp-image-10546\" title=\"\" srcset=\"https:\/\/grupposerafin.it\/wp-content\/uploads\/2024\/07\/reggia-plastica-2-819x1024.jpg 819w, https:\/\/grupposerafin.it\/wp-content\/uploads\/2024\/07\/reggia-plastica-2-240x300.jpg 240w, https:\/\/grupposerafin.it\/wp-content\/uploads\/2024\/07\/reggia-plastica-2-768x960.jpg 768w, https:\/\/grupposerafin.it\/wp-content\/uploads\/2024\/07\/reggia-plastica-2.jpg 1080w\" sizes=\"(max-width: 819px) 100vw, 819px\" \/><\/figure>\n\n\n\n<p>Ersteres ist optimal f\u00fcr die Fixierung von Packst\u00fccken auf Paletten oder f\u00fcr das Verschlie\u00dfen von Kartons, es kann einfach mit einem Siegel oder durch Verschwei\u00dfen befestigt werden. Es kann auch mit automatischen Maschinen angebracht werden und ist zu 100 % recycelbar. Das Polyesterumreifungsband ist eine gute Alternative zum Stahlband, da es eine hohe Festigkeit und Kraft garantiert. Die konstante Spannung des Kunststoffumreifungsbandes gew\u00e4hrleistet eine ausgezeichnete Stabilit\u00e4t des Packst\u00fccks w\u00e4hrend des Transports.   <\/p>\n<\/div>\n<\/div>\n","protected":false},"excerpt":{"rendered":"<p>Kunststoffumreifungsband zum Verschlie\u00dfen von Kartons: einfach und leicht, sicher und zuverl\u00e4ssig.<\/p>\n","protected":false},"author":3,"featured_media":10551,"parent":0,"template":"","product_cat":[271],"class_list":["post-8119","product","type-product","status-publish","has-post-thumbnail","hentry","product_cat-verpackungsbander"],"acf":[],"_links":{"self":[{"href":"https:\/\/grupposerafin.it\/de\/wp-json\/wp\/v2\/product\/8119","targetHints":{"allow":["GET"]}}],"collection":[{"href":"https:\/\/grupposerafin.it\/de\/wp-json\/wp\/v2\/product"}],"about":[{"href":"https:\/\/grupposerafin.it\/de\/wp-json\/wp\/v2\/types\/product"}],"author":[{"embeddable":true,"href":"https:\/\/grupposerafin.it\/de\/wp-json\/wp\/v2\/users\/3"}],"version-history":[{"count":3,"href":"https:\/\/grupposerafin.it\/de\/wp-json\/wp\/v2\/product\/8119\/revisions"}],"predecessor-version":[{"id":13510,"href":"https:\/\/grupposerafin.it\/de\/wp-json\/wp\/v2\/product\/8119\/revisions\/13510"}],"wp:featuredmedia":[{"embeddable":true,"href":"https:\/\/grupposerafin.it\/de\/wp-json\/wp\/v2\/media\/10551"}],"wp:attachment":[{"href":"https:\/\/grupposerafin.it\/de\/wp-json\/wp\/v2\/media?parent=8119"}],"wp:term":[{"taxonomy":"product_cat","embeddable":true,"href":"https:\/\/grupposerafin.it\/de\/wp-json\/wp\/v2\/product_cat?post=8119"}],"curies":[{"name":"wp","href":"https:\/\/api.w.org\/{rel}","templated":true}]}}