{"id":8121,"date":"2019-04-05T14:56:04","date_gmt":"2019-04-05T12:56:04","guid":{"rendered":"https:\/\/grupposerafin.it\/prodotti\/metall-verpackungsband\/"},"modified":"2025-11-03T15:58:26","modified_gmt":"2025-11-03T14:58:26","slug":"metall-verpackungsband","status":"publish","type":"product","link":"https:\/\/grupposerafin.it\/de\/sf-packaging-de\/verpackungsbander\/metall-verpackungsband\/","title":{"rendered":"Metallband"},"content":{"rendered":"\n<div class=\"wp-block-columns is-layout-flex wp-container-core-columns-is-layout-28f84493 wp-block-columns-is-layout-flex\">\n<div class=\"wp-block-column is-layout-flow wp-block-column-is-layout-flow\">\n<figure class=\"wp-block-image size-large\"><img fetchpriority=\"high\" decoding=\"async\" width=\"819\" height=\"1024\" src=\"https:\/\/grupposerafin.it\/wp-content\/uploads\/2024\/07\/reggetta-metallica-1-819x1024.jpg\" alt=\"\" class=\"wp-image-10553\" title=\"\" srcset=\"https:\/\/grupposerafin.it\/wp-content\/uploads\/2024\/07\/reggetta-metallica-1-819x1024.jpg 819w, https:\/\/grupposerafin.it\/wp-content\/uploads\/2024\/07\/reggetta-metallica-1-240x300.jpg 240w, https:\/\/grupposerafin.it\/wp-content\/uploads\/2024\/07\/reggetta-metallica-1-768x960.jpg 768w, https:\/\/grupposerafin.it\/wp-content\/uploads\/2024\/07\/reggetta-metallica-1.jpg 1080w\" sizes=\"(max-width: 819px) 100vw, 819px\" \/><\/figure>\n\n\n\n<p>Das Metallband ist die ideale L\u00f6sung f\u00fcr die Umreifung von besonders schweren Lasten und Paletten. Dank seiner hohen Dicke bietet es eine ausgezeichnete Duktilit\u00e4t und gew\u00e4hrleistet eine optimale Spannung, um gro\u00dfe Lasten zu tragen.<br\/>Die Aluminiumversion ist dank ihrer nat\u00fcrlichen Elastizit\u00e4t besonders f\u00fcr Materialien geeignet, die nach dem Umreifen Verformungen ausgesetzt sind. <br\/><\/p>\n<\/div>\n\n\n\n<div class=\"wp-block-column is-layout-flow wp-block-column-is-layout-flow\">\n<figure class=\"wp-block-image size-large\"><img decoding=\"async\" width=\"819\" height=\"1024\" src=\"https:\/\/grupposerafin.it\/wp-content\/uploads\/2024\/07\/reggetta-metallica-2-819x1024.jpg\" alt=\"\" class=\"wp-image-10556\" title=\"\" srcset=\"https:\/\/grupposerafin.it\/wp-content\/uploads\/2024\/07\/reggetta-metallica-2-819x1024.jpg 819w, https:\/\/grupposerafin.it\/wp-content\/uploads\/2024\/07\/reggetta-metallica-2-240x300.jpg 240w, https:\/\/grupposerafin.it\/wp-content\/uploads\/2024\/07\/reggetta-metallica-2-768x960.jpg 768w, https:\/\/grupposerafin.it\/wp-content\/uploads\/2024\/07\/reggetta-metallica-2.jpg 1080w\" sizes=\"(max-width: 819px) 100vw, 819px\" \/><\/figure>\n\n\n\n<p>Die Eisen- und Stahlb\u00e4nder, die f\u00fcr ihre Widerstandsf\u00e4higkeit bekannt sind, k\u00f6nnen sowohl mit manuellen als auch mit automatischen Bandspannern angebracht werden.<br\/>Alle Oberfl\u00e4chen und Behandlungen, die auf das Band aufgebracht werden, sind darauf ausgelegt, es vor Witterungseinfl\u00fcssen zu sch\u00fctzen und Sch\u00e4den und Ver\u00e4nderungen zu verhindern, die seine Unversehrtheit beeintr\u00e4chtigen k\u00f6nnten.<\/p>\n<\/div>\n<\/div>\n","protected":false},"excerpt":{"rendered":"<p>Die St\u00e4rke des Metalls f\u00fcr die schwersten G\u00fcter.<\/p>\n","protected":false},"author":3,"featured_media":10561,"parent":0,"template":"","product_cat":[271],"class_list":["post-8121","product","type-product","status-publish","has-post-thumbnail","hentry","product_cat-verpackungsbander"],"acf":[],"_links":{"self":[{"href":"https:\/\/grupposerafin.it\/de\/wp-json\/wp\/v2\/product\/8121","targetHints":{"allow":["GET"]}}],"collection":[{"href":"https:\/\/grupposerafin.it\/de\/wp-json\/wp\/v2\/product"}],"about":[{"href":"https:\/\/grupposerafin.it\/de\/wp-json\/wp\/v2\/types\/product"}],"author":[{"embeddable":true,"href":"https:\/\/grupposerafin.it\/de\/wp-json\/wp\/v2\/users\/3"}],"version-history":[{"count":3,"href":"https:\/\/grupposerafin.it\/de\/wp-json\/wp\/v2\/product\/8121\/revisions"}],"predecessor-version":[{"id":13461,"href":"https:\/\/grupposerafin.it\/de\/wp-json\/wp\/v2\/product\/8121\/revisions\/13461"}],"wp:featuredmedia":[{"embeddable":true,"href":"https:\/\/grupposerafin.it\/de\/wp-json\/wp\/v2\/media\/10561"}],"wp:attachment":[{"href":"https:\/\/grupposerafin.it\/de\/wp-json\/wp\/v2\/media?parent=8121"}],"wp:term":[{"taxonomy":"product_cat","embeddable":true,"href":"https:\/\/grupposerafin.it\/de\/wp-json\/wp\/v2\/product_cat?post=8121"}],"curies":[{"name":"wp","href":"https:\/\/api.w.org\/{rel}","templated":true}]}}