{"id":8123,"date":"2019-04-05T14:59:45","date_gmt":"2019-04-05T12:59:45","guid":{"rendered":"https:\/\/grupposerafin.it\/prodotti\/umreifungsgerate-und-zubehor\/"},"modified":"2025-11-03T15:42:45","modified_gmt":"2025-11-03T14:42:45","slug":"umreifungsgerate-und-zubehor","status":"publish","type":"product","link":"https:\/\/grupposerafin.it\/de\/sf-packaging-de\/verpackungsbander\/umreifungsgerate-und-zubehor\/","title":{"rendered":"Umreifungsger\u00e4te und Zubeh\u00f6r"},"content":{"rendered":"\n<div class=\"wp-block-columns is-layout-flex wp-container-core-columns-is-layout-28f84493 wp-block-columns-is-layout-flex\">\n<div class=\"wp-block-column is-layout-flow wp-block-column-is-layout-flow\">\n<figure class=\"wp-block-image size-large\"><img fetchpriority=\"high\" decoding=\"async\" width=\"819\" height=\"1024\" src=\"https:\/\/grupposerafin.it\/wp-content\/uploads\/2024\/07\/tendireggia-accessori-1-819x1024.jpg\" alt=\"\" class=\"wp-image-10536\" title=\"\" srcset=\"https:\/\/grupposerafin.it\/wp-content\/uploads\/2024\/07\/tendireggia-accessori-1-819x1024.jpg 819w, https:\/\/grupposerafin.it\/wp-content\/uploads\/2024\/07\/tendireggia-accessori-1-240x300.jpg 240w, https:\/\/grupposerafin.it\/wp-content\/uploads\/2024\/07\/tendireggia-accessori-1-768x960.jpg 768w, https:\/\/grupposerafin.it\/wp-content\/uploads\/2024\/07\/tendireggia-accessori-1.jpg 1080w\" sizes=\"(max-width: 819px) 100vw, 819px\" \/><\/figure>\n\n\n\n<p>Unabh\u00e4ngig davon, welches Umreifungsband Sie f\u00fcr Ihre Verpackungen gew\u00e4hlt haben, erm\u00f6glicht Ihnen eine vollst\u00e4ndige Auswahl an Umreifungsger\u00e4ten und Zubeh\u00f6r, eine praktische, sichere und widerstandsf\u00e4hige Verpackung zu erstellen. Manuelle und pneumatische Umreifungsger\u00e4te k\u00f6nnen bei der Anwendung von Metall-Umreifungsb\u00e4ndern eingesetzt werden, die mit Metallverschl\u00fcssen oder durch Steckverschl\u00fcsse befestigt werden. <\/p>\n<\/div>\n\n\n\n<div class=\"wp-block-column is-layout-flow wp-block-column-is-layout-flow\">\n<figure class=\"wp-block-image size-large\"><img decoding=\"async\" width=\"819\" height=\"1024\" src=\"https:\/\/grupposerafin.it\/wp-content\/uploads\/2024\/07\/tendireggia-accessori-2-819x1024.jpg\" alt=\"\" class=\"wp-image-10539\" title=\"\" srcset=\"https:\/\/grupposerafin.it\/wp-content\/uploads\/2024\/07\/tendireggia-accessori-2-819x1024.jpg 819w, https:\/\/grupposerafin.it\/wp-content\/uploads\/2024\/07\/tendireggia-accessori-2-240x300.jpg 240w, https:\/\/grupposerafin.it\/wp-content\/uploads\/2024\/07\/tendireggia-accessori-2-768x960.jpg 768w, https:\/\/grupposerafin.it\/wp-content\/uploads\/2024\/07\/tendireggia-accessori-2.jpg 1080w\" sizes=\"(max-width: 819px) 100vw, 819px\" \/><\/figure>\n\n\n\n<p>F\u00fcr Kunststoff-Umreifungsb\u00e4nder k\u00f6nnen Sie zwischen manuellen Umreifungsger\u00e4ten, die leichte offene Verschl\u00fcsse verwenden, und Akku-Umreifungsger\u00e4ten w\u00e4hlen, die praktisch und schnell durch Vibrationsschwei\u00dfen verschlie\u00dfen. Unter dem Zubeh\u00f6r f\u00fcr das Umreifungssystem finden Sie alle Arten von Verschl\u00fcssen, praktische PVC-Kantenschutzwinkel zum Schutz der Kartons w\u00e4hrend des Transports und einfach und schnell zu bedienende Bandabrollwagen. <\/p>\n<\/div>\n<\/div>\n","protected":false},"excerpt":{"rendered":"<p>Alle Zubeh\u00f6rteile f\u00fcr eine effektive Nutzung der Umreifungsb\u00e4nder.<\/p>\n","protected":false},"author":3,"featured_media":10535,"parent":0,"template":"","product_cat":[271],"class_list":["post-8123","product","type-product","status-publish","has-post-thumbnail","hentry","product_cat-verpackungsbander"],"acf":[],"_links":{"self":[{"href":"https:\/\/grupposerafin.it\/de\/wp-json\/wp\/v2\/product\/8123","targetHints":{"allow":["GET"]}}],"collection":[{"href":"https:\/\/grupposerafin.it\/de\/wp-json\/wp\/v2\/product"}],"about":[{"href":"https:\/\/grupposerafin.it\/de\/wp-json\/wp\/v2\/types\/product"}],"author":[{"embeddable":true,"href":"https:\/\/grupposerafin.it\/de\/wp-json\/wp\/v2\/users\/3"}],"version-history":[{"count":3,"href":"https:\/\/grupposerafin.it\/de\/wp-json\/wp\/v2\/product\/8123\/revisions"}],"predecessor-version":[{"id":12827,"href":"https:\/\/grupposerafin.it\/de\/wp-json\/wp\/v2\/product\/8123\/revisions\/12827"}],"wp:featuredmedia":[{"embeddable":true,"href":"https:\/\/grupposerafin.it\/de\/wp-json\/wp\/v2\/media\/10535"}],"wp:attachment":[{"href":"https:\/\/grupposerafin.it\/de\/wp-json\/wp\/v2\/media?parent=8123"}],"wp:term":[{"taxonomy":"product_cat","embeddable":true,"href":"https:\/\/grupposerafin.it\/de\/wp-json\/wp\/v2\/product_cat?post=8123"}],"curies":[{"name":"wp","href":"https:\/\/api.w.org\/{rel}","templated":true}]}}