{"id":8125,"date":"2019-04-05T15:10:02","date_gmt":"2019-04-05T13:10:02","guid":{"rendered":"https:\/\/grupposerafin.it\/prodotti\/polypropylen-klebeband\/"},"modified":"2025-11-03T16:03:28","modified_gmt":"2025-11-03T15:03:28","slug":"polypropylen-klebeband","status":"publish","type":"product","link":"https:\/\/grupposerafin.it\/de\/sf-packaging-de\/klebeband\/polypropylen-klebeband\/","title":{"rendered":"Polypropylenband"},"content":{"rendered":"\n<div class=\"wp-block-columns is-layout-flex wp-container-core-columns-is-layout-28f84493 wp-block-columns-is-layout-flex\">\n<div class=\"wp-block-column is-layout-flow wp-block-column-is-layout-flow\">\n<figure class=\"wp-block-image size-large\"><img fetchpriority=\"high\" decoding=\"async\" width=\"819\" height=\"1024\" src=\"https:\/\/grupposerafin.it\/wp-content\/uploads\/2024\/07\/nastro-polipropilene-1-819x1024.jpg\" alt=\"\" class=\"wp-image-10576\" title=\"\" srcset=\"https:\/\/grupposerafin.it\/wp-content\/uploads\/2024\/07\/nastro-polipropilene-1-819x1024.jpg 819w, https:\/\/grupposerafin.it\/wp-content\/uploads\/2024\/07\/nastro-polipropilene-1-240x300.jpg 240w, https:\/\/grupposerafin.it\/wp-content\/uploads\/2024\/07\/nastro-polipropilene-1-768x960.jpg 768w, https:\/\/grupposerafin.it\/wp-content\/uploads\/2024\/07\/nastro-polipropilene-1.jpg 1080w\" sizes=\"(max-width: 819px) 100vw, 819px\" \/><\/figure>\n\n\n\n<p>Das Polypropylenband ist die ideale Befestigungsmethode f\u00fcr mittel- oder leichtgewichtige Verpackungen, es hat eine gute mechanische Festigkeit und, dank der Materialzusammensetzung, eine ausgezeichnete Best\u00e4ndigkeit gegen Feuchtigkeit und Temperaturschwankungen. Das Polypropylen-Klebeband mit L\u00f6sungsmittelklebstoff ist n\u00fctzlich f\u00fcr das Verschlie\u00dfen von schweren Packst\u00fccken, da es eine h\u00f6here Verklebung garantiert.  <\/p>\n<\/div>\n\n\n\n<div class=\"wp-block-column is-layout-flow wp-block-column-is-layout-flow\">\n<figure class=\"wp-block-gallery has-nested-images columns-default is-cropped wp-block-gallery-1 is-layout-flex wp-block-gallery-is-layout-flex\">\n<figure class=\"wp-block-image size-large\"><img decoding=\"async\" width=\"819\" height=\"1024\" data-id=\"10579\" src=\"https:\/\/grupposerafin.it\/wp-content\/uploads\/2024\/07\/nastro-polipropilene-2-819x1024.jpg\" alt=\"\" class=\"wp-image-10579\" title=\"\" srcset=\"https:\/\/grupposerafin.it\/wp-content\/uploads\/2024\/07\/nastro-polipropilene-2-819x1024.jpg 819w, https:\/\/grupposerafin.it\/wp-content\/uploads\/2024\/07\/nastro-polipropilene-2-240x300.jpg 240w, https:\/\/grupposerafin.it\/wp-content\/uploads\/2024\/07\/nastro-polipropilene-2-768x960.jpg 768w, https:\/\/grupposerafin.it\/wp-content\/uploads\/2024\/07\/nastro-polipropilene-2.jpg 1080w\" sizes=\"(max-width: 819px) 100vw, 819px\" \/><\/figure>\n<\/figure>\n\n\n\n<p>Das Polypropylen-Klebeband mit Hotmelt-Klebstoff ist dank der einfachen Abrollbarkeit ideal f\u00fcr den Einsatz mit automatischen Bandverschlie\u00dfmaschinen. Schlie\u00dflich hat das Polypropylen-Klebeband mit Acrylklebstoff eine weiche und leise Abwicklung, die f\u00fcr den manuellen Gebrauch geeignet ist, und eine ausgezeichnete Best\u00e4ndigkeit gegen Witterungseinfl\u00fcsse.  <\/p>\n<\/div>\n<\/div>\n\n<p><\/p>\n","protected":false},"excerpt":{"rendered":"<p>Polypropylenband, leicht und widerstandsf\u00e4hig.<\/p>\n","protected":false},"author":3,"featured_media":10565,"parent":0,"template":"","product_cat":[272],"class_list":["post-8125","product","type-product","status-publish","has-post-thumbnail","hentry","product_cat-klebeband"],"acf":[],"_links":{"self":[{"href":"https:\/\/grupposerafin.it\/de\/wp-json\/wp\/v2\/product\/8125","targetHints":{"allow":["GET"]}}],"collection":[{"href":"https:\/\/grupposerafin.it\/de\/wp-json\/wp\/v2\/product"}],"about":[{"href":"https:\/\/grupposerafin.it\/de\/wp-json\/wp\/v2\/types\/product"}],"author":[{"embeddable":true,"href":"https:\/\/grupposerafin.it\/de\/wp-json\/wp\/v2\/users\/3"}],"version-history":[{"count":3,"href":"https:\/\/grupposerafin.it\/de\/wp-json\/wp\/v2\/product\/8125\/revisions"}],"predecessor-version":[{"id":13515,"href":"https:\/\/grupposerafin.it\/de\/wp-json\/wp\/v2\/product\/8125\/revisions\/13515"}],"wp:featuredmedia":[{"embeddable":true,"href":"https:\/\/grupposerafin.it\/de\/wp-json\/wp\/v2\/media\/10565"}],"wp:attachment":[{"href":"https:\/\/grupposerafin.it\/de\/wp-json\/wp\/v2\/media?parent=8125"}],"wp:term":[{"taxonomy":"product_cat","embeddable":true,"href":"https:\/\/grupposerafin.it\/de\/wp-json\/wp\/v2\/product_cat?post=8125"}],"curies":[{"name":"wp","href":"https:\/\/api.w.org\/{rel}","templated":true}]}}