{"id":8133,"date":"2019-04-05T15:48:00","date_gmt":"2019-04-05T13:48:00","guid":{"rendered":"https:\/\/grupposerafin.it\/prodotti\/polyethylen-bogen\/"},"modified":"2025-11-03T16:04:25","modified_gmt":"2025-11-03T15:04:25","slug":"polyethylen-bogen","status":"publish","type":"product","link":"https:\/\/grupposerafin.it\/de\/sf-packaging-de\/polyethylen-verpackungen\/polyethylen-bogen\/","title":{"rendered":"Polyethylenfolien"},"content":{"rendered":"\n<div class=\"wp-block-columns is-layout-flex wp-container-core-columns-is-layout-28f84493 wp-block-columns-is-layout-flex\">\n<div class=\"wp-block-column is-layout-flow wp-block-column-is-layout-flow\">\n<figure class=\"wp-block-image size-large\"><img fetchpriority=\"high\" decoding=\"async\" width=\"819\" height=\"1024\" src=\"https:\/\/grupposerafin.it\/wp-content\/uploads\/2024\/07\/fogli-propilene-1-819x1024.jpg\" alt=\"\" class=\"wp-image-10744\" title=\"\" srcset=\"https:\/\/grupposerafin.it\/wp-content\/uploads\/2024\/07\/fogli-propilene-1-819x1024.jpg 819w, https:\/\/grupposerafin.it\/wp-content\/uploads\/2024\/07\/fogli-propilene-1-240x300.jpg 240w, https:\/\/grupposerafin.it\/wp-content\/uploads\/2024\/07\/fogli-propilene-1-768x960.jpg 768w, https:\/\/grupposerafin.it\/wp-content\/uploads\/2024\/07\/fogli-propilene-1.jpg 1080w\" sizes=\"(max-width: 819px) 100vw, 819px\" \/><\/figure>\n\n\n\n<p>Polyethylenfolien in Rollen sind die ideale L\u00f6sung, wenn die Vielfalt der zu verpackenden Produkte keine Standardisierung der Verpackungen zul\u00e4sst oder wenn eine vollst\u00e4ndige Flexibilit\u00e4t im Einsatz gew\u00fcnscht wird. Verf\u00fcgbar in Polyethylen hoher oder niedriger Dichte, kann das PE-Folienformat neutral, farbig oder mit individueller Bedruckung hergestellt werden. <\/p>\n<\/div>\n\n\n\n<div class=\"wp-block-column is-layout-flow wp-block-column-is-layout-flow\">\n<figure class=\"wp-block-image size-large\"><img decoding=\"async\" width=\"819\" height=\"1024\" src=\"https:\/\/grupposerafin.it\/wp-content\/uploads\/2024\/07\/fogli-propilene-2-819x1024.jpg\" alt=\"\" class=\"wp-image-10747\" title=\"\" srcset=\"https:\/\/grupposerafin.it\/wp-content\/uploads\/2024\/07\/fogli-propilene-2-819x1024.jpg 819w, https:\/\/grupposerafin.it\/wp-content\/uploads\/2024\/07\/fogli-propilene-2-240x300.jpg 240w, https:\/\/grupposerafin.it\/wp-content\/uploads\/2024\/07\/fogli-propilene-2-768x960.jpg 768w, https:\/\/grupposerafin.it\/wp-content\/uploads\/2024\/07\/fogli-propilene-2.jpg 1080w\" sizes=\"(max-width: 819px) 100vw, 819px\" \/><\/figure>\n\n\n\n<p>Verf\u00fcgbar einzeln verpackt oder in Rollen mit Abrei\u00dfperforation, sind Polyethylenfolien der bequemste und praktischste Schutz f\u00fcr alle Ihre Produkte, auch f\u00fcr mittelgro\u00dfe und gro\u00dfe Abmessungen (verwendbar beispielsweise als Palettenabdeckung).<\/p>\n<\/div>\n<\/div>\n","protected":false},"excerpt":{"rendered":"<p>Das Format ist an jede Verpackung anpassbar.<\/p>\n","protected":false},"author":3,"featured_media":10743,"parent":0,"template":"","product_cat":[274],"class_list":["post-8133","product","type-product","status-publish","has-post-thumbnail","hentry","product_cat-polyethylen-verpackungen"],"acf":[],"_links":{"self":[{"href":"https:\/\/grupposerafin.it\/de\/wp-json\/wp\/v2\/product\/8133","targetHints":{"allow":["GET"]}}],"collection":[{"href":"https:\/\/grupposerafin.it\/de\/wp-json\/wp\/v2\/product"}],"about":[{"href":"https:\/\/grupposerafin.it\/de\/wp-json\/wp\/v2\/types\/product"}],"author":[{"embeddable":true,"href":"https:\/\/grupposerafin.it\/de\/wp-json\/wp\/v2\/users\/3"}],"version-history":[{"count":3,"href":"https:\/\/grupposerafin.it\/de\/wp-json\/wp\/v2\/product\/8133\/revisions"}],"predecessor-version":[{"id":13541,"href":"https:\/\/grupposerafin.it\/de\/wp-json\/wp\/v2\/product\/8133\/revisions\/13541"}],"wp:featuredmedia":[{"embeddable":true,"href":"https:\/\/grupposerafin.it\/de\/wp-json\/wp\/v2\/media\/10743"}],"wp:attachment":[{"href":"https:\/\/grupposerafin.it\/de\/wp-json\/wp\/v2\/media?parent=8133"}],"wp:term":[{"taxonomy":"product_cat","embeddable":true,"href":"https:\/\/grupposerafin.it\/de\/wp-json\/wp\/v2\/product_cat?post=8133"}],"curies":[{"name":"wp","href":"https:\/\/api.w.org\/{rel}","templated":true}]}}