{"id":8135,"date":"2019-04-05T15:57:16","date_gmt":"2019-04-05T13:57:16","guid":{"rendered":"https:\/\/grupposerafin.it\/prodotti\/polyethylen-beutel\/"},"modified":"2025-11-03T16:04:25","modified_gmt":"2025-11-03T15:04:25","slug":"polyethylen-beutel","status":"publish","type":"product","link":"https:\/\/grupposerafin.it\/de\/sf-packaging-de\/polyethylen-verpackungen\/polyethylen-beutel\/","title":{"rendered":"Polyethylens\u00e4cke"},"content":{"rendered":"\n<div class=\"wp-block-columns is-layout-flex wp-container-core-columns-is-layout-28f84493 wp-block-columns-is-layout-flex\">\n<div class=\"wp-block-column is-layout-flow wp-block-column-is-layout-flow\">\n<figure class=\"wp-block-image size-large\"><img fetchpriority=\"high\" decoding=\"async\" width=\"819\" height=\"1024\" src=\"https:\/\/grupposerafin.it\/wp-content\/uploads\/2024\/07\/sacchi-polipropilene-1-819x1024.jpg\" alt=\"\" class=\"wp-image-10750\" title=\"\" srcset=\"https:\/\/grupposerafin.it\/wp-content\/uploads\/2024\/07\/sacchi-polipropilene-1-819x1024.jpg 819w, https:\/\/grupposerafin.it\/wp-content\/uploads\/2024\/07\/sacchi-polipropilene-1-240x300.jpg 240w, https:\/\/grupposerafin.it\/wp-content\/uploads\/2024\/07\/sacchi-polipropilene-1-768x960.jpg 768w, https:\/\/grupposerafin.it\/wp-content\/uploads\/2024\/07\/sacchi-polipropilene-1.jpg 1080w\" sizes=\"(max-width: 819px) 100vw, 819px\" \/><\/figure>\n\n\n\n<p>Gr\u00f6\u00dfe, Dichte, Farbe und Verschlussart \u2013 die Palette der Polyethylens\u00e4cke wird<br\/> all Ihre Verpackungsbed\u00fcrfnisse erf\u00fcllen. Vom kleinen Beutel f\u00fcr Komponenten und Kabel bis zum gro\u00dfen Beh\u00e4ltersack bietet Ihnen die Flexibilit\u00e4t und Widerstandsf\u00e4higkeit des Polyethylens die richtige Haftung und den korrekten Einschluss f\u00fcr jede Art von Produkt. <\/p>\n<\/div>\n\n\n\n<div class=\"wp-block-column is-layout-flow wp-block-column-is-layout-flow\">\n<figure class=\"wp-block-image size-large\"><img decoding=\"async\" width=\"819\" height=\"1024\" src=\"https:\/\/grupposerafin.it\/wp-content\/uploads\/2024\/07\/sacchi-polipropilene-2-819x1024.jpg\" alt=\"\" class=\"wp-image-10753\" title=\"\" srcset=\"https:\/\/grupposerafin.it\/wp-content\/uploads\/2024\/07\/sacchi-polipropilene-2-819x1024.jpg 819w, https:\/\/grupposerafin.it\/wp-content\/uploads\/2024\/07\/sacchi-polipropilene-2-240x300.jpg 240w, https:\/\/grupposerafin.it\/wp-content\/uploads\/2024\/07\/sacchi-polipropilene-2-768x960.jpg 768w, https:\/\/grupposerafin.it\/wp-content\/uploads\/2024\/07\/sacchi-polipropilene-2.jpg 1080w\" sizes=\"(max-width: 819px) 100vw, 819px\" \/><\/figure>\n\n\n\n<p>Auch f\u00fcr den Lebensmittelbereich geeignet, sch\u00fctzen die Polyethylenbeutel vor Feuchtigkeit, Staub und Schmutz und k\u00f6nnen mit normaler oder Seitenfalten\u00f6ffnung hergestellt werden. Verpackungsbeutel aus HDPE oder LDPE sind auch als vorgeschnittene Abrei\u00dfbeutel auf Rolle erh\u00e4ltlich und sind in Farbe und Druck anpassbar. <\/p>\n<\/div>\n<\/div>\n","protected":false},"excerpt":{"rendered":"<p>Praktikabilit\u00e4t und Pr\u00e4zision beim Verpacken mit Polyethylens\u00e4cken.<\/p>\n","protected":false},"author":3,"featured_media":10758,"parent":0,"template":"","product_cat":[274],"class_list":["post-8135","product","type-product","status-publish","has-post-thumbnail","hentry","product_cat-polyethylen-verpackungen"],"acf":[],"_links":{"self":[{"href":"https:\/\/grupposerafin.it\/de\/wp-json\/wp\/v2\/product\/8135","targetHints":{"allow":["GET"]}}],"collection":[{"href":"https:\/\/grupposerafin.it\/de\/wp-json\/wp\/v2\/product"}],"about":[{"href":"https:\/\/grupposerafin.it\/de\/wp-json\/wp\/v2\/types\/product"}],"author":[{"embeddable":true,"href":"https:\/\/grupposerafin.it\/de\/wp-json\/wp\/v2\/users\/3"}],"version-history":[{"count":3,"href":"https:\/\/grupposerafin.it\/de\/wp-json\/wp\/v2\/product\/8135\/revisions"}],"predecessor-version":[{"id":13548,"href":"https:\/\/grupposerafin.it\/de\/wp-json\/wp\/v2\/product\/8135\/revisions\/13548"}],"wp:featuredmedia":[{"embeddable":true,"href":"https:\/\/grupposerafin.it\/de\/wp-json\/wp\/v2\/media\/10758"}],"wp:attachment":[{"href":"https:\/\/grupposerafin.it\/de\/wp-json\/wp\/v2\/media?parent=8135"}],"wp:term":[{"taxonomy":"product_cat","embeddable":true,"href":"https:\/\/grupposerafin.it\/de\/wp-json\/wp\/v2\/product_cat?post=8135"}],"curies":[{"name":"wp","href":"https:\/\/api.w.org\/{rel}","templated":true}]}}